{"id":33861,"date":"2024-05-17T13:30:20","date_gmt":"2024-05-17T11:30:20","guid":{"rendered":"https:\/\/www.fleurop-home.ch\/de-ch\/p\/goldmarie-bidens-ferulifolia"},"modified":"2026-04-21T09:41:01","modified_gmt":"2026-04-21T07:41:01","slug":"-5","status":"publish","type":"product","link":"https:\/\/www.fleurop-home.ch\/fr-ch\/p\/goldmarie-bidens-ferulifolia","title":{"rendered":"Marie dor\u00e9e - Bidens ferulifolia"},"content":{"rendered":"<p>Le marguerite dor\u00e9 Eldoro Yellow Early est une plante saisonni\u00e8re polyvalente dont les fleurs jaunes embellissent les balcons, terrasses et jardins de mai \u00e0 octobre. Sa forme de croissance en tapis et en surplomb est particuli\u00e8rement adapt\u00e9e aux jardini\u00e8res, aux suspensions et aux parterres de fleurs. Cette vari\u00e9t\u00e9 qui aime le soleil pr\u00e9f\u00e8re un emplacement clair et se d\u00e9veloppe le mieux dans un sol bien drain\u00e9. Avec une hauteur de croissance d'environ 20 cm et un besoin moyen en eau, la marie dor\u00e9e est facile \u00e0 entretenir. Elle contribue \u00e0 la biodiversit\u00e9, car ses fleurs sont visit\u00e9es par les insectes. Sa production est ax\u00e9e sur la qualit\u00e9 suisse la plus \u00e9lev\u00e9e et sur la splendeur florale r\u00e9gionale issue de la force primaire.<\/p>\n<p>Hauteur : 20 cm<br \/>\nTaille du pot : pot de 12<br \/>\nR\u00e9sistance au froid : pas de r\u00e9sistance au froid<br \/>\nLumi\u00e8re : ensoleill\u00e9e<br \/>\nP\u00e9riode de floraison : de mai \u00e0 octobre<br \/>\nSol : perm\u00e9able<\/p>","protected":false},"excerpt":{"rendered":"<p>Goldmarie Eldoro Yellow Early - fleur d'\u00e9t\u00e9 jaune, appr\u00e9ci\u00e9e des insectes<\/p>","protected":false},"featured_media":33860,"template":"","meta":[],"product_brand":[],"product_cat":[109,34,41],"product_tag":[299],"woo-feed-brand":[],"class_list":{"0":"post-33861","1":"product","2":"type-product","3":"status-publish","4":"has-post-thumbnail","6":"product_cat-saisonale-pflanzen","7":"product_cat-garten-balkon","8":"product_cat-outdoorpflanzen","9":"product_tag-santispracht","11":"first","12":"instock","13":"taxable","14":"shipping-taxable","15":"purchasable","16":"product-type-simple"},"_links":{"self":[{"href":"https:\/\/www.fleurop-home.ch\/fr-ch\/wp-json\/wp\/v2\/product\/33861","targetHints":{"allow":["GET"]}}],"collection":[{"href":"https:\/\/www.fleurop-home.ch\/fr-ch\/wp-json\/wp\/v2\/product"}],"about":[{"href":"https:\/\/www.fleurop-home.ch\/fr-ch\/wp-json\/wp\/v2\/types\/product"}],"wp:featuredmedia":[{"embeddable":true,"href":"https:\/\/www.fleurop-home.ch\/fr-ch\/wp-json\/wp\/v2\/media\/33860"}],"wp:attachment":[{"href":"https:\/\/www.fleurop-home.ch\/fr-ch\/wp-json\/wp\/v2\/media?parent=33861"}],"wp:term":[{"taxonomy":"product_brand","embeddable":true,"href":"https:\/\/www.fleurop-home.ch\/fr-ch\/wp-json\/wp\/v2\/product_brand?post=33861"},{"taxonomy":"product_cat","embeddable":true,"href":"https:\/\/www.fleurop-home.ch\/fr-ch\/wp-json\/wp\/v2\/product_cat?post=33861"},{"taxonomy":"product_tag","embeddable":true,"href":"https:\/\/www.fleurop-home.ch\/fr-ch\/wp-json\/wp\/v2\/product_tag?post=33861"},{"taxonomy":"woo-feed-brand","embeddable":true,"href":"https:\/\/www.fleurop-home.ch\/fr-ch\/wp-json\/wp\/v2\/woo-feed-brand?post=33861"}],"curies":[{"name":"wp","href":"https:\/\/api.w.org\/{rel}","templated":true}]}}