{"id":33217,"date":"2024-04-24T11:53:00","date_gmt":"2024-04-24T09:53:00","guid":{"rendered":"https:\/\/www.fleurop-home.ch\/de-ch\/?post_type=product&#038;p=33217"},"modified":"2025-10-27T09:24:54","modified_gmt":"2025-10-27T08:24:54","slug":"3-pack-wall-planters-planteur-gris-couverture-textile-grise","status":"publish","type":"product","link":"https:\/\/www.fleurop-home.ch\/fr-ch\/p\/3-pack-wall-planters-gray-planter-gray-textile-cover","title":{"rendered":"3 Pack Wall Planters ; planteur gris ; couverture textile grise"},"content":{"rendered":"<p style=\"text-align: left\">Paquet de 3 pots muraux avec couvercle hexagonal. Cr\u00e9e un jardin vertical unique avec une g\u00e9om\u00e9trie en nid d'abeille. Pots gris mat. Couvercle gris. Ne salit ni le mur ni le sol. Mat\u00e9riel de fixation inclus.<\/p>\n<p>Fabriqu\u00e9 en Espagne \u00e0 partir de 100% de polypropyl\u00e8ne recycl\u00e9 et recyclable. Assembl\u00e9 en Espagne par des personnes ayant une diversit\u00e9 fonctionnelle. En choisissant ce produit, tu nous aides \u00e0 promouvoir leur inclusion sociale.<\/p>\n<p style=\"text-align: left\">- Jardini\u00e8re murale recouverte de feutre hexagonal. Pots int\u00e9rieurs disponibles en trois couleurs : blanc, noir et gris.<br \/>\n- Pots suspendus, adapt\u00e9s aux plantes suspendues \u00e0 l'int\u00e9rieur et \u00e0 l'ext\u00e9rieur.<br \/>\n- Chevilles et vis pour le montage mural incluses.<br \/>\n- La planteuse murale est compos\u00e9e \u00e0 100 % de polypropyl\u00e8ne recycl\u00e9 et recyclable.<br \/>\n- Impact social : Le produit a \u00e9t\u00e9 con\u00e7u en Espagne, il est fabriqu\u00e9 et assembl\u00e9 en Espagne par une \u00e9quipe de personnes ayant une diversit\u00e9 fonctionnelle. En choisissant ce produit, tu nous aides \u00e0 promouvoir leur int\u00e9gration sociale.<br \/>\n- Dimensions du produit (LxlxH) : 30x10x35<\/p>","protected":false},"excerpt":{"rendered":"<p>Paquet de 3 pots muraux avec couvercle hexagonal.<br \/>\nDimensions du produit (LxlxH) : 30x10x35<\/p>","protected":false},"featured_media":33216,"template":"","meta":[],"product_brand":[],"product_cat":[40,23,1200,1089,1088,897,862,27,34],"product_tag":[906],"woo-feed-brand":[],"class_list":{"0":"post-33217","1":"product","2":"type-product","3":"status-publish","4":"has-post-thumbnail","6":"product_cat-uebertoepfe","7":"product_cat-home-living","8":"product_cat-gefaesse","9":"product_cat-hobbygaertner","10":"product_cat-vatertag","11":"product_cat-wandtoepfe","12":"product_cat-innenbegruenung","13":"product_cat-vasen-gefaesse","14":"product_cat-garten-balkon","15":"product_tag-surs-ag","17":"first","18":"instock","19":"taxable","20":"shipping-taxable","21":"purchasable","22":"product-type-simple"},"_links":{"self":[{"href":"https:\/\/www.fleurop-home.ch\/fr-ch\/wp-json\/wp\/v2\/product\/33217","targetHints":{"allow":["GET"]}}],"collection":[{"href":"https:\/\/www.fleurop-home.ch\/fr-ch\/wp-json\/wp\/v2\/product"}],"about":[{"href":"https:\/\/www.fleurop-home.ch\/fr-ch\/wp-json\/wp\/v2\/types\/product"}],"wp:featuredmedia":[{"embeddable":true,"href":"https:\/\/www.fleurop-home.ch\/fr-ch\/wp-json\/wp\/v2\/media\/33216"}],"wp:attachment":[{"href":"https:\/\/www.fleurop-home.ch\/fr-ch\/wp-json\/wp\/v2\/media?parent=33217"}],"wp:term":[{"taxonomy":"product_brand","embeddable":true,"href":"https:\/\/www.fleurop-home.ch\/fr-ch\/wp-json\/wp\/v2\/product_brand?post=33217"},{"taxonomy":"product_cat","embeddable":true,"href":"https:\/\/www.fleurop-home.ch\/fr-ch\/wp-json\/wp\/v2\/product_cat?post=33217"},{"taxonomy":"product_tag","embeddable":true,"href":"https:\/\/www.fleurop-home.ch\/fr-ch\/wp-json\/wp\/v2\/product_tag?post=33217"},{"taxonomy":"woo-feed-brand","embeddable":true,"href":"https:\/\/www.fleurop-home.ch\/fr-ch\/wp-json\/wp\/v2\/woo-feed-brand?post=33217"}],"curies":[{"name":"wp","href":"https:\/\/api.w.org\/{rel}","templated":true}]}}