{"id":33215,"date":"2024-04-24T11:52:59","date_gmt":"2024-04-24T09:52:59","guid":{"rendered":"https:\/\/www.fleurop-home.ch\/de-ch\/?post_type=product&#038;p=33215"},"modified":"2025-10-27T09:24:54","modified_gmt":"2025-10-27T08:24:54","slug":"pack-de-3-bacs-a-plantes-muraux-2","status":"publish","type":"product","link":"https:\/\/www.fleurop-home.ch\/fr-ch\/p\/3er-pack-wand-pflanzengefaess-2","title":{"rendered":"Pack de 3 pots de plantes muraux"},"content":{"rendered":"<p style=\"text-align: left\">Paquet de 3 pots muraux pour l'int\u00e9rieur et l'ext\u00e9rieur. Couleur gris mat. Cr\u00e9e un jardin vertical unique dans chaque coin. Ne salit ni le mur ni le sol. Mat\u00e9riel de fixation inclus.<\/p>\n<p>Fabriqu\u00e9 en Espagne \u00e0 partir de 100% de polypropyl\u00e8ne recycl\u00e9 et recyclable. Assembl\u00e9 en Espagne par des personnes ayant une diversit\u00e9 fonctionnelle. En choisissant ce produit, tu nous aides \u00e0 promouvoir leur inclusion sociale.<\/p>\n<p style=\"text-align: left\">En 3 variantes de couleurs :<br \/>\n- Blanc<br \/>\n- Noir<br \/>\n- Gris<\/p>\n<p style=\"text-align: left\">- Jardini\u00e8re murale : cr\u00e9e des jardins verticaux uniques dans chaque coin de ta maison. Disponible en trois couleurs : Blanc, noir et gris. Rev\u00eatement textile hexagonal en option.<br \/>\n- Pots suspendus, adapt\u00e9s aux plantes suspendues \u00e0 l'int\u00e9rieur et \u00e0 l'ext\u00e9rieur.<br \/>\n- Chevilles et vis pour le montage mural incluses.<br \/>\n- La planteuse murale est compos\u00e9e \u00e0 100 % de polypropyl\u00e8ne recycl\u00e9 et recyclable.<br \/>\n- Impact social : Le produit a \u00e9t\u00e9 con\u00e7u en Espagne, il est fabriqu\u00e9 et assembl\u00e9 en Espagne par une \u00e9quipe de personnes ayant une diversit\u00e9 fonctionnelle. En choisissant ce produit, tu nous aides \u00e0 promouvoir leur int\u00e9gration sociale.<br \/>\n- Dimensions du produit (LxlxH) : 20x9x29<\/p>","protected":false},"excerpt":{"rendered":"<p>Paquet de 3 pots muraux pour l'int\u00e9rieur et l'ext\u00e9rieur.<br \/>\nCouleur gris mat.<br \/>\nDimensions du produit (LxlxH) : 20x9x29<\/p>","protected":false},"featured_media":33214,"template":"","meta":[],"product_brand":[],"product_cat":[40,23,1200,897,862,27,34],"product_tag":[906],"woo-feed-brand":[],"class_list":{"0":"post-33215","1":"product","2":"type-product","3":"status-publish","4":"has-post-thumbnail","6":"product_cat-uebertoepfe","7":"product_cat-home-living","8":"product_cat-gefaesse","9":"product_cat-wandtoepfe","10":"product_cat-innenbegruenung","11":"product_cat-vasen-gefaesse","12":"product_cat-garten-balkon","13":"product_tag-surs-ag","15":"first","16":"instock","17":"taxable","18":"shipping-taxable","19":"purchasable","20":"product-type-simple"},"_links":{"self":[{"href":"https:\/\/www.fleurop-home.ch\/fr-ch\/wp-json\/wp\/v2\/product\/33215","targetHints":{"allow":["GET"]}}],"collection":[{"href":"https:\/\/www.fleurop-home.ch\/fr-ch\/wp-json\/wp\/v2\/product"}],"about":[{"href":"https:\/\/www.fleurop-home.ch\/fr-ch\/wp-json\/wp\/v2\/types\/product"}],"wp:featuredmedia":[{"embeddable":true,"href":"https:\/\/www.fleurop-home.ch\/fr-ch\/wp-json\/wp\/v2\/media\/33214"}],"wp:attachment":[{"href":"https:\/\/www.fleurop-home.ch\/fr-ch\/wp-json\/wp\/v2\/media?parent=33215"}],"wp:term":[{"taxonomy":"product_brand","embeddable":true,"href":"https:\/\/www.fleurop-home.ch\/fr-ch\/wp-json\/wp\/v2\/product_brand?post=33215"},{"taxonomy":"product_cat","embeddable":true,"href":"https:\/\/www.fleurop-home.ch\/fr-ch\/wp-json\/wp\/v2\/product_cat?post=33215"},{"taxonomy":"product_tag","embeddable":true,"href":"https:\/\/www.fleurop-home.ch\/fr-ch\/wp-json\/wp\/v2\/product_tag?post=33215"},{"taxonomy":"woo-feed-brand","embeddable":true,"href":"https:\/\/www.fleurop-home.ch\/fr-ch\/wp-json\/wp\/v2\/woo-feed-brand?post=33215"}],"curies":[{"name":"wp","href":"https:\/\/api.w.org\/{rel}","templated":true}]}}