{"id":33205,"date":"2024-04-24T11:52:54","date_gmt":"2024-04-24T09:52:54","guid":{"rendered":"https:\/\/www.fleurop-home.ch\/de-ch\/?post_type=product&#038;p=33205"},"modified":"2025-10-27T09:24:53","modified_gmt":"2025-10-27T08:24:53","slug":"pack-de-3-bacs-a-plantes-muraux-auto-alimentes-avec-housse-textile-2-3","status":"publish","type":"product","link":"https:\/\/www.fleurop-home.ch\/fr-ch\/p\/3er-pack-selbstbewaessernder-wand-pflanzengefaess-mit-textilbezug-3","title":{"rendered":"Pack de 3 bacs \u00e0 plantes muraux auto-irrigants recouverts de textile"},"content":{"rendered":"<p style=\"text-align: left\">Pack de 3 pots muraux gris avec rev\u00eatement textile gris et syst\u00e8me d'auto-irrigation par capillarit\u00e9. Cr\u00e9e un jardin vertical unique avec une g\u00e9om\u00e9trie en nid d'abeille. Pots blanc mat. Couverture grise. Ne salit ni le mur ni le sol. Comprend : Pots int\u00e9rieurs, pots ext\u00e9rieurs, indicateurs de niveau d'eau, cordons d'irrigation capillaires et pi\u00e8ces de fixation.<\/p>\n<p>Fabriqu\u00e9 en Espagne \u00e0 partir de 100% de polypropyl\u00e8ne recycl\u00e9 et recyclable. Assembl\u00e9 en Espagne par des personnes ayant une diversit\u00e9 fonctionnelle. En choisissant ce produit, tu nous aides \u00e0 promouvoir leur inclusion sociale.<\/p>\n<p style=\"text-align: left\">\n<p style=\"text-align: left\">En 3 variantes de couleurs :<br \/>\n- Blanc<br \/>\n- Noir<br \/>\n- Gris<\/p>\n<p style=\"text-align: left\">- Jardini\u00e8re murale avec auto-arrosage par capillarit\u00e9 et couvercle hexagonal en feutre. Pots int\u00e9rieurs disponibles en trois couleurs : blanc, noir et gris.<br \/>\n- Pots suspendus, adapt\u00e9s aux plantes suspendues \u00e0 l'int\u00e9rieur et \u00e0 l'ext\u00e9rieur.<br \/>\n- La planteuse murale avec arrosage se compose de deux parties : le pot ext\u00e9rieur qui sert de r\u00e9servoir d'eau et le pot int\u00e9rieur pour placer la plante. Chevilles et vis pour le montage mural incluses.<br \/>\n- Les pots muraux CitySens ont une autonomie d'arrosage de 10 \u00e0 20 jours. Gr\u00e2ce \u00e0 l'effet capillaire, l'eau n\u00e9cessaire est apport\u00e9e par une ficelle pour maintenir le sol humide. C'est la solution id\u00e9ale pour les murs avec des plantes.<br \/>\n- La planteuse murale est compos\u00e9e \u00e0 100 % de polypropyl\u00e8ne recycl\u00e9 et recyclable.<br \/>\n- Impact social : Le produit a \u00e9t\u00e9 con\u00e7u en Espagne, il est fabriqu\u00e9 et assembl\u00e9 en Espagne par une \u00e9quipe de personnes ayant une diversit\u00e9 fonctionnelle. En choisissant ce produit, tu nous aides \u00e0 promouvoir leur int\u00e9gration sociale.<br \/>\n- Dimensions du produit (LxlxH) : 30x10x35<\/p>","protected":false},"excerpt":{"rendered":"<p>Pack de 3 pots muraux gris avec rev\u00eatement textile gris et syst\u00e8me d'auto-irrigation par capillarit\u00e9.<br \/>\nDimensions du produit (LxlxH) : 30x10x35<\/p>","protected":false},"featured_media":33204,"template":"","meta":[],"product_brand":[],"product_cat":[521,23,1200,897,862,27,34,40],"product_tag":[906],"woo-feed-brand":[],"class_list":{"0":"post-33205","1":"product","2":"type-product","3":"status-publish","4":"has-post-thumbnail","6":"product_cat-bewaesserung","7":"product_cat-home-living","8":"product_cat-gefaesse","9":"product_cat-wandtoepfe","10":"product_cat-innenbegruenung","11":"product_cat-vasen-gefaesse","12":"product_cat-garten-balkon","13":"product_cat-uebertoepfe","14":"product_tag-surs-ag","16":"first","17":"instock","18":"taxable","19":"shipping-taxable","20":"purchasable","21":"product-type-simple"},"_links":{"self":[{"href":"https:\/\/www.fleurop-home.ch\/fr-ch\/wp-json\/wp\/v2\/product\/33205","targetHints":{"allow":["GET"]}}],"collection":[{"href":"https:\/\/www.fleurop-home.ch\/fr-ch\/wp-json\/wp\/v2\/product"}],"about":[{"href":"https:\/\/www.fleurop-home.ch\/fr-ch\/wp-json\/wp\/v2\/types\/product"}],"wp:featuredmedia":[{"embeddable":true,"href":"https:\/\/www.fleurop-home.ch\/fr-ch\/wp-json\/wp\/v2\/media\/33204"}],"wp:attachment":[{"href":"https:\/\/www.fleurop-home.ch\/fr-ch\/wp-json\/wp\/v2\/media?parent=33205"}],"wp:term":[{"taxonomy":"product_brand","embeddable":true,"href":"https:\/\/www.fleurop-home.ch\/fr-ch\/wp-json\/wp\/v2\/product_brand?post=33205"},{"taxonomy":"product_cat","embeddable":true,"href":"https:\/\/www.fleurop-home.ch\/fr-ch\/wp-json\/wp\/v2\/product_cat?post=33205"},{"taxonomy":"product_tag","embeddable":true,"href":"https:\/\/www.fleurop-home.ch\/fr-ch\/wp-json\/wp\/v2\/product_tag?post=33205"},{"taxonomy":"woo-feed-brand","embeddable":true,"href":"https:\/\/www.fleurop-home.ch\/fr-ch\/wp-json\/wp\/v2\/woo-feed-brand?post=33205"}],"curies":[{"name":"wp","href":"https:\/\/api.w.org\/{rel}","templated":true}]}}