{"id":33142,"date":"2024-04-24T11:52:05","date_gmt":"2024-04-24T09:52:05","guid":{"rendered":"https:\/\/www.fleurop-home.ch\/de-ch\/?post_type=product&#038;p=33142"},"modified":"2025-10-27T09:24:49","modified_gmt":"2025-10-27T08:24:49","slug":"bacs-a-plantes-verticaux-modulaires-auto-remplissants-smart-timer-3-casseroles-noir-4","status":"publish","type":"product","link":"https:\/\/www.fleurop-home.ch\/fr-ch\/p\/selbstbewaessernde-modulare-vertikale-pflanzengefaesse-smart-timer-4-toepfe-schwarz-2","title":{"rendered":"Pots de plantes verticaux modulaires auto-irrigu\u00e9s SMART timer, 4 pots noirs"},"content":{"rendered":"<p style=\"text-align: left;\">Jardini\u00e8re verticale intelligente avec auto-arrosage de couleur \u00e9corce de pin et couvercle en teck. Modulaire et adaptable. G\u00e8re l'arrosage de tes plantes avec Alexa et Google Assist. Mod\u00e8le avec 3 pots. Hauteur 115 cm. Diam\u00e8tre des pots 13 cm. Inclut des nutriments de premi\u00e8re qualit\u00e9. Avec syst\u00e8me d'arrosage automatique en circuit ferm\u00e9 avec 30 jours d'autonomie.<\/p>\n<p>Fabriqu\u00e9 en Espagne \u00e0 partir de polypropyl\u00e8ne recycl\u00e9 100%.  Assembl\u00e9 par des personnes aux capacit\u00e9s diff\u00e9rentes. En choisissant ce produit, tu nous aides \u00e0 promouvoir leur inclusion sociale.<\/p>\n<p style=\"text-align: left;\">- Plante verticale design intelligente auto-arrosante. Disponible en deux tailles : 3 ou 4 pots ; et quatre couleurs : gris, \u00e9corce de pin, noir ou blanc.<br \/>\n- Alexa : arrose les plantes. G\u00e8re l'arrosage de tes plantes avec Alexa et Google Assistant.<br \/>\n- Comprend un kit d'auto-irrigation avec une pompe \u00e0 eau, un programmateur d'irrigation WiFi et des nutriments pour plantes pendant 2 ans.<br \/>\n- Le bac \u00e0 plantes vertical auto-arros\u00e9 de CitySens est une solution id\u00e9ale pour garder les plantes en vie pendant les vacances.<br \/>\n- Le CitySens Indoor Vertical Garden a une autonomie d'arrosage de plus de 30 jours gr\u00e2ce au circuit de recirculation interne. Tous les 30 jours, le r\u00e9servoir de 7 litres doit \u00eatre rempli d'eau et de nutriments.<br \/>\n- Son design en tant que plante d'int\u00e9rieur d\u00e9corative a \u00e9t\u00e9 r\u00e9compens\u00e9 par des prix internationaux : IF Award, Prix europ\u00e9en du design, Prix allemand du design.<br \/>\n- L'\u00e9quipe technique de CitySens offre un service client imm\u00e9diat et personnalis\u00e9 par t\u00e9l\u00e9phone ou par e-mail.<br \/>\n- Impact social : Le produit a \u00e9t\u00e9 con\u00e7u en Espagne, et il est fabriqu\u00e9 et assembl\u00e9 en Espagne par une \u00e9quipe de personnes handicap\u00e9es. En choisissant ce produit, tu nous aides \u00e0 promouvoir leur inclusion sociale.<br \/>\n- Dimensions du produit (LxlxH) : 29x29x148<\/p>","protected":false},"excerpt":{"rendered":"<p>Jardini\u00e8re verticale intelligente avec auto-arrosage de couleur noire et couvercle en teck. Modulaire et adaptable. G\u00e8re l'arrosage de tes plantes avec Alexa et Google Assist. Mod\u00e8le avec 4 pots.<br \/>\nDimensions du produit (LxlxH) : 29x29x148<\/p>","protected":false},"featured_media":33141,"template":"","meta":[],"product_brand":[],"product_cat":[521,23,1200,27],"product_tag":[906],"woo-feed-brand":[],"class_list":{"0":"post-33142","1":"product","2":"type-product","3":"status-publish","4":"has-post-thumbnail","6":"product_cat-bewaesserung","7":"product_cat-home-living","8":"product_cat-gefaesse","9":"product_cat-vasen-gefaesse","10":"product_tag-surs-ag","12":"first","13":"instock","14":"taxable","15":"shipping-taxable","16":"purchasable","17":"product-type-simple"},"_links":{"self":[{"href":"https:\/\/www.fleurop-home.ch\/fr-ch\/wp-json\/wp\/v2\/product\/33142","targetHints":{"allow":["GET"]}}],"collection":[{"href":"https:\/\/www.fleurop-home.ch\/fr-ch\/wp-json\/wp\/v2\/product"}],"about":[{"href":"https:\/\/www.fleurop-home.ch\/fr-ch\/wp-json\/wp\/v2\/types\/product"}],"wp:featuredmedia":[{"embeddable":true,"href":"https:\/\/www.fleurop-home.ch\/fr-ch\/wp-json\/wp\/v2\/media\/33141"}],"wp:attachment":[{"href":"https:\/\/www.fleurop-home.ch\/fr-ch\/wp-json\/wp\/v2\/media?parent=33142"}],"wp:term":[{"taxonomy":"product_brand","embeddable":true,"href":"https:\/\/www.fleurop-home.ch\/fr-ch\/wp-json\/wp\/v2\/product_brand?post=33142"},{"taxonomy":"product_cat","embeddable":true,"href":"https:\/\/www.fleurop-home.ch\/fr-ch\/wp-json\/wp\/v2\/product_cat?post=33142"},{"taxonomy":"product_tag","embeddable":true,"href":"https:\/\/www.fleurop-home.ch\/fr-ch\/wp-json\/wp\/v2\/product_tag?post=33142"},{"taxonomy":"woo-feed-brand","embeddable":true,"href":"https:\/\/www.fleurop-home.ch\/fr-ch\/wp-json\/wp\/v2\/woo-feed-brand?post=33142"}],"curies":[{"name":"wp","href":"https:\/\/api.w.org\/{rel}","templated":true}]}}