{"id":33108,"date":"2024-04-24T11:51:45","date_gmt":"2024-04-24T09:51:45","guid":{"rendered":"https:\/\/www.fleurop-home.ch\/de-ch\/?post_type=product&#038;p=33108"},"modified":"2025-10-27T09:22:58","modified_gmt":"2025-10-27T08:22:58","slug":"bac-a-plantes-modulaire-vertical-3-bacs-blanc-2","status":"publish","type":"product","link":"https:\/\/www.fleurop-home.ch\/fr-ch\/p\/modularer-vertikaler-pflanzengefaess-3-toepfe-weiss-2","title":{"rendered":"Jardini\u00e8re verticale modulaire, 4 pots blancs"},"content":{"rendered":"<p style=\"text-align: left;\">Jardini\u00e8re verticale de couleur blanche et couvercle en teck. Modulaire et adaptable. Mod\u00e8le avec 4 pots. Place les pots dans diff\u00e9rentes positions. Hauteur 148 cm. Diam\u00e8tre des pots 13 cm.<\/p>\n<p>Fabriqu\u00e9 en Espagne \u00e0 partir de polypropyl\u00e8ne recycl\u00e9 100%. Assembl\u00e9 par des personnes aux capacit\u00e9s diff\u00e9rentes. En choisissant ce produit, tu nous aides \u00e0 promouvoir leur inclusion sociale.<\/p>\n<p style=\"text-align: left;\">- Pot \u00e0 plantes design vertical. Disponible en deux tailles : 3 ou 4 pots ; et quatre couleurs : gris, \u00e9corce de pin, noir ou blanc.<br \/>\n- Place les pots dans diff\u00e9rentes positions en fonction des besoins des plantes.<br \/>\n- Son design en tant que plante d'int\u00e9rieur d\u00e9corative a \u00e9t\u00e9 r\u00e9compens\u00e9 par des prix internationaux : IF Award, Prix europ\u00e9en du design, Prix allemand du design.<br \/>\n- L'\u00e9quipe technique de CitySens offre un service client imm\u00e9diat et personnalis\u00e9 par t\u00e9l\u00e9phone ou par e-mail.<br \/>\n- Impact social : Le produit a \u00e9t\u00e9 con\u00e7u en Espagne, et il est fabriqu\u00e9 et assembl\u00e9 en Espagne par une \u00e9quipe de personnes handicap\u00e9es. En choisissant ce produit, tu nous aides \u00e0 promouvoir leur inclusion sociale.<br \/>\n- Dimensions du produit (LxlxH) : 29x29x115<\/p>","protected":false},"excerpt":{"rendered":"<p>Jardini\u00e8re verticale de couleur blanche et couvercle en teck. Modulaire et adaptable. Mod\u00e8le avec 3 pots.<br \/>\nDimensions du produit (LxlxH) : 29x29x115<\/p>","protected":false},"featured_media":33107,"template":"","meta":[],"product_brand":[],"product_cat":[27,23,1200],"product_tag":[906],"woo-feed-brand":[],"class_list":{"0":"post-33108","1":"product","2":"type-product","3":"status-publish","4":"has-post-thumbnail","6":"product_cat-vasen-gefaesse","7":"product_cat-home-living","8":"product_cat-gefaesse","9":"product_tag-surs-ag","11":"first","12":"instock","13":"taxable","14":"shipping-taxable","15":"purchasable","16":"product-type-simple"},"_links":{"self":[{"href":"https:\/\/www.fleurop-home.ch\/fr-ch\/wp-json\/wp\/v2\/product\/33108","targetHints":{"allow":["GET"]}}],"collection":[{"href":"https:\/\/www.fleurop-home.ch\/fr-ch\/wp-json\/wp\/v2\/product"}],"about":[{"href":"https:\/\/www.fleurop-home.ch\/fr-ch\/wp-json\/wp\/v2\/types\/product"}],"wp:featuredmedia":[{"embeddable":true,"href":"https:\/\/www.fleurop-home.ch\/fr-ch\/wp-json\/wp\/v2\/media\/33107"}],"wp:attachment":[{"href":"https:\/\/www.fleurop-home.ch\/fr-ch\/wp-json\/wp\/v2\/media?parent=33108"}],"wp:term":[{"taxonomy":"product_brand","embeddable":true,"href":"https:\/\/www.fleurop-home.ch\/fr-ch\/wp-json\/wp\/v2\/product_brand?post=33108"},{"taxonomy":"product_cat","embeddable":true,"href":"https:\/\/www.fleurop-home.ch\/fr-ch\/wp-json\/wp\/v2\/product_cat?post=33108"},{"taxonomy":"product_tag","embeddable":true,"href":"https:\/\/www.fleurop-home.ch\/fr-ch\/wp-json\/wp\/v2\/product_tag?post=33108"},{"taxonomy":"woo-feed-brand","embeddable":true,"href":"https:\/\/www.fleurop-home.ch\/fr-ch\/wp-json\/wp\/v2\/woo-feed-brand?post=33108"}],"curies":[{"name":"wp","href":"https:\/\/api.w.org\/{rel}","templated":true}]}}