{"id":33054,"date":"2024-05-10T15:07:32","date_gmt":"2024-05-10T13:07:32","guid":{"rendered":"https:\/\/www.fleurop-home.ch\/?post_type=product&#038;p=33054"},"modified":"2026-04-01T14:57:26","modified_gmt":"2026-04-01T12:57:26","slug":"buisson-de-cafe","status":"publish","type":"product","link":"https:\/\/www.fleurop-home.ch\/fr-ch\/p\/kaffeestrauch","title":{"rendered":"Caf\u00e9ier"},"content":{"rendered":"<p style=\"text-align: left\">\"Livraison sans cache-pot\"<\/p>\n<p style=\"text-align: left\">Offre au caf\u00e9ier un emplacement lumineux et il poussera joyeusement en hauteur.<\/p>\n<table border=\"1\">\n<tbody>\n<tr>\n<td style=\"text-align: left\" width=\"302\">Hauteur de la plante :<\/td>\n<td style=\"text-align: left\" width=\"302\">Environ 20 \u00e0 35 cm<\/td>\n<\/tr>\n<tr>\n<td style=\"text-align: left\" width=\"302\">Dimensions du pot \u00e0 plantes (D x H) :<\/td>\n<td style=\"text-align: left\" width=\"302\">Environ 12 x 9,5 cm<\/td>\n<\/tr>\n<tr>\n<td style=\"text-align: left\" width=\"302\">Conditions de lumi\u00e8re :<\/td>\n<td style=\"text-align: left\" width=\"302\">- Clair<\/p>\n<p>- Pas de lumi\u00e8re directe du soleil<\/td>\n<\/tr>\n<tr>\n<td style=\"text-align: left\" width=\"302\">Prendre soin de soi :<\/td>\n<td style=\"text-align: left\" width=\"302\">- Assez facile<\/p>\n<p>- Fertiliser chaque mois de mars \u00e0 septembre<\/td>\n<\/tr>\n<tr>\n<td style=\"text-align: left\" width=\"302\">Irrigation :<\/td>\n<td style=\"text-align: left\" width=\"302\">- Arroser lorsque la surface de la terre est s\u00e8che<\/p>\n<p>- Vaporise r\u00e9guli\u00e8rement la plante avec de l'eau<\/td>\n<\/tr>\n<tr>\n<td style=\"text-align: left\" width=\"302\">Accepte les animaux domestiques et les enfants :<\/td>\n<td style=\"text-align: left\" width=\"302\">Seulement sous r\u00e9serve (cerise l\u00e9g\u00e8rement toxique)<\/td>\n<\/tr>\n<tr>\n<td style=\"text-align: left\" width=\"302\">Des indices :<\/td>\n<td style=\"text-align: left\" width=\"302\">- En avril et en mai, la plante peut produire des fleurs blanches et agr\u00e9ablement parfum\u00e9es. Si la pollinisation est r\u00e9ussie, elles peuvent donner des cerises de caf\u00e9.<\/p>\n<p>- Aime une humidit\u00e9 \u00e9lev\u00e9e<\/td>\n<\/tr>\n<\/tbody>\n<\/table>","protected":false},"excerpt":{"rendered":"<p>Caf\u00e9ier, Coffea arabica<\/p>","protected":false},"featured_media":33056,"template":"","meta":[],"product_brand":[],"product_cat":[118,23,1023,797,26],"product_tag":[325],"woo-feed-brand":[],"class_list":{"0":"post-33054","1":"product","2":"type-product","3":"status-publish","4":"has-post-thumbnail","6":"product_cat-zimmerpflanzen","7":"product_cat-home-living","8":"product_cat-fuer-mama","9":"product_cat-muttertag","10":"product_cat-blumen-pflanzen","11":"product_tag-veg-and-the-city","13":"first","14":"instock","15":"taxable","16":"shipping-taxable","17":"purchasable","18":"product-type-simple"},"_links":{"self":[{"href":"https:\/\/www.fleurop-home.ch\/fr-ch\/wp-json\/wp\/v2\/product\/33054","targetHints":{"allow":["GET"]}}],"collection":[{"href":"https:\/\/www.fleurop-home.ch\/fr-ch\/wp-json\/wp\/v2\/product"}],"about":[{"href":"https:\/\/www.fleurop-home.ch\/fr-ch\/wp-json\/wp\/v2\/types\/product"}],"wp:featuredmedia":[{"embeddable":true,"href":"https:\/\/www.fleurop-home.ch\/fr-ch\/wp-json\/wp\/v2\/media\/33056"}],"wp:attachment":[{"href":"https:\/\/www.fleurop-home.ch\/fr-ch\/wp-json\/wp\/v2\/media?parent=33054"}],"wp:term":[{"taxonomy":"product_brand","embeddable":true,"href":"https:\/\/www.fleurop-home.ch\/fr-ch\/wp-json\/wp\/v2\/product_brand?post=33054"},{"taxonomy":"product_cat","embeddable":true,"href":"https:\/\/www.fleurop-home.ch\/fr-ch\/wp-json\/wp\/v2\/product_cat?post=33054"},{"taxonomy":"product_tag","embeddable":true,"href":"https:\/\/www.fleurop-home.ch\/fr-ch\/wp-json\/wp\/v2\/product_tag?post=33054"},{"taxonomy":"woo-feed-brand","embeddable":true,"href":"https:\/\/www.fleurop-home.ch\/fr-ch\/wp-json\/wp\/v2\/woo-feed-brand?post=33054"}],"curies":[{"name":"wp","href":"https:\/\/api.w.org\/{rel}","templated":true}]}}