{"id":33049,"date":"2024-05-10T15:07:32","date_gmt":"2024-05-10T13:07:32","guid":{"rendered":"https:\/\/www.fleurop-home.ch\/?post_type=product&#038;p=33049"},"modified":"2025-12-24T14:15:54","modified_gmt":"2025-12-24T13:15:54","slug":"fougere-en-bois-de-cerf","status":"publish","type":"product","link":"https:\/\/www.fleurop-home.ch\/fr-ch\/p\/hirschgeweihfarn","title":{"rendered":"Foug\u00e8re \u00e0 bois"},"content":{"rendered":"<p style=\"text-align: left\">\"Livraison sans cache-pot\"<\/p>\n<p style=\"text-align: left\">Cette belle plante doit son nom \u00e0 ses feuilles l\u00e9g\u00e8rement gris\u00e2tres qui rappellent les bois d'un cerf.<\/p>\n<table border=\"1\">\n<tbody>\n<tr>\n<td style=\"text-align: left\" width=\"302\">Hauteur de la plante :<\/td>\n<td style=\"text-align: left\" width=\"302\">Environ 15 \u00e0 25 cm<\/td>\n<\/tr>\n<tr>\n<td style=\"text-align: left\" width=\"302\">Dimensions du pot \u00e0 plantes (D x H) :<\/td>\n<td style=\"text-align: left\" width=\"302\">Environ 12 x 11 cm<\/td>\n<\/tr>\n<tr>\n<td style=\"text-align: left\" width=\"302\">Conditions de lumi\u00e8re :<\/td>\n<td style=\"text-align: left\" width=\"302\">- Clair \u00e0 mi-ombrag\u00e9<\/p>\n<p>- Pas de lumi\u00e8re directe du soleil<\/td>\n<\/tr>\n<tr>\n<td style=\"text-align: left\" width=\"302\">Prendre soin de soi :<\/td>\n<td style=\"text-align: left\" width=\"302\">- L\u00e9ger<\/p>\n<p>- Fertiliser tous les mois du printemps \u00e0 l'automne<\/td>\n<\/tr>\n<tr>\n<td style=\"text-align: left\" width=\"302\">Irrigation :<\/td>\n<td style=\"text-align: left\" width=\"302\">- Tous les 7 \u00e0 14 jours, garder plut\u00f4t humide<\/p>\n<p>- En hiver, laisse s\u00e9cher la surface de la terre de temps en temps.<\/p>\n<p>- Vaporise de temps en temps la plante avec de l'eau ou offre-lui une douche.<\/td>\n<\/tr>\n<tr>\n<td style=\"text-align: left\" width=\"302\">Accepte les animaux domestiques et les enfants :<\/td>\n<td style=\"text-align: left\" width=\"302\">Non (l\u00e9g\u00e8rement toxique)<\/td>\n<\/tr>\n<tr>\n<td style=\"text-align: left\" width=\"302\">Des indices :<\/td>\n<td style=\"text-align: left\" width=\"302\">- Aime l'humidit\u00e9 \u00e9lev\u00e9e<\/p>\n<p>- Ne pas enlever le duvet blanc sur les feuilles (protection contre l'\u00e9vaporation).<\/td>\n<\/tr>\n<\/tbody>\n<\/table>","protected":false},"excerpt":{"rendered":"<p>Foug\u00e8re \u00e0 bois, Platycerium<\/p>","protected":false},"featured_media":33051,"template":"","meta":[],"product_brand":[],"product_cat":[118,23,26],"product_tag":[325],"woo-feed-brand":[],"class_list":{"0":"post-33049","1":"product","2":"type-product","3":"status-publish","4":"has-post-thumbnail","6":"product_cat-zimmerpflanzen","7":"product_cat-home-living","8":"product_cat-blumen-pflanzen","9":"product_tag-veg-and-the-city","11":"first","12":"instock","13":"taxable","14":"shipping-taxable","15":"purchasable","16":"product-type-simple"},"_links":{"self":[{"href":"https:\/\/www.fleurop-home.ch\/fr-ch\/wp-json\/wp\/v2\/product\/33049","targetHints":{"allow":["GET"]}}],"collection":[{"href":"https:\/\/www.fleurop-home.ch\/fr-ch\/wp-json\/wp\/v2\/product"}],"about":[{"href":"https:\/\/www.fleurop-home.ch\/fr-ch\/wp-json\/wp\/v2\/types\/product"}],"wp:featuredmedia":[{"embeddable":true,"href":"https:\/\/www.fleurop-home.ch\/fr-ch\/wp-json\/wp\/v2\/media\/33051"}],"wp:attachment":[{"href":"https:\/\/www.fleurop-home.ch\/fr-ch\/wp-json\/wp\/v2\/media?parent=33049"}],"wp:term":[{"taxonomy":"product_brand","embeddable":true,"href":"https:\/\/www.fleurop-home.ch\/fr-ch\/wp-json\/wp\/v2\/product_brand?post=33049"},{"taxonomy":"product_cat","embeddable":true,"href":"https:\/\/www.fleurop-home.ch\/fr-ch\/wp-json\/wp\/v2\/product_cat?post=33049"},{"taxonomy":"product_tag","embeddable":true,"href":"https:\/\/www.fleurop-home.ch\/fr-ch\/wp-json\/wp\/v2\/product_tag?post=33049"},{"taxonomy":"woo-feed-brand","embeddable":true,"href":"https:\/\/www.fleurop-home.ch\/fr-ch\/wp-json\/wp\/v2\/woo-feed-brand?post=33049"}],"curies":[{"name":"wp","href":"https:\/\/api.w.org\/{rel}","templated":true}]}}