{"id":33039,"date":"2024-05-10T15:07:32","date_gmt":"2024-05-10T13:07:32","guid":{"rendered":"https:\/\/www.fleurop-home.ch\/?post_type=product&#038;p=33039"},"modified":"2025-12-24T14:15:55","modified_gmt":"2025-12-24T13:15:55","slug":"plume-de-la-chance","status":"publish","type":"product","link":"https:\/\/www.fleurop-home.ch\/fr-ch\/p\/gluecksfeder","title":{"rendered":"Plume de la chance"},"content":{"rendered":"<p style=\"text-align: left\">\"Livraison sans cache-pot\"<\/p>\n<p style=\"text-align: left\">La plume porte-bonheur est robuste et pardonne les p\u00e9riodes de vaches maigres.<\/p>\n<table style=\"height: 402px;width: 604px\" border=\"1\" width=\"604\">\n<tbody>\n<tr>\n<td style=\"text-align: left\" width=\"302\">Hauteur de la plante :<\/td>\n<td style=\"text-align: left\" width=\"302\">Environ 40 \u00e0 50 cm<\/td>\n<\/tr>\n<tr>\n<td style=\"text-align: left\" width=\"302\">Dimensions du pot \u00e0 plantes (D x H) :<\/td>\n<td style=\"text-align: left\" width=\"302\">Environ 15 x 13 cm<\/td>\n<\/tr>\n<tr>\n<td style=\"text-align: left\" width=\"302\">Conditions de lumi\u00e8re :<\/td>\n<td style=\"text-align: left\" width=\"302\">- Clair \u00e0 ombrag\u00e9<\/p>\n<p>- Pas de lumi\u00e8re directe du soleil<\/td>\n<\/tr>\n<tr>\n<td style=\"text-align: left\" width=\"302\">Prendre soin de soi :<\/td>\n<td style=\"text-align: left\" width=\"302\">- Tr\u00e8s l\u00e9ger<\/p>\n<p>- D'avril \u00e0 septembre, fertiliser l\u00e9g\u00e8rement chaque mois<\/p>\n<p>- D\u00e9poussi\u00e9rer les feuilles de temps en temps avec un chiffon humide<\/td>\n<\/tr>\n<tr>\n<td style=\"text-align: left\" width=\"302\">Irrigation :<\/td>\n<td style=\"text-align: left\" width=\"302\">- Arroser toutes les 2 \u00e0 3 semaines, toujours laisser s\u00e9cher la surface de la terre entre-temps<\/p>\n<p>- Peut aussi se dess\u00e9cher de temps en temps<\/p>\n<p>- Eviter absolument l'humidit\u00e9 stagnante<\/td>\n<\/tr>\n<tr>\n<td style=\"text-align: left\" width=\"302\">Accepte les animaux domestiques et les enfants :<\/td>\n<td style=\"text-align: left\" width=\"302\">Non (l\u00e9g\u00e8rement toxique)<\/td>\n<\/tr>\n<\/tbody>\n<\/table>","protected":false},"excerpt":{"rendered":"<p>Plume du bonheur, Zamioculcas zamiiofolia<\/p>","protected":false},"featured_media":33041,"template":"","meta":[],"product_brand":[],"product_cat":[118,23,26],"product_tag":[325],"woo-feed-brand":[],"class_list":{"0":"post-33039","1":"product","2":"type-product","3":"status-publish","4":"has-post-thumbnail","6":"product_cat-zimmerpflanzen","7":"product_cat-home-living","8":"product_cat-blumen-pflanzen","9":"product_tag-veg-and-the-city","11":"first","12":"instock","13":"taxable","14":"shipping-taxable","15":"purchasable","16":"product-type-simple"},"_links":{"self":[{"href":"https:\/\/www.fleurop-home.ch\/fr-ch\/wp-json\/wp\/v2\/product\/33039","targetHints":{"allow":["GET"]}}],"collection":[{"href":"https:\/\/www.fleurop-home.ch\/fr-ch\/wp-json\/wp\/v2\/product"}],"about":[{"href":"https:\/\/www.fleurop-home.ch\/fr-ch\/wp-json\/wp\/v2\/types\/product"}],"wp:featuredmedia":[{"embeddable":true,"href":"https:\/\/www.fleurop-home.ch\/fr-ch\/wp-json\/wp\/v2\/media\/33041"}],"wp:attachment":[{"href":"https:\/\/www.fleurop-home.ch\/fr-ch\/wp-json\/wp\/v2\/media?parent=33039"}],"wp:term":[{"taxonomy":"product_brand","embeddable":true,"href":"https:\/\/www.fleurop-home.ch\/fr-ch\/wp-json\/wp\/v2\/product_brand?post=33039"},{"taxonomy":"product_cat","embeddable":true,"href":"https:\/\/www.fleurop-home.ch\/fr-ch\/wp-json\/wp\/v2\/product_cat?post=33039"},{"taxonomy":"product_tag","embeddable":true,"href":"https:\/\/www.fleurop-home.ch\/fr-ch\/wp-json\/wp\/v2\/product_tag?post=33039"},{"taxonomy":"woo-feed-brand","embeddable":true,"href":"https:\/\/www.fleurop-home.ch\/fr-ch\/wp-json\/wp\/v2\/woo-feed-brand?post=33039"}],"curies":[{"name":"wp","href":"https:\/\/api.w.org\/{rel}","templated":true}]}}