{"id":33035,"date":"2024-05-10T15:07:32","date_gmt":"2024-05-10T13:07:32","guid":{"rendered":"https:\/\/www.fleurop-home.ch\/?post_type=product&#038;p=33035"},"modified":"2025-12-10T10:05:36","modified_gmt":"2025-12-10T09:05:36","slug":"arbre-a-argent","status":"publish","type":"product","link":"https:\/\/www.fleurop-home.ch\/fr-ch\/p\/geldbaum","title":{"rendered":"Arbre \u00e0 argent"},"content":{"rendered":"<p style=\"text-align: left;\">\"Livraison sans cache-pot\"<\/p>\n<p style=\"text-align: left;\">La plante succulente a peu d'exigences et te pardonne parfois si tu as oubli\u00e9 de lui donner de l'eau.<\/p>\n<table border=\"1\">\n<tbody>\n<tr>\n<td style=\"text-align: left;\" width=\"302\">Hauteur de la plante :<\/td>\n<td style=\"text-align: left;\" width=\"302\">Environ 18 \u00e0 25 cm<\/td>\n<\/tr>\n<tr>\n<td style=\"text-align: left;\" width=\"302\">Dimensions du pot \u00e0 plantes (D x H) :<\/td>\n<td style=\"text-align: left;\" width=\"302\">Environ 12 x 10 cm<\/td>\n<\/tr>\n<tr>\n<td style=\"text-align: left;\" width=\"302\">Conditions de lumi\u00e8re :<\/td>\n<td style=\"text-align: left;\" width=\"302\">Lumineux \u00e0 ensoleill\u00e9, en \u00e9t\u00e9 aussi \u00e0 l'ext\u00e9rieur.<\/td>\n<\/tr>\n<tr>\n<td style=\"text-align: left;\" width=\"302\">Prendre soin de soi :<\/td>\n<td style=\"text-align: left;\" width=\"302\">- Tr\u00e8s l\u00e9ger<\/p>\n<p>- Fertiliser 2 fois entre mars et septembre<\/td>\n<\/tr>\n<tr>\n<td style=\"text-align: left;\" width=\"302\">Irrigation :<\/td>\n<td style=\"text-align: left;\" width=\"302\">- Garder au sec<\/p>\n<p>- N'arrose que lorsque les 2-3 cm sup\u00e9rieurs de terre sont secs.<\/p>\n<p>- Eviter absolument l'humidit\u00e9 stagnante<\/td>\n<\/tr>\n<tr>\n<td style=\"text-align: left;\" width=\"302\">Accepte les animaux domestiques et les enfants :<\/td>\n<td style=\"text-align: left;\" width=\"302\">Oui<\/td>\n<\/tr>\n<tr>\n<td style=\"text-align: left;\" width=\"302\">Des indices :<\/td>\n<td style=\"text-align: left;\" width=\"302\">- N'aime pas les courants d'air<\/p>\n<p>- Peut \u00eatre plac\u00e9 \u00e0 l'ext\u00e9rieur dans un endroit prot\u00e9g\u00e9 en \u00e9t\u00e9.<\/td>\n<\/tr>\n<\/tbody>\n<\/table>","protected":false},"excerpt":{"rendered":"<p>Arbre \u00e0 argent, Crassula ovata<\/p>","protected":false},"featured_media":33037,"template":"","meta":[],"product_brand":[],"product_cat":[118,23,1002,1023,910,797,1020,1018,984,993,999,1088,909,1092,26,916],"product_tag":[325],"woo-feed-brand":[],"class_list":{"0":"post-33035","1":"product","2":"type-product","3":"status-publish","4":"has-post-thumbnail","6":"product_cat-zimmerpflanzen","7":"product_cat-home-living","8":"product_cat-fuer-ihn","9":"product_cat-fuer-mama","10":"product_cat-geschenkideen","11":"product_cat-muttertag","12":"product_cat-ostergeschenke","13":"product_cat-ostern","14":"product_cat-silvester","15":"product_cat-silvestergeschenke","16":"product_cat-valentinstag","17":"product_cat-vatertag","18":"product_cat-weihnachten","19":"product_cat-wohlfuehltyp","20":"product_cat-blumen-pflanzen","21":"product_cat-praesente","22":"product_tag-veg-and-the-city","24":"first","25":"instock","26":"taxable","27":"shipping-taxable","28":"purchasable","29":"product-type-simple"},"_links":{"self":[{"href":"https:\/\/www.fleurop-home.ch\/fr-ch\/wp-json\/wp\/v2\/product\/33035","targetHints":{"allow":["GET"]}}],"collection":[{"href":"https:\/\/www.fleurop-home.ch\/fr-ch\/wp-json\/wp\/v2\/product"}],"about":[{"href":"https:\/\/www.fleurop-home.ch\/fr-ch\/wp-json\/wp\/v2\/types\/product"}],"wp:featuredmedia":[{"embeddable":true,"href":"https:\/\/www.fleurop-home.ch\/fr-ch\/wp-json\/wp\/v2\/media\/33037"}],"wp:attachment":[{"href":"https:\/\/www.fleurop-home.ch\/fr-ch\/wp-json\/wp\/v2\/media?parent=33035"}],"wp:term":[{"taxonomy":"product_brand","embeddable":true,"href":"https:\/\/www.fleurop-home.ch\/fr-ch\/wp-json\/wp\/v2\/product_brand?post=33035"},{"taxonomy":"product_cat","embeddable":true,"href":"https:\/\/www.fleurop-home.ch\/fr-ch\/wp-json\/wp\/v2\/product_cat?post=33035"},{"taxonomy":"product_tag","embeddable":true,"href":"https:\/\/www.fleurop-home.ch\/fr-ch\/wp-json\/wp\/v2\/product_tag?post=33035"},{"taxonomy":"woo-feed-brand","embeddable":true,"href":"https:\/\/www.fleurop-home.ch\/fr-ch\/wp-json\/wp\/v2\/woo-feed-brand?post=33035"}],"curies":[{"name":"wp","href":"https:\/\/api.w.org\/{rel}","templated":true}]}}