{"id":33030,"date":"2024-05-10T15:07:32","date_gmt":"2024-05-10T13:07:32","guid":{"rendered":"https:\/\/www.fleurop-home.ch\/?post_type=product&#038;p=33030"},"modified":"2026-04-01T14:57:26","modified_gmt":"2026-04-01T12:57:26","slug":"efeutute","status":"publish","type":"product","link":"https:\/\/www.fleurop-home.ch\/fr-ch\/p\/efeutute","title":{"rendered":"Efeutute"},"content":{"rendered":"<p style=\"text-align: left\">\"Livraison sans cache-pot\"<\/p>\n<p style=\"text-align: left\">Le lierre est une plante facile \u00e0 entretenir qui est bien mise en valeur lorsque ses feuilles pendent.<\/p>\n<table border=\"1\">\n<tbody>\n<tr>\n<td style=\"text-align: left\" width=\"302\">Hauteur de la plante :<\/td>\n<td style=\"text-align: left\" width=\"302\">Environ 15 \u00e0 25 cm<\/td>\n<\/tr>\n<tr>\n<td style=\"text-align: left\" width=\"302\">Dimensions du pot \u00e0 plantes (D x H) :<\/td>\n<td style=\"text-align: left\" width=\"302\">Environ 16 x 11 cm<\/td>\n<\/tr>\n<tr>\n<td style=\"text-align: left\" width=\"302\">Conditions de lumi\u00e8re :<\/td>\n<td style=\"text-align: left\" width=\"302\">- Clair \u00e0 ombrag\u00e9<\/p>\n<p>- Mais attention : si elle est \u00e0 l'ombre, elle peut perdre ses motifs.<\/p>\n<p>- Pas de lumi\u00e8re directe du soleil<\/td>\n<\/tr>\n<tr>\n<td style=\"text-align: left\" width=\"302\">Prendre soin de soi :<\/td>\n<td style=\"text-align: left\" width=\"302\">- L\u00e9ger<\/p>\n<p>- De mars \u00e0 septembre, fertiliser toutes les 2 semaines<\/p>\n<p>- D\u00e9poussi\u00e9rer les feuilles de temps en temps avec un chiffon humide<\/p>\n<p>- Tu peux laisser pendre les longues pousses ou les attacher en hauteur.<\/p>\n<p>- Ne pas enlever les racines a\u00e9riennes sur les pousses<\/td>\n<\/tr>\n<tr>\n<td style=\"text-align: left\" width=\"302\">Irrigation :<\/td>\n<td style=\"text-align: left\" width=\"302\">- Arroser lorsque la surface de la terre est s\u00e8che<\/p>\n<p>- Maintenir la terre l\u00e9g\u00e8rement humide, mais \u00e9viter absolument l'eau stagnante<\/p>\n<p>- En hiver, garder plut\u00f4t au sec et n'arroser que de temps en temps.<\/td>\n<\/tr>\n<tr>\n<td style=\"text-align: left\" width=\"302\">Accepte les animaux domestiques et les enfants :<\/td>\n<td style=\"text-align: left\" width=\"302\">Non (toxique)<\/td>\n<\/tr>\n<tr>\n<td style=\"text-align: left\" width=\"302\">Des indices :<\/td>\n<td style=\"text-align: left\" width=\"302\">- Aime une humidit\u00e9 \u00e9lev\u00e9e, mais supporte aussi un air plus sec<\/p>\n<p>- Filtre les toxines de l'air<\/td>\n<\/tr>\n<\/tbody>\n<\/table>","protected":false},"excerpt":{"rendered":"<p>Efeutute, Epipremnum<\/p>","protected":false},"featured_media":33032,"template":"","meta":[],"product_brand":[],"product_cat":[118,23,1023,797,26],"product_tag":[325],"woo-feed-brand":[],"class_list":{"0":"post-33030","1":"product","2":"type-product","3":"status-publish","4":"has-post-thumbnail","6":"product_cat-zimmerpflanzen","7":"product_cat-home-living","8":"product_cat-fuer-mama","9":"product_cat-muttertag","10":"product_cat-blumen-pflanzen","11":"product_tag-veg-and-the-city","13":"first","14":"instock","15":"taxable","16":"shipping-taxable","17":"purchasable","18":"product-type-simple"},"_links":{"self":[{"href":"https:\/\/www.fleurop-home.ch\/fr-ch\/wp-json\/wp\/v2\/product\/33030","targetHints":{"allow":["GET"]}}],"collection":[{"href":"https:\/\/www.fleurop-home.ch\/fr-ch\/wp-json\/wp\/v2\/product"}],"about":[{"href":"https:\/\/www.fleurop-home.ch\/fr-ch\/wp-json\/wp\/v2\/types\/product"}],"wp:featuredmedia":[{"embeddable":true,"href":"https:\/\/www.fleurop-home.ch\/fr-ch\/wp-json\/wp\/v2\/media\/33032"}],"wp:attachment":[{"href":"https:\/\/www.fleurop-home.ch\/fr-ch\/wp-json\/wp\/v2\/media?parent=33030"}],"wp:term":[{"taxonomy":"product_brand","embeddable":true,"href":"https:\/\/www.fleurop-home.ch\/fr-ch\/wp-json\/wp\/v2\/product_brand?post=33030"},{"taxonomy":"product_cat","embeddable":true,"href":"https:\/\/www.fleurop-home.ch\/fr-ch\/wp-json\/wp\/v2\/product_cat?post=33030"},{"taxonomy":"product_tag","embeddable":true,"href":"https:\/\/www.fleurop-home.ch\/fr-ch\/wp-json\/wp\/v2\/product_tag?post=33030"},{"taxonomy":"woo-feed-brand","embeddable":true,"href":"https:\/\/www.fleurop-home.ch\/fr-ch\/wp-json\/wp\/v2\/woo-feed-brand?post=33030"}],"curies":[{"name":"wp","href":"https:\/\/api.w.org\/{rel}","templated":true}]}}