{"id":33025,"date":"2024-05-10T15:07:33","date_gmt":"2024-05-10T13:07:33","guid":{"rendered":"https:\/\/www.fleurop-home.ch\/?post_type=product&#038;p=33025"},"modified":"2025-12-24T14:15:40","modified_gmt":"2025-12-24T13:15:40","slug":"feuille-epaisse","status":"publish","type":"product","link":"https:\/\/www.fleurop-home.ch\/fr-ch\/p\/dickblatt","title":{"rendered":"Feuille \u00e9paisse"},"content":{"rendered":"<p style=\"text-align: left;\">\"Livraison sans cache-pot\"<\/p>\n<p style=\"text-align: left;\">La succulente a peu d'exigences et te pardonne les p\u00e9riodes de n\u00e9gligence.<\/p>\n<table border=\"1\">\n<tbody>\n<tr>\n<td style=\"text-align: left;\" width=\"302\">Hauteur de la plante :<\/td>\n<td style=\"text-align: left;\" width=\"302\">Environ 10 \u00e0 25 cm<\/td>\n<\/tr>\n<tr>\n<td style=\"text-align: left;\" width=\"302\">Dimensions du pot \u00e0 plantes (D x H) :<\/td>\n<td style=\"text-align: left;\" width=\"302\">Environ 12 x 10 cm<\/td>\n<\/tr>\n<tr>\n<td style=\"text-align: left;\" width=\"302\">Conditions de lumi\u00e8re :<\/td>\n<td style=\"text-align: left;\" width=\"302\">Emplacement clair, l\u00e9g\u00e8rement ensoleill\u00e9<\/td>\n<\/tr>\n<tr>\n<td style=\"text-align: left;\" width=\"302\">Prendre soin de soi :<\/td>\n<td style=\"text-align: left;\" width=\"302\">- L\u00e9ger<\/p>\n<p>- Fertiliser 2 fois entre mars et septembre<\/td>\n<\/tr>\n<tr>\n<td style=\"text-align: left;\" width=\"302\">Irrigation :<\/td>\n<td style=\"text-align: left;\" width=\"302\">- Garder au sec<\/p>\n<p>- Toujours bien s\u00e9cher entre les arrosages<\/p>\n<p>- Eviter l'humidit\u00e9 stagnante<\/p>\n<p>- Arroser avec parcimonie en hiver pour \u00e9viter que les feuilles ne se rident.<\/td>\n<\/tr>\n<tr>\n<td style=\"text-align: left;\" width=\"302\">Accepte les animaux domestiques et les enfants :<\/td>\n<td style=\"text-align: left;\" width=\"302\">Oui<\/td>\n<\/tr>\n<\/tbody>\n<\/table>","protected":false},"excerpt":{"rendered":"<p>Feuille \u00e9paisse, Crassula<\/p>","protected":false},"featured_media":33027,"template":"","meta":[],"product_brand":[],"product_cat":[118,23,26],"product_tag":[325],"woo-feed-brand":[],"class_list":{"0":"post-33025","1":"product","2":"type-product","3":"status-publish","4":"has-post-thumbnail","6":"product_cat-zimmerpflanzen","7":"product_cat-home-living","8":"product_cat-blumen-pflanzen","9":"product_tag-veg-and-the-city","11":"first","12":"instock","13":"taxable","14":"shipping-taxable","15":"purchasable","16":"product-type-simple"},"_links":{"self":[{"href":"https:\/\/www.fleurop-home.ch\/fr-ch\/wp-json\/wp\/v2\/product\/33025","targetHints":{"allow":["GET"]}}],"collection":[{"href":"https:\/\/www.fleurop-home.ch\/fr-ch\/wp-json\/wp\/v2\/product"}],"about":[{"href":"https:\/\/www.fleurop-home.ch\/fr-ch\/wp-json\/wp\/v2\/types\/product"}],"wp:featuredmedia":[{"embeddable":true,"href":"https:\/\/www.fleurop-home.ch\/fr-ch\/wp-json\/wp\/v2\/media\/33027"}],"wp:attachment":[{"href":"https:\/\/www.fleurop-home.ch\/fr-ch\/wp-json\/wp\/v2\/media?parent=33025"}],"wp:term":[{"taxonomy":"product_brand","embeddable":true,"href":"https:\/\/www.fleurop-home.ch\/fr-ch\/wp-json\/wp\/v2\/product_brand?post=33025"},{"taxonomy":"product_cat","embeddable":true,"href":"https:\/\/www.fleurop-home.ch\/fr-ch\/wp-json\/wp\/v2\/product_cat?post=33025"},{"taxonomy":"product_tag","embeddable":true,"href":"https:\/\/www.fleurop-home.ch\/fr-ch\/wp-json\/wp\/v2\/product_tag?post=33025"},{"taxonomy":"woo-feed-brand","embeddable":true,"href":"https:\/\/www.fleurop-home.ch\/fr-ch\/wp-json\/wp\/v2\/woo-feed-brand?post=33025"}],"curies":[{"name":"wp","href":"https:\/\/api.w.org\/{rel}","templated":true}]}}