{"id":33021,"date":"2024-05-10T15:07:31","date_gmt":"2024-05-10T13:07:31","guid":{"rendered":"https:\/\/www.fleurop-home.ch\/?post_type=product&#038;p=33021"},"modified":"2025-12-24T14:19:45","modified_gmt":"2025-12-24T13:19:45","slug":"chanvre-arctique","status":"publish","type":"product","link":"https:\/\/www.fleurop-home.ch\/fr-ch\/p\/bogenhanf","title":{"rendered":"Chanvre arctique"},"content":{"rendered":"<p style=\"text-align: left;\">\"Livraison sans cache-pot\"<\/p>\n<p style=\"text-align: left;\">Le chanvre arc-en-ciel est la plante d'int\u00e9rieur id\u00e9ale pour les d\u00e9butants:-).<\/p>\n<table border=\"1\">\n<tbody>\n<tr>\n<td style=\"text-align: left;\" width=\"302\">Hauteur de la plante :<\/td>\n<td style=\"text-align: left;\" width=\"302\">Environ 40 \u00e0 60 cm<\/td>\n<\/tr>\n<tr>\n<td style=\"text-align: left;\" width=\"302\">Dimensions du pot \u00e0 plantes (D x H) :<\/td>\n<td style=\"text-align: left;\" width=\"302\">Environ 14 x 13 cm<\/td>\n<\/tr>\n<tr>\n<td style=\"text-align: left;\" width=\"302\">Conditions de lumi\u00e8re :<\/td>\n<td style=\"text-align: left;\" width=\"302\">Clair \u00e0 mi-ombrag\u00e9<\/td>\n<\/tr>\n<tr>\n<td style=\"text-align: left;\" width=\"302\">Prendre soin de soi :<\/td>\n<td style=\"text-align: left;\" width=\"302\">- Tr\u00e8s l\u00e9ger<\/p>\n<p>- Du printemps \u00e0 l'\u00e9t\u00e9, fertiliser l\u00e9g\u00e8rement tous les 1-2 mois<\/p>\n<p>- D\u00e9poussi\u00e9rer les feuilles de temps en temps avec un chiffon humide<\/td>\n<\/tr>\n<tr>\n<td style=\"text-align: left;\" width=\"302\">Irrigation :<\/td>\n<td style=\"text-align: left;\" width=\"302\">- Plut\u00f4t garder au sec<\/p>\n<p>- Au printemps\/\u00e9t\u00e9, environ toutes les 2-3 semaines, d\u00e8s que la partie sup\u00e9rieure de la terre est s\u00e8che.<\/p>\n<p>- Eviter absolument l'humidit\u00e9 stagnante<\/p>\n<p>- Arroser encore moins en automne\/hiver<\/td>\n<\/tr>\n<tr>\n<td style=\"text-align: left;\" width=\"302\">Accepte les animaux domestiques et les enfants :<\/td>\n<td style=\"text-align: left;\" width=\"302\">Non (toxique)<\/td>\n<\/tr>\n<tr>\n<td style=\"text-align: left;\" width=\"302\">Des indices :<\/td>\n<td style=\"text-align: left;\" width=\"302\">A une tr\u00e8s grande capacit\u00e9 de d\u00e9sintoxication (filtre les toxines formald\u00e9hyde, benz\u00e8ne, trichlor\u00e9thyl\u00e8ne, tolu\u00e8ne et xyl\u00e8ne de l'air).<\/td>\n<\/tr>\n<\/tbody>\n<\/table>","protected":false},"excerpt":{"rendered":"<p>Chanvre arctique, Sansevieria trifasciata<\/p>","protected":false},"featured_media":33022,"template":"","meta":[],"product_brand":[],"product_cat":[118,23,26],"product_tag":[325],"woo-feed-brand":[],"class_list":{"0":"post-33021","1":"product","2":"type-product","3":"status-publish","4":"has-post-thumbnail","6":"product_cat-zimmerpflanzen","7":"product_cat-home-living","8":"product_cat-blumen-pflanzen","9":"product_tag-veg-and-the-city","11":"first","12":"instock","13":"taxable","14":"shipping-taxable","15":"purchasable","16":"product-type-simple"},"_links":{"self":[{"href":"https:\/\/www.fleurop-home.ch\/fr-ch\/wp-json\/wp\/v2\/product\/33021","targetHints":{"allow":["GET"]}}],"collection":[{"href":"https:\/\/www.fleurop-home.ch\/fr-ch\/wp-json\/wp\/v2\/product"}],"about":[{"href":"https:\/\/www.fleurop-home.ch\/fr-ch\/wp-json\/wp\/v2\/types\/product"}],"wp:featuredmedia":[{"embeddable":true,"href":"https:\/\/www.fleurop-home.ch\/fr-ch\/wp-json\/wp\/v2\/media\/33022"}],"wp:attachment":[{"href":"https:\/\/www.fleurop-home.ch\/fr-ch\/wp-json\/wp\/v2\/media?parent=33021"}],"wp:term":[{"taxonomy":"product_brand","embeddable":true,"href":"https:\/\/www.fleurop-home.ch\/fr-ch\/wp-json\/wp\/v2\/product_brand?post=33021"},{"taxonomy":"product_cat","embeddable":true,"href":"https:\/\/www.fleurop-home.ch\/fr-ch\/wp-json\/wp\/v2\/product_cat?post=33021"},{"taxonomy":"product_tag","embeddable":true,"href":"https:\/\/www.fleurop-home.ch\/fr-ch\/wp-json\/wp\/v2\/product_tag?post=33021"},{"taxonomy":"woo-feed-brand","embeddable":true,"href":"https:\/\/www.fleurop-home.ch\/fr-ch\/wp-json\/wp\/v2\/woo-feed-brand?post=33021"}],"curies":[{"name":"wp","href":"https:\/\/api.w.org\/{rel}","templated":true}]}}