{"id":33015,"date":"2024-04-23T14:25:27","date_gmt":"2024-04-23T12:25:27","guid":{"rendered":"https:\/\/www.fleurop-home.ch\/?post_type=product&#038;p=33015"},"modified":"2026-04-01T16:07:35","modified_gmt":"2026-04-01T14:07:35","slug":"boite-blanche-avec-fleurs-seches-blanches-et-rose-stabilisee-15cmx15cm","status":"publish","type":"product","link":"https:\/\/www.fleurop-home.ch\/fr-ch\/p\/weisse-schachtel-mit-weissen-trockenblumen-und-stabilisierter-rose-15cmx15cm","title":{"rendered":"Bo\u00eete blanche avec fleurs s\u00e9ch\u00e9es blanches et rose stabilis\u00e9e 15cmx15cm"},"content":{"rendered":"<p>Belle composition de fleurs s\u00e9ch\u00e9es et de rose stabilis\u00e9e dans une bo\u00eete cadeau.<\/p>\n<p>L'effet de surprise est au rendez-vous lorsque tu d\u00e9couvres cet arrangement intemporel.<\/p>\n<p><strong>Merci de suivre nos conseils d'entretien :<\/strong><\/p>\n<p>\u00c9viter le contact avec l'eau et ne pas exposer \u00e0 la lumi\u00e8re du soleil.<\/p>","protected":false},"excerpt":{"rendered":"<p>Bo\u00eete blanche avec fleurs s\u00e9ch\u00e9es blanches et rose stabilis\u00e9e 15cmx15cm<\/p>","protected":false},"featured_media":33017,"template":"","meta":[],"product_brand":[],"product_cat":[117,23,1023,1003,910,797,1020,1018,999,909,102,26,916,52,55],"product_tag":[905],"woo-feed-brand":[],"class_list":{"0":"post-33015","1":"product","2":"type-product","3":"status-publish","4":"has-post-thumbnail","6":"product_cat-trockenblumen","7":"product_cat-home-living","8":"product_cat-fuer-mama","9":"product_cat-fuer-sie","10":"product_cat-geschenkideen","11":"product_cat-muttertag","12":"product_cat-ostergeschenke","13":"product_cat-ostern","14":"product_cat-valentinstag","15":"product_cat-weihnachten","16":"product_cat-infinity-rosen","17":"product_cat-blumen-pflanzen","18":"product_cat-praesente","19":"product_cat-geschenke","20":"product_cat-blumige-geschenke","21":"product_tag-la-rose-dor","23":"first","24":"instock","25":"taxable","26":"shipping-taxable","27":"purchasable","28":"product-type-simple"},"_links":{"self":[{"href":"https:\/\/www.fleurop-home.ch\/fr-ch\/wp-json\/wp\/v2\/product\/33015","targetHints":{"allow":["GET"]}}],"collection":[{"href":"https:\/\/www.fleurop-home.ch\/fr-ch\/wp-json\/wp\/v2\/product"}],"about":[{"href":"https:\/\/www.fleurop-home.ch\/fr-ch\/wp-json\/wp\/v2\/types\/product"}],"wp:featuredmedia":[{"embeddable":true,"href":"https:\/\/www.fleurop-home.ch\/fr-ch\/wp-json\/wp\/v2\/media\/33017"}],"wp:attachment":[{"href":"https:\/\/www.fleurop-home.ch\/fr-ch\/wp-json\/wp\/v2\/media?parent=33015"}],"wp:term":[{"taxonomy":"product_brand","embeddable":true,"href":"https:\/\/www.fleurop-home.ch\/fr-ch\/wp-json\/wp\/v2\/product_brand?post=33015"},{"taxonomy":"product_cat","embeddable":true,"href":"https:\/\/www.fleurop-home.ch\/fr-ch\/wp-json\/wp\/v2\/product_cat?post=33015"},{"taxonomy":"product_tag","embeddable":true,"href":"https:\/\/www.fleurop-home.ch\/fr-ch\/wp-json\/wp\/v2\/product_tag?post=33015"},{"taxonomy":"woo-feed-brand","embeddable":true,"href":"https:\/\/www.fleurop-home.ch\/fr-ch\/wp-json\/wp\/v2\/woo-feed-brand?post=33015"}],"curies":[{"name":"wp","href":"https:\/\/api.w.org\/{rel}","templated":true}]}}