{"id":33010,"date":"2024-04-23T14:22:28","date_gmt":"2024-04-23T12:22:28","guid":{"rendered":"https:\/\/www.fleurop-home.ch\/?post_type=product&#038;p=33010"},"modified":"2026-04-01T16:07:35","modified_gmt":"2026-04-01T14:07:35","slug":"boite-blanche-avec-fleurs-seches-blanches-15cmx15cm-copie","status":"publish","type":"product","link":"https:\/\/www.fleurop-home.ch\/fr-ch\/p\/weisse-schachtel-mit-weissen-trockenblumen-15cmx15cm-kopie","title":{"rendered":"Bo\u00eete blanche avec fleurs s\u00e9ch\u00e9es blanches 15cmx15cm"},"content":{"rendered":"<p>Belle composition de fleurs s\u00e9ch\u00e9es roses dans une bo\u00eete cadeau.<\/p>\n<p>L'effet de surprise est grand quand on d\u00e9couvre cet arrangement intemporel.<\/p>\n<p><strong>Merci de suivre nos conseils d'entretien :<\/strong><\/p>\n<p>\u00c9viter le contact avec l'eau et ne pas exposer \u00e0 la lumi\u00e8re du soleil.<\/p>","protected":false},"excerpt":{"rendered":"<p>Bo\u00eete blanche avec des fleurs s\u00e9ch\u00e9es roses 15cmx15cm<\/p>","protected":false},"featured_media":33012,"template":"","meta":[],"product_brand":[],"product_cat":[117,23,1023,910,797,909,916,52,55],"product_tag":[905],"woo-feed-brand":[],"class_list":{"0":"post-33010","1":"product","2":"type-product","3":"status-publish","4":"has-post-thumbnail","6":"product_cat-trockenblumen","7":"product_cat-home-living","8":"product_cat-fuer-mama","9":"product_cat-geschenkideen","10":"product_cat-muttertag","11":"product_cat-weihnachten","12":"product_cat-praesente","13":"product_cat-geschenke","14":"product_cat-blumige-geschenke","15":"product_tag-la-rose-dor","17":"first","18":"instock","19":"taxable","20":"shipping-taxable","21":"purchasable","22":"product-type-simple"},"_links":{"self":[{"href":"https:\/\/www.fleurop-home.ch\/fr-ch\/wp-json\/wp\/v2\/product\/33010","targetHints":{"allow":["GET"]}}],"collection":[{"href":"https:\/\/www.fleurop-home.ch\/fr-ch\/wp-json\/wp\/v2\/product"}],"about":[{"href":"https:\/\/www.fleurop-home.ch\/fr-ch\/wp-json\/wp\/v2\/types\/product"}],"wp:featuredmedia":[{"embeddable":true,"href":"https:\/\/www.fleurop-home.ch\/fr-ch\/wp-json\/wp\/v2\/media\/33012"}],"wp:attachment":[{"href":"https:\/\/www.fleurop-home.ch\/fr-ch\/wp-json\/wp\/v2\/media?parent=33010"}],"wp:term":[{"taxonomy":"product_brand","embeddable":true,"href":"https:\/\/www.fleurop-home.ch\/fr-ch\/wp-json\/wp\/v2\/product_brand?post=33010"},{"taxonomy":"product_cat","embeddable":true,"href":"https:\/\/www.fleurop-home.ch\/fr-ch\/wp-json\/wp\/v2\/product_cat?post=33010"},{"taxonomy":"product_tag","embeddable":true,"href":"https:\/\/www.fleurop-home.ch\/fr-ch\/wp-json\/wp\/v2\/product_tag?post=33010"},{"taxonomy":"woo-feed-brand","embeddable":true,"href":"https:\/\/www.fleurop-home.ch\/fr-ch\/wp-json\/wp\/v2\/woo-feed-brand?post=33010"}],"curies":[{"name":"wp","href":"https:\/\/api.w.org\/{rel}","templated":true}]}}