{"id":32998,"date":"2024-04-23T13:45:22","date_gmt":"2024-04-23T11:45:22","guid":{"rendered":"https:\/\/www.fleurop-home.ch\/?post_type=product&#038;p=32998"},"modified":"2026-04-01T14:15:26","modified_gmt":"2026-04-01T12:15:26","slug":"cucina-ticinese-cadeau-romantique-risotto","status":"publish","type":"product","link":"https:\/\/www.fleurop-home.ch\/fr-ch\/p\/cucina-ticinese-romantisches-risotto-geschenk","title":{"rendered":"Cucina Ticinese - Cadeau romantique de risotto"},"content":{"rendered":"<p>Description du produit :<br \/>\nCette \u00e9l\u00e9gante bo\u00eete cadeau est le cadeau parfait pour les gourmands et tous ceux qui aiment ce qui est sp\u00e9cial. Que ce soit une surprise pour un \u00eatre cher ou un moment de plaisir pour soi-m\u00eame, ce coffret enthousiasme par ses ingr\u00e9dients nobles et sa pr\u00e9sentation de qualit\u00e9.<\/p>\n<p>La bo\u00eete cadeau contient<\/p>\n<p>Risotto Venere aux tomates s\u00e9ch\u00e9es (200g)<br \/>\nLe riz Venere sp\u00e9cial convainc par son go\u00fbt unique, arrondi par la douceur d\u00e9licate des tomates s\u00e9ch\u00e9es. Id\u00e9al pour un risotto qui se distingue par sa qualit\u00e9 et son raffinement.<\/p>\n<p>Sel de champagne aux p\u00e9tales de rose et au poivre rose (50g)<br \/>\nCe m\u00e9lange de sel exquis est un v\u00e9ritable secret : le champagne donne au sel une note d\u00e9licate, tandis que les p\u00e9tales de rose et le poivre rose apportent une \u00e9pice d\u00e9licate et une touche d'\u00e9l\u00e9gance.<\/p>\n<p>Risotto aux p\u00e9tales de rose et au poivre rose (200g)<br \/>\nUn risotto pour les sens - les ar\u00f4mes floraux des p\u00e9tales de rose et la note \u00e9pic\u00e9e du poivre rose font de ce plat une exp\u00e9rience particuli\u00e8re qui s\u00e9duit non seulement par son go\u00fbt mais aussi par son aspect.<\/p>\n<p>Les produits sont arrang\u00e9s avec amour dans une bo\u00eete en bois de haute qualit\u00e9 et orn\u00e9s de c\u0153urs rouges d\u00e9coratifs - une pr\u00e9sentation qui attire imm\u00e9diatement l'attention et fait battre les c\u0153urs plus vite.<\/p>\n<p>Pourquoi cette bo\u00eete cadeau ?<br \/>\nDes ingr\u00e9dients exclusifs pour des moments de plaisir particuliers<br \/>\nEmball\u00e9 avec amour et style - parfait comme cadeau<br \/>\nId\u00e9al pour ceux qui appr\u00e9cient la gastronomie de qualit\u00e9<\/p>\n<p>Cette bo\u00eete cadeau apporte un peu de la joie de vivre italienne directement \u00e0 la maison. Commande d\u00e8s aujourd'hui et offre des moments de plaisir qui resteront grav\u00e9s dans ta m\u00e9moire !<\/p>\n<p style=\"text-align: left;\"><a href=\"https:\/\/naturguet.ch\/naehrwerte\/\" target=\"_blank\" rel=\"noopener\">https:\/\/naturguet.ch\/naehrwerte\/<\/a><\/p>","protected":false},"excerpt":{"rendered":"<p>Cette \u00e9l\u00e9gante bo\u00eete cadeau est le cadeau parfait pour les gourmands et tous ceux qui aiment ce qui est sp\u00e9cial. Que ce soit une surprise pour un \u00eatre cher ou un moment de plaisir pour soi-m\u00eame, ce coffret enthousiasme par ses ingr\u00e9dients nobles et sa pr\u00e9sentation de qualit\u00e9.<\/p>","protected":false},"featured_media":51269,"template":"","meta":[],"product_brand":[],"product_cat":[53,1023,797,42,47,885,52,1225],"product_tag":[310],"woo-feed-brand":[],"class_list":{"0":"post-32998","1":"product","2":"type-product","3":"status-publish","4":"has-post-thumbnail","6":"product_cat-geschenksets","7":"product_cat-fuer-mama","8":"product_cat-muttertag","9":"product_cat-kueche","10":"product_cat-kuechenaromen","11":"product_cat-koestlichkeiten","12":"product_cat-geschenke","13":"product_cat-genuss","14":"product_tag-naturguet","16":"first","17":"instock","18":"featured","19":"taxable","20":"shipping-taxable","21":"purchasable","22":"product-type-simple"},"_links":{"self":[{"href":"https:\/\/www.fleurop-home.ch\/fr-ch\/wp-json\/wp\/v2\/product\/32998","targetHints":{"allow":["GET"]}}],"collection":[{"href":"https:\/\/www.fleurop-home.ch\/fr-ch\/wp-json\/wp\/v2\/product"}],"about":[{"href":"https:\/\/www.fleurop-home.ch\/fr-ch\/wp-json\/wp\/v2\/types\/product"}],"wp:featuredmedia":[{"embeddable":true,"href":"https:\/\/www.fleurop-home.ch\/fr-ch\/wp-json\/wp\/v2\/media\/51269"}],"wp:attachment":[{"href":"https:\/\/www.fleurop-home.ch\/fr-ch\/wp-json\/wp\/v2\/media?parent=32998"}],"wp:term":[{"taxonomy":"product_brand","embeddable":true,"href":"https:\/\/www.fleurop-home.ch\/fr-ch\/wp-json\/wp\/v2\/product_brand?post=32998"},{"taxonomy":"product_cat","embeddable":true,"href":"https:\/\/www.fleurop-home.ch\/fr-ch\/wp-json\/wp\/v2\/product_cat?post=32998"},{"taxonomy":"product_tag","embeddable":true,"href":"https:\/\/www.fleurop-home.ch\/fr-ch\/wp-json\/wp\/v2\/product_tag?post=32998"},{"taxonomy":"woo-feed-brand","embeddable":true,"href":"https:\/\/www.fleurop-home.ch\/fr-ch\/wp-json\/wp\/v2\/woo-feed-brand?post=32998"}],"curies":[{"name":"wp","href":"https:\/\/api.w.org\/{rel}","templated":true}]}}