{"id":32836,"date":"2024-04-23T11:10:35","date_gmt":"2024-04-23T09:10:35","guid":{"rendered":"https:\/\/www.fleurop-home.ch\/?post_type=product&#038;p=32836"},"modified":"2026-01-27T08:14:43","modified_gmt":"2026-01-27T07:14:43","slug":"les-gaufrettes-de-gottlieber-with-love","status":"publish","type":"product","link":"https:\/\/www.fleurop-home.ch\/fr-ch\/p\/gottlieber-hueppen-with-love","title":{"rendered":"Les gaufrettes de Gottlieber \"With Love\""},"content":{"rendered":"<p style=\"text-align: left;\">Seuls des ingr\u00e9dients de qualit\u00e9 sup\u00e9rieure, presque exclusivement certifi\u00e9s et issus de l'agriculture biologique, et des mati\u00e8res premi\u00e8res issues du commerce \u00e9quitable sont utilis\u00e9s pour ce noble d\u00e9lice suisse. Cette \u00e9dition sp\u00e9ciale comprend 8 bricelets premium emball\u00e9s individuellement dans les saveurs Irish Cream, Cappuccino et Amaretto.<\/p>\n<table width=\"650\">\n<tbody>\n<tr>\n<td width=\"650\"><strong>Ingr\u00e9dients<\/strong><\/td>\n<\/tr>\n<tr>\n<td>Sucre, farine de bl\u00e9, graisses v\u00e9g\u00e9tales (coco, palmiste durable, palme durable), amandes, lait entier en poudre, lait \u00e9cr\u00e9m\u00e9 en poudre, caf\u00e9 torr\u00e9fi\u00e9 issu du commerce \u00e9quitable, \u00e9mulsifiant : l\u00e9cithine de tournesol, cacao en poudre issu du commerce \u00e9quitable, jaune d'\u0153uf en poudre (\u0153ufs d'\u00e9levage en plein air), p\u00e2te de cacao issue du commerce \u00e9quitable, beurre de cacao issu du commerce \u00e9quitable, ar\u00f4mes, sel de cuisine.<\/td>\n<\/tr>\n<tr>\n<td><strong>Informations sur les valeurs nutritives<\/strong><\/td>\n<\/tr>\n<tr>\n<td>Valeur \u00e9nerg\u00e9tique : 2'045 kJ (491 kcal), graisse : 25 g, dont acides gras satur\u00e9s 19 g, glucides 61 g, dont sucre 40 g, prot\u00e9ines 7 g, sel 0.15 g<\/td>\n<\/tr>\n<tr>\n<td><strong>Conseils pour les personnes allergiques<\/strong><\/td>\n<\/tr>\n<tr>\n<td>Peut contenir des noisettes.<\/td>\n<\/tr>\n<tr>\n<td><strong>Pays d'origine<\/strong><\/td>\n<\/tr>\n<tr>\n<td>Suisse<\/td>\n<\/tr>\n<\/tbody>\n<\/table>\n<p style=\"text-align: left;\"><strong>Il s'agit d'un produit \"Fleurop Edition\".<\/strong><\/p>\n<p style=\"text-align: left;\">","protected":false},"excerpt":{"rendered":"<p>Bouchons Gottlieber Premium \"Special Edition for Fleurop\" (8 bouchons)<\/p>","protected":false},"featured_media":71549,"template":"","meta":[],"product_brand":[],"product_cat":[114,995,1023,1003,1090,910,797,984,1207,999,1088,909,915,42,885,52,54],"product_tag":[282],"woo-feed-brand":[],"class_list":{"0":"post-32836","1":"product","2":"type-product","3":"status-publish","4":"has-post-thumbnail","6":"product_cat-schokolade-sweets","7":"product_cat-essen-trinken","8":"product_cat-fuer-mama","9":"product_cat-fuer-sie","10":"product_cat-geniesser","11":"product_cat-geschenkideen","12":"product_cat-muttertag","13":"product_cat-silvester","14":"product_cat-unter-25-chf","15":"product_cat-valentinstag","16":"product_cat-vatertag","17":"product_cat-weihnachten","18":"product_cat-wichteln","19":"product_cat-kueche","20":"product_cat-koestlichkeiten","21":"product_cat-geschenke","22":"product_cat-feinkost","23":"product_tag-fleurop-interflora","25":"first","26":"instock","27":"taxable","28":"shipping-taxable","29":"purchasable","30":"product-type-simple"},"_links":{"self":[{"href":"https:\/\/www.fleurop-home.ch\/fr-ch\/wp-json\/wp\/v2\/product\/32836","targetHints":{"allow":["GET"]}}],"collection":[{"href":"https:\/\/www.fleurop-home.ch\/fr-ch\/wp-json\/wp\/v2\/product"}],"about":[{"href":"https:\/\/www.fleurop-home.ch\/fr-ch\/wp-json\/wp\/v2\/types\/product"}],"wp:featuredmedia":[{"embeddable":true,"href":"https:\/\/www.fleurop-home.ch\/fr-ch\/wp-json\/wp\/v2\/media\/71549"}],"wp:attachment":[{"href":"https:\/\/www.fleurop-home.ch\/fr-ch\/wp-json\/wp\/v2\/media?parent=32836"}],"wp:term":[{"taxonomy":"product_brand","embeddable":true,"href":"https:\/\/www.fleurop-home.ch\/fr-ch\/wp-json\/wp\/v2\/product_brand?post=32836"},{"taxonomy":"product_cat","embeddable":true,"href":"https:\/\/www.fleurop-home.ch\/fr-ch\/wp-json\/wp\/v2\/product_cat?post=32836"},{"taxonomy":"product_tag","embeddable":true,"href":"https:\/\/www.fleurop-home.ch\/fr-ch\/wp-json\/wp\/v2\/product_tag?post=32836"},{"taxonomy":"woo-feed-brand","embeddable":true,"href":"https:\/\/www.fleurop-home.ch\/fr-ch\/wp-json\/wp\/v2\/woo-feed-brand?post=32836"}],"curies":[{"name":"wp","href":"https:\/\/api.w.org\/{rel}","templated":true}]}}