{"id":32823,"date":"2024-04-22T16:35:29","date_gmt":"2024-04-22T14:35:29","guid":{"rendered":"https:\/\/www.fleurop-home.ch\/?post_type=product&#038;p=32823"},"modified":"2026-04-22T11:01:26","modified_gmt":"2026-04-22T09:01:26","slug":"boules-de-graines-bombe-vitaminee-6-pieces","status":"publish","type":"product","link":"https:\/\/www.fleurop-home.ch\/fr-ch\/p\/samenkugeln-vitaminbombe-6er","title":{"rendered":"Boules de graines bombe de vitamines 6"},"content":{"rendered":"<p style=\"text-align: left;\">Les boules de graines contiennent un m\u00e9lange de diverses esp\u00e8ces comestibles, dont des laitues \u00e0 couper, des \u00e9pinards, de la roquette, du cresson de jardin, de l'oseille et bien d'autres encore. Tout est comestible et plein de vitamines. Les salades annuelles, les l\u00e9gumes et les herbes se d\u00e9veloppent tr\u00e8s rapidement.<br \/>\nElles forment en peu de temps un \"bouquet\" vert de plantes comestibles.<\/p>\n<p style=\"text-align: left;\">Boules de graines, seedbombs, seedballs, bombes de graines, seed bombs, boules de graines - elles ont de nombreux noms. Mais que sont les boules de graines et comment sont-elles fabriqu\u00e9es ? Toutes nos boules de graines sont fabriqu\u00e9es \u00e0 la main par UrbanGardeningShop. Tout dans ces produits est fait \u00e0 la main. Pour la production, nous utilisons uniquement des produits naturels comme l'argile, le terreau bio (sans tourbe) et les graines. Gr\u00e2ce au roulage \u00e0 la main, chaque boule de graines est unique. Aucune ne ressemble exactement \u00e0 l'autre, chacune est un produit naturel. Les boules de graines sont emball\u00e9es dans de petites bo\u00eetes en carton. Superbement \u00e9tiquet\u00e9es, id\u00e9ales comme cadeau ou pour embellir le jardin avec les enfants.<\/p>\n<p style=\"text-align: left;\"><strong>Instructions :<\/strong>\u00a0Lancer des boules de graines ou les enfoncer l\u00e9g\u00e8rement dans le sol de mani\u00e8re cibl\u00e9e aux endroits souhait\u00e9s. La nature fait le reste toute seule. Soutiens ainsi activement les abeilles et les papillons.<\/p>","protected":false},"excerpt":{"rendered":"<p>Lot de 6 boules de graines. Id\u00e9al pour faire pousser des l\u00e9gumes verts riches en vitamines dans des pots ou dans le jardin pour les smoothies ou les salades.<\/p>","protected":false},"featured_media":32825,"template":"","meta":[],"product_brand":[],"product_cat":[110,1263,1002,1266,1089,999,1088,34,41],"product_tag":[287],"woo-feed-brand":[],"class_list":{"0":"post-32823","1":"product","2":"type-product","3":"status-publish","4":"has-post-thumbnail","6":"product_cat-samen","7":"product_cat-fleuropkids","8":"product_cat-fuer-ihn","9":"product_cat-garten-outdoor","10":"product_cat-hobbygaertner","11":"product_cat-valentinstag","12":"product_cat-vatertag","13":"product_cat-garten-balkon","14":"product_cat-outdoorpflanzen","15":"product_tag-urbangardeningshop-ch","17":"first","18":"instock","19":"taxable","20":"shipping-taxable","21":"purchasable","22":"product-type-simple"},"_links":{"self":[{"href":"https:\/\/www.fleurop-home.ch\/fr-ch\/wp-json\/wp\/v2\/product\/32823","targetHints":{"allow":["GET"]}}],"collection":[{"href":"https:\/\/www.fleurop-home.ch\/fr-ch\/wp-json\/wp\/v2\/product"}],"about":[{"href":"https:\/\/www.fleurop-home.ch\/fr-ch\/wp-json\/wp\/v2\/types\/product"}],"wp:featuredmedia":[{"embeddable":true,"href":"https:\/\/www.fleurop-home.ch\/fr-ch\/wp-json\/wp\/v2\/media\/32825"}],"wp:attachment":[{"href":"https:\/\/www.fleurop-home.ch\/fr-ch\/wp-json\/wp\/v2\/media?parent=32823"}],"wp:term":[{"taxonomy":"product_brand","embeddable":true,"href":"https:\/\/www.fleurop-home.ch\/fr-ch\/wp-json\/wp\/v2\/product_brand?post=32823"},{"taxonomy":"product_cat","embeddable":true,"href":"https:\/\/www.fleurop-home.ch\/fr-ch\/wp-json\/wp\/v2\/product_cat?post=32823"},{"taxonomy":"product_tag","embeddable":true,"href":"https:\/\/www.fleurop-home.ch\/fr-ch\/wp-json\/wp\/v2\/product_tag?post=32823"},{"taxonomy":"woo-feed-brand","embeddable":true,"href":"https:\/\/www.fleurop-home.ch\/fr-ch\/wp-json\/wp\/v2\/woo-feed-brand?post=32823"}],"curies":[{"name":"wp","href":"https:\/\/api.w.org\/{rel}","templated":true}]}}