{"id":32819,"date":"2024-04-22T16:34:12","date_gmt":"2024-04-22T14:34:12","guid":{"rendered":"https:\/\/www.fleurop-home.ch\/?post_type=product&#038;p=32819"},"modified":"2026-04-22T11:01:27","modified_gmt":"2026-04-22T09:01:27","slug":"boules-de-graines-nectar-oasis-6-pieces","status":"publish","type":"product","link":"https:\/\/www.fleurop-home.ch\/fr-ch\/p\/samenkugeln-nektar-oase-6er","title":{"rendered":"Boules de graines Oasis de nectar, 6 pi\u00e8ces"},"content":{"rendered":"<p style=\"text-align: left\">Les boules de graines contiennent un m\u00e9lange de plus de 40 esp\u00e8ces, dont la phac\u00e9lie, les bleuets, les tr\u00e8fles, les tournesols, les vip\u00e9rines, les campanules, les liserons des buissons, les soucis, les corbeilles d\u00e9coratives et bien d'autres. Les fleurs annuelles se d\u00e9veloppent tr\u00e8s rapidement. Elles forment en peu de temps un \"bouquet\" de fleurs multicolores qui font la joie des hommes et des insectes.<\/p>\n<p style=\"text-align: left\">Boules de graines, seedbombs, seedballs, bombes de graines, seed bombs, boules de graines - elles ont de nombreux noms. Mais que sont les boules de graines et comment sont-elles fabriqu\u00e9es ? Toutes nos boules de graines sont fabriqu\u00e9es \u00e0 la main par UrbanGardeningShop. Tout dans ces produits est fait \u00e0 la main. Pour la production, nous utilisons uniquement des produits naturels comme l'argile, le terreau bio (sans tourbe) et les graines. Gr\u00e2ce au roulage \u00e0 la main, chaque boule de graines est unique. Aucune ne ressemble exactement \u00e0 l'autre, chacune est un produit naturel. Les boules de graines sont emball\u00e9es dans de petites bo\u00eetes en carton. Superbement \u00e9tiquet\u00e9es, id\u00e9ales comme cadeau ou pour embellir le jardin avec les enfants.<\/p>\n<p style=\"text-align: left\"><strong>Instructions :<\/strong>\u00a0Lancer des boules de graines ou les enfoncer l\u00e9g\u00e8rement dans le sol de mani\u00e8re cibl\u00e9e aux endroits souhait\u00e9s. La nature fait le reste toute seule. Soutiens ainsi activement les abeilles et les papillons.<\/p>","protected":false},"excerpt":{"rendered":"<p>Lot de 6 boules de graines pour promouvoir la biodiversit\u00e9 ! Cr\u00e9e de petites oasis de nectar avec les boules de graines. Id\u00e9al pour les abeilles mellif\u00e8res, les papillons et autres insectes.<\/p>","protected":false},"featured_media":32820,"template":"","meta":[],"product_brand":[],"product_cat":[110,1263,1023,1266,797,34,41],"product_tag":[287],"woo-feed-brand":[],"class_list":{"0":"post-32819","1":"product","2":"type-product","3":"status-publish","4":"has-post-thumbnail","6":"product_cat-samen","7":"product_cat-fleuropkids","8":"product_cat-fuer-mama","9":"product_cat-garten-outdoor","10":"product_cat-muttertag","11":"product_cat-garten-balkon","12":"product_cat-outdoorpflanzen","13":"product_tag-urbangardeningshop-ch","15":"first","16":"instock","17":"taxable","18":"shipping-taxable","19":"purchasable","20":"product-type-simple"},"_links":{"self":[{"href":"https:\/\/www.fleurop-home.ch\/fr-ch\/wp-json\/wp\/v2\/product\/32819","targetHints":{"allow":["GET"]}}],"collection":[{"href":"https:\/\/www.fleurop-home.ch\/fr-ch\/wp-json\/wp\/v2\/product"}],"about":[{"href":"https:\/\/www.fleurop-home.ch\/fr-ch\/wp-json\/wp\/v2\/types\/product"}],"wp:featuredmedia":[{"embeddable":true,"href":"https:\/\/www.fleurop-home.ch\/fr-ch\/wp-json\/wp\/v2\/media\/32820"}],"wp:attachment":[{"href":"https:\/\/www.fleurop-home.ch\/fr-ch\/wp-json\/wp\/v2\/media?parent=32819"}],"wp:term":[{"taxonomy":"product_brand","embeddable":true,"href":"https:\/\/www.fleurop-home.ch\/fr-ch\/wp-json\/wp\/v2\/product_brand?post=32819"},{"taxonomy":"product_cat","embeddable":true,"href":"https:\/\/www.fleurop-home.ch\/fr-ch\/wp-json\/wp\/v2\/product_cat?post=32819"},{"taxonomy":"product_tag","embeddable":true,"href":"https:\/\/www.fleurop-home.ch\/fr-ch\/wp-json\/wp\/v2\/product_tag?post=32819"},{"taxonomy":"woo-feed-brand","embeddable":true,"href":"https:\/\/www.fleurop-home.ch\/fr-ch\/wp-json\/wp\/v2\/woo-feed-brand?post=32819"}],"curies":[{"name":"wp","href":"https:\/\/api.w.org\/{rel}","templated":true}]}}