{"id":32568,"date":"2024-04-17T17:26:39","date_gmt":"2024-04-17T15:26:39","guid":{"rendered":"https:\/\/www.fleurop-home.ch\/?post_type=product&#038;p=32568"},"modified":"2026-04-07T14:57:05","modified_gmt":"2026-04-07T12:57:05","slug":"bouquet-de-fleurs-seches-avec-eucalyptus-black-beauty","status":"publish","type":"product","link":"https:\/\/www.fleurop-home.ch\/fr-ch\/p\/trockenblumenstrauss-mit-eukalyptus-black-beauty","title":{"rendered":"Bouquet de fleurs s\u00e9ch\u00e9es avec eucalyptus \u00abBlack Beauty\u00bb"},"content":{"rendered":"<h3 style=\"text-align: left\">Fleurs s\u00e9ch\u00e9es<br \/>\nLa tendance int\u00e9rieure<\/h3>\n<p>Les branches et les fleurs s\u00e9ch\u00e9es sont tr\u00e8s tendance.<br \/>\nDepuis longtemps, elles ne sont plus seulement des d\u00e9corations d'automne, mais apportent une magie particuli\u00e8re \u00e0 la maison tout au long de l'ann\u00e9e.<br \/>\nQu'elles soient dispos\u00e9es sur la table en tant qu'accent subtil ou g\u00e9n\u00e9reusement arrang\u00e9es dans un vase, les fleurs s\u00e9ch\u00e9es sont aussi belles individuellement que dans un bouquet li\u00e9 avec amour.<br \/>\nEt le meilleur dans tout \u00e7a : ton plaisir dure longtemps, car les fleurs s\u00e9ch\u00e9es tiennent et tiennent et tiennent encore.<\/p>\n<p>Le prix se r\u00e9f\u00e8re au paquet emball\u00e9 dans du \"papier naturel\". \u00d8 env. 17 cm H env. 30 cm<\/p>\n<p data-start=\"125\" data-end=\"168\"><strong data-start=\"125\" data-end=\"163\">Remarques importantes sur les fleurs s\u00e9ch\u00e9es<\/strong><\/p>\n<p data-start=\"170\" data-end=\"308\">- S'il te pla\u00eet, d\u00e9balle soigneusement les fleurs s\u00e9ch\u00e9es du papier. Les branches s\u00e9ch\u00e9es sont plus fragiles et peuvent se casser plus facilement que les branches fra\u00eeches.<\/p>\n<p data-start=\"310\" data-end=\"486\">- Les fleurs s\u00e9ch\u00e9es sont des produits naturels. Les bouquets et les fleurs individuelles sont compos\u00e9s individuellement en fonction de la saison. C'est pourquoi le choix des fleurs, leur disposition et leur couleur peuvent varier l\u00e9g\u00e8rement.<\/p>\n<p data-start=\"488\" data-end=\"673\">- Si tu souhaites rendre le bouquet un peu plus a\u00e9r\u00e9 pour le mettre dans un vase, il te suffit de couper la ligature et d'arranger les fleurs s\u00e9ch\u00e9es de mani\u00e8re l\u00e2che selon ton go\u00fbt.<\/p>\n<p data-start=\"675\" data-end=\"864\">- Si l'humidit\u00e9 est \u00e9lev\u00e9e, les tiges ou les fleurs peuvent devenir un peu plus molles. Suspends le bouquet avec la fleur vers le bas dans un endroit sec pour que les tiges s'\u00e9tirent \u00e0 nouveau un peu.<\/p>\n<p data-start=\"866\" data-end=\"1210\">- Pour la conception, nous utilisons des fleurs d\u00e9coratives partiellement mont\u00e9es et des aides techniques comme le fil de fer, le bambou fendu, la colle, le raphia ou l'\u00e9lastique. Ceux-ci peuvent \u00eatre visibles. Certaines fleurs s\u00e9ch\u00e9es sont en outre blanchies ou color\u00e9es. La couleur et la longueur des tiges peuvent donc diff\u00e9rer l\u00e9g\u00e8rement de l'image de l'\u00e9chantillon, tout comme le papier d'emballage.<\/p>\n<p data-start=\"1212\" data-end=\"1396\">- Selon l'exposition \u00e0 la lumi\u00e8re, la luminosit\u00e9 du moniteur ou le r\u00e9glage du contraste, il peut y avoir une l\u00e9g\u00e8re diff\u00e9rence de couleur entre l'image sur le site web et le produit r\u00e9el.<\/p>\n<p data-start=\"1398\" data-end=\"1735\">- Le bouquet de fleurs s\u00e9ch\u00e9es est volontairement con\u00e7u un peu plus grand (environ 17 x 30 cm) pour l'envoi. Si certaines feuilles se cassent pendant le transport, tu peux les enlever facilement, le bouquet aura quand m\u00eame la taille indiqu\u00e9e.<\/p>","protected":false},"excerpt":{"rendered":"<p>Notre bouquet de fleurs s\u00e9ch\u00e9es \" Black Beauty \"avec eucalyptus est une composition \u00e9l\u00e9gante qui incarne une beaut\u00e9 intemporelle avec ses nuances sombres et cr\u00e8me. Les couleurs principales noir et cr\u00e8me-blanc se fondent harmonieusement et en font un point de mire impressionnant dans chaque pi\u00e8ce.<\/p>","protected":false},"featured_media":32569,"template":"","meta":[],"product_brand":[],"product_cat":[117,23],"product_tag":[290],"woo-feed-brand":[],"class_list":{"0":"post-32568","1":"product","2":"type-product","3":"status-publish","4":"has-post-thumbnail","6":"product_cat-trockenblumen","7":"product_cat-home-living","8":"product_tag-atelier-leutwyler","10":"first","11":"instock","12":"taxable","13":"shipping-taxable","14":"purchasable","15":"product-type-simple"},"_links":{"self":[{"href":"https:\/\/www.fleurop-home.ch\/fr-ch\/wp-json\/wp\/v2\/product\/32568","targetHints":{"allow":["GET"]}}],"collection":[{"href":"https:\/\/www.fleurop-home.ch\/fr-ch\/wp-json\/wp\/v2\/product"}],"about":[{"href":"https:\/\/www.fleurop-home.ch\/fr-ch\/wp-json\/wp\/v2\/types\/product"}],"wp:featuredmedia":[{"embeddable":true,"href":"https:\/\/www.fleurop-home.ch\/fr-ch\/wp-json\/wp\/v2\/media\/32569"}],"wp:attachment":[{"href":"https:\/\/www.fleurop-home.ch\/fr-ch\/wp-json\/wp\/v2\/media?parent=32568"}],"wp:term":[{"taxonomy":"product_brand","embeddable":true,"href":"https:\/\/www.fleurop-home.ch\/fr-ch\/wp-json\/wp\/v2\/product_brand?post=32568"},{"taxonomy":"product_cat","embeddable":true,"href":"https:\/\/www.fleurop-home.ch\/fr-ch\/wp-json\/wp\/v2\/product_cat?post=32568"},{"taxonomy":"product_tag","embeddable":true,"href":"https:\/\/www.fleurop-home.ch\/fr-ch\/wp-json\/wp\/v2\/product_tag?post=32568"},{"taxonomy":"woo-feed-brand","embeddable":true,"href":"https:\/\/www.fleurop-home.ch\/fr-ch\/wp-json\/wp\/v2\/woo-feed-brand?post=32568"}],"curies":[{"name":"wp","href":"https:\/\/api.w.org\/{rel}","templated":true}]}}