{"id":32543,"date":"2024-04-17T17:03:47","date_gmt":"2024-04-17T15:03:47","guid":{"rendered":"https:\/\/www.fleurop-home.ch\/?post_type=product&#038;p=32543"},"modified":"2026-02-05T14:34:00","modified_gmt":"2026-02-05T13:34:00","slug":"coffret-de-fete-avec-prosecco","status":"publish","type":"product","link":"https:\/\/www.fleurop-home.ch\/fr-ch\/p\/festtagsbox-mit-prosecco","title":{"rendered":"Coffret de f\u00eate avec prosecco"},"content":{"rendered":"<p style=\"text-align: left;\">Coffret de f\u00eate avec contenu Prosecco :<\/p>\n<p>1 bouteille de Prosecco 75cl<br \/>\n1 paquet de bretzeli \u00e0 l'\u00e9peautre originaire du pays d'Appenzell<br \/>\n1 m\u00e9lange de risotto fin pour 2 personnes<br \/>\n1 \u00e9pice \u00e0 champagne<br \/>\n1 lumi\u00e8re de bougie dans un verre<\/p>\n<p style=\"text-align: left;\"><a href=\"https:\/\/naturguet.ch\/naehrwerte\/\" target=\"_blank\" rel=\"noopener\">https:\/\/naturguet.ch\/naehrwerte\/<\/a><\/p>","protected":false},"excerpt":{"rendered":"<p>Coffret de f\u00eate avec du prosecco, des biscuits ap\u00e9ritifs, un d\u00e9licieux m\u00e9lange de risotto et une chandelle<\/p>","protected":false},"featured_media":32544,"template":"","meta":[],"product_brand":[],"product_cat":[53,1022,910,1091,797,1019,1018,984,993,1088,909,916,42,47,115,885,52,1225],"product_tag":[147,310],"woo-feed-brand":[],"class_list":{"0":"post-32543","1":"product","2":"type-product","3":"status-publish","4":"has-post-thumbnail","6":"product_cat-geschenksets","7":"product_cat-brunch","8":"product_cat-geschenkideen","9":"product_cat-hobbykoch","10":"product_cat-muttertag","11":"product_cat-osterbrunch","12":"product_cat-ostern","13":"product_cat-silvester","14":"product_cat-silvestergeschenke","15":"product_cat-vatertag","16":"product_cat-weihnachten","17":"product_cat-praesente","18":"product_cat-kueche","19":"product_cat-kuechenaromen","20":"product_cat-spirituosen","21":"product_cat-koestlichkeiten","22":"product_cat-geschenke","23":"product_cat-genuss","24":"product_tag-alkohol","25":"product_tag-naturguet","27":"first","28":"instock","29":"taxable","30":"shipping-taxable","31":"purchasable","32":"product-type-simple"},"_links":{"self":[{"href":"https:\/\/www.fleurop-home.ch\/fr-ch\/wp-json\/wp\/v2\/product\/32543","targetHints":{"allow":["GET"]}}],"collection":[{"href":"https:\/\/www.fleurop-home.ch\/fr-ch\/wp-json\/wp\/v2\/product"}],"about":[{"href":"https:\/\/www.fleurop-home.ch\/fr-ch\/wp-json\/wp\/v2\/types\/product"}],"wp:featuredmedia":[{"embeddable":true,"href":"https:\/\/www.fleurop-home.ch\/fr-ch\/wp-json\/wp\/v2\/media\/32544"}],"wp:attachment":[{"href":"https:\/\/www.fleurop-home.ch\/fr-ch\/wp-json\/wp\/v2\/media?parent=32543"}],"wp:term":[{"taxonomy":"product_brand","embeddable":true,"href":"https:\/\/www.fleurop-home.ch\/fr-ch\/wp-json\/wp\/v2\/product_brand?post=32543"},{"taxonomy":"product_cat","embeddable":true,"href":"https:\/\/www.fleurop-home.ch\/fr-ch\/wp-json\/wp\/v2\/product_cat?post=32543"},{"taxonomy":"product_tag","embeddable":true,"href":"https:\/\/www.fleurop-home.ch\/fr-ch\/wp-json\/wp\/v2\/product_tag?post=32543"},{"taxonomy":"woo-feed-brand","embeddable":true,"href":"https:\/\/www.fleurop-home.ch\/fr-ch\/wp-json\/wp\/v2\/woo-feed-brand?post=32543"}],"curies":[{"name":"wp","href":"https:\/\/api.w.org\/{rel}","templated":true}]}}