{"id":32230,"date":"2024-05-28T08:37:28","date_gmt":"2024-05-28T06:37:28","guid":{"rendered":"https:\/\/www.fleurop-home.ch\/?post_type=product&#038;p=32230"},"modified":"2025-04-01T04:38:51","modified_gmt":"2025-04-01T02:38:51","slug":"set-de-3-haekel-chien","status":"publish","type":"product","link":"https:\/\/www.fleurop-home.ch\/fr-ch\/p\/3er-set-haekel-hund","title":{"rendered":"Set de 3 chiens \u00e0 crocheter"},"content":{"rendered":"<p style=\"text-align: left\"><strong>Le set de 3 petits chiens contient<br \/>\n<\/strong><\/p>\n<ul style=\"list-style-type: disc;text-align: left\">\n<li>Une cha\u00eene de t\u00e9tine<\/li>\n<li>Un hochet<\/li>\n<li>Un grand chien au crochet<\/li>\n<\/ul>\n<p style=\"text-align: left\"><strong>Couleur : beige, marron<\/strong><\/p>\n<ul style=\"list-style-type: square;text-align: left\">\n<li>Collier de perles en bois\/silicone<\/li>\n<li>Hochet \u00e0 t\u00eate de chien rempli de clochettes<\/li>\n<li>Cha\u00eene pour t\u00e9tine avec t\u00eate de chien en croquet et deux perles au crochet<\/li>\n<li>Sans personnalisation<\/li>\n<li>Attache-sucette clip en bois<\/li>\n<li>Chien en coton au crochet d'environ 26cm de long<\/li>\n<li>100% fait main<\/li>\n<\/ul>\n<p style=\"text-align: left\"><strong>ATTENTION !<\/strong><\/p>\n<ul style=\"text-align: left\">\n<li>V\u00e9rifie la cha\u00eene de la t\u00e9tine et le hochet avant chaque utilisation.<\/li>\n<li>Nettoie la cha\u00eene pour t\u00e9tine ainsi que le hochet avant la premi\u00e8re utilisation.<\/li>\n<li>L'utilisation m\u00e9canique peut entra\u00eener une usure<\/li>\n<li>Au premier signe de d\u00e9faut de la cha\u00eene, hochet, jette-la imm\u00e9diatement.<\/li>\n<li>Ne jamais rallonger la cha\u00eene de la t\u00e9tine et l'attacher uniquement aux v\u00eatements.<\/li>\n<li>Utilise la cha\u00eene, le hochet et l'animal \u00e0 crocheter uniquement sous la surveillance d'un adulte.<\/li>\n<li>Rince la cha\u00eene et le hochet \u00e0 l'eau chaude pour les nettoyer et laisse-les s\u00e9cher.<\/li>\n<li>L'animal \u00e0 crocheter ne convient pas au lave-linge\/tumbler<\/li>\n<li>Aucune responsabilit\u00e9 en cas de mauvaise utilisation<\/li>\n<\/ul>\n<p style=\"text-align: left\"><em>La forme et la couleur des produits peuvent varier l\u00e9g\u00e8rement par rapport aux images des produits.<\/em><\/p>","protected":false},"excerpt":{"rendered":"<p>Notre set de 3 petits chiens est le cadeau id\u00e9al pour une naissance, un bapt\u00eame ou une f\u00eate de b\u00e9b\u00e9. Il contient une attache-t\u00e9tine, un hochet ainsi qu'un grand chien au crochet. Surprends ceux que tu aimes avec ce super set !<\/p>","protected":false},"featured_media":32231,"template":"","meta":[],"product_brand":[],"product_cat":[939,910,909,916,59],"product_tag":[336],"woo-feed-brand":[],"class_list":{"0":"post-32230","1":"product","2":"type-product","3":"status-publish","4":"has-post-thumbnail","6":"product_cat-kindergeschenke","7":"product_cat-geschenkideen","8":"product_cat-weihnachten","9":"product_cat-praesente","10":"product_cat-kids","11":"product_tag-teddi-bebe","13":"first","14":"instock","15":"taxable","16":"shipping-taxable","17":"purchasable","18":"product-type-simple"},"_links":{"self":[{"href":"https:\/\/www.fleurop-home.ch\/fr-ch\/wp-json\/wp\/v2\/product\/32230","targetHints":{"allow":["GET"]}}],"collection":[{"href":"https:\/\/www.fleurop-home.ch\/fr-ch\/wp-json\/wp\/v2\/product"}],"about":[{"href":"https:\/\/www.fleurop-home.ch\/fr-ch\/wp-json\/wp\/v2\/types\/product"}],"wp:featuredmedia":[{"embeddable":true,"href":"https:\/\/www.fleurop-home.ch\/fr-ch\/wp-json\/wp\/v2\/media\/32231"}],"wp:attachment":[{"href":"https:\/\/www.fleurop-home.ch\/fr-ch\/wp-json\/wp\/v2\/media?parent=32230"}],"wp:term":[{"taxonomy":"product_brand","embeddable":true,"href":"https:\/\/www.fleurop-home.ch\/fr-ch\/wp-json\/wp\/v2\/product_brand?post=32230"},{"taxonomy":"product_cat","embeddable":true,"href":"https:\/\/www.fleurop-home.ch\/fr-ch\/wp-json\/wp\/v2\/product_cat?post=32230"},{"taxonomy":"product_tag","embeddable":true,"href":"https:\/\/www.fleurop-home.ch\/fr-ch\/wp-json\/wp\/v2\/product_tag?post=32230"},{"taxonomy":"woo-feed-brand","embeddable":true,"href":"https:\/\/www.fleurop-home.ch\/fr-ch\/wp-json\/wp\/v2\/woo-feed-brand?post=32230"}],"curies":[{"name":"wp","href":"https:\/\/api.w.org\/{rel}","templated":true}]}}