{"id":32179,"date":"2024-05-28T08:37:25","date_gmt":"2024-05-28T06:37:25","guid":{"rendered":"https:\/\/www.fleurop-home.ch\/?post_type=product&#038;p=32179"},"modified":"2026-03-27T08:29:10","modified_gmt":"2026-03-27T07:29:10","slug":"planche-a-dejeuner-meilleure-maman-2","status":"publish","type":"product","link":"https:\/\/www.fleurop-home.ch\/fr-ch\/p\/fruehstuecksbrett-beste-mama","title":{"rendered":"Planche de petit-d\u00e9jeuner Meilleure maman"},"content":{"rendered":"<p style=\"text-align: left;\"><strong>Planche \u00e0 d\u00e9jeuner<br \/>\n<\/strong><\/p>\n<p style=\"text-align: left;\"><strong>Mat\u00e9riel : bois de h\u00eatre<br \/>\n<\/strong><\/p>\n<ul style=\"list-style-type: disc;\">\n<li style=\"text-align: left;\">Dimensions 24x14x1.5cm<\/li>\n<li style=\"text-align: left;\">en bois de h\u00eatre non trait\u00e9 de haute qualit\u00e9<\/li>\n<li style=\"text-align: left;\">Le texte est grav\u00e9<\/li>\n<li style=\"text-align: left;\">Grande r\u00e9sistance aux coupures, ainsi qu'utilisable des deux c\u00f4t\u00e9s<\/li>\n<li style=\"text-align: left;\">comme il s'agit d'un produit naturel, la couleur et le grain peuvent diff\u00e9rer de l'image<\/li>\n<li style=\"text-align: left;\">ne convient pas au lave-vaisselle(lavage \u00e0 la main)<\/li>\n<li style=\"text-align: left;\">frotter r\u00e9guli\u00e8rement avec de l'huile alimentaire pour prolonger la dur\u00e9e de conservation<\/li>\n<li style=\"text-align: left;\">ne convient pas pour le lave-vaisselle<\/li>\n<\/ul>\n<p style=\"text-align: left;\"><strong>La couleur des produits peut varier l\u00e9g\u00e8rement par rapport aux images des produits.<\/strong><\/p>\n<p style=\"text-align: left;\"><strong>Nous d\u00e9clinons toute responsabilit\u00e9 en cas de mauvaise utilisation.<\/strong><\/p>","protected":false},"excerpt":{"rendered":"<p>Notre plateau de petit-d\u00e9jeuner Meilleure maman pour ta maman pr\u00e9f\u00e9r\u00e9e : bois de haute qualit\u00e9, gravure personnalis\u00e9e. Un compagnon quotidien pour des petits d\u00e9jeuners agr\u00e9ables et des souvenirs durables. Le cadeau parfait pour dire merci \u00e0 ta maman pour tout !<\/p>","protected":false},"featured_media":76373,"template":"","meta":[],"product_brand":[],"product_cat":[44,1023,910,797,909,916,42],"product_tag":[336],"woo-feed-brand":[],"class_list":{"0":"post-32179","1":"product","2":"type-product","3":"status-publish","4":"has-post-thumbnail","6":"product_cat-kuechenhelfer","7":"product_cat-fuer-mama","8":"product_cat-geschenkideen","9":"product_cat-muttertag","10":"product_cat-weihnachten","11":"product_cat-praesente","12":"product_cat-kueche","13":"product_tag-teddi-bebe","15":"first","16":"instock","17":"taxable","18":"shipping-taxable","19":"purchasable","20":"product-type-simple"},"_links":{"self":[{"href":"https:\/\/www.fleurop-home.ch\/fr-ch\/wp-json\/wp\/v2\/product\/32179","targetHints":{"allow":["GET"]}}],"collection":[{"href":"https:\/\/www.fleurop-home.ch\/fr-ch\/wp-json\/wp\/v2\/product"}],"about":[{"href":"https:\/\/www.fleurop-home.ch\/fr-ch\/wp-json\/wp\/v2\/types\/product"}],"wp:featuredmedia":[{"embeddable":true,"href":"https:\/\/www.fleurop-home.ch\/fr-ch\/wp-json\/wp\/v2\/media\/76373"}],"wp:attachment":[{"href":"https:\/\/www.fleurop-home.ch\/fr-ch\/wp-json\/wp\/v2\/media?parent=32179"}],"wp:term":[{"taxonomy":"product_brand","embeddable":true,"href":"https:\/\/www.fleurop-home.ch\/fr-ch\/wp-json\/wp\/v2\/product_brand?post=32179"},{"taxonomy":"product_cat","embeddable":true,"href":"https:\/\/www.fleurop-home.ch\/fr-ch\/wp-json\/wp\/v2\/product_cat?post=32179"},{"taxonomy":"product_tag","embeddable":true,"href":"https:\/\/www.fleurop-home.ch\/fr-ch\/wp-json\/wp\/v2\/product_tag?post=32179"},{"taxonomy":"woo-feed-brand","embeddable":true,"href":"https:\/\/www.fleurop-home.ch\/fr-ch\/wp-json\/wp\/v2\/woo-feed-brand?post=32179"}],"curies":[{"name":"wp","href":"https:\/\/api.w.org\/{rel}","templated":true}]}}