{"id":32104,"date":"2024-05-28T08:37:23","date_gmt":"2024-05-28T06:37:23","guid":{"rendered":"https:\/\/www.fleurop-home.ch\/?post_type=product&#038;p=32104"},"modified":"2025-11-04T15:06:34","modified_gmt":"2025-11-04T14:06:34","slug":"chaine-pour-tetine-basic-beige","status":"publish","type":"product","link":"https:\/\/www.fleurop-home.ch\/fr-ch\/p\/schnullerkette-basic-beige","title":{"rendered":"Attache-sucette Basic beige"},"content":{"rendered":"<p style=\"text-align: left;\"><strong>Cha\u00eene pour t\u00e9tines<br \/>\n<\/strong><\/p>\n<p style=\"text-align: left;\"><strong>Couleur : Beige<\/strong><\/p>\n<ul style=\"list-style-type: disc; text-align: left;\">\n<li>Perles en bois et en silicone<\/li>\n<li>Sans personnalisation<\/li>\n<li>Les cha\u00eenes sont fabriqu\u00e9es selon la norme europ\u00e9enne EN 12586 (norme pour les cha\u00eenes de t\u00e9tines).<\/li>\n<li>La ficelle r\u00e9pond aux normes \u00e9cologiques et est extr\u00eamement r\u00e9sistante \u00e0 la d\u00e9chirure.<\/li>\n<li>Les couleurs sont inalt\u00e9rables, r\u00e9sistantes \u00e0 la salive et \u00e0 la sueur<\/li>\n<li>Le clip en bois ne rouille pas et ne contient pas de nickel<\/li>\n<\/ul>\n<p style=\"text-align: left;\"><strong>Pour la s\u00e9curit\u00e9 de ton enfant, tiens compte de ce qui suit :<\/strong><\/p>\n<p style=\"text-align: left;\"><strong>ATTENTION !<\/strong><\/p>\n<ul>\n<li style=\"text-align: left;\">Nettoie l'attache-sucette avant la premi\u00e8re utilisation<\/li>\n<li style=\"text-align: left;\">V\u00e9rifie l'attache-sucette avant chaque utilisation<\/li>\n<li style=\"text-align: left;\">Une sollicitation m\u00e9canique comme le fait de m\u00e2cher ou de sucer l'attache-sucette peut entra\u00eener une usure.<\/li>\n<li style=\"text-align: left;\">D\u00e8s les premiers signes de d\u00e9fauts, \u00e9limine-les imm\u00e9diatement<\/li>\n<li style=\"text-align: left;\">Ne jamais rallonger la cha\u00eene de la t\u00e9tine et l'attacher uniquement aux v\u00eatements.<\/li>\n<li style=\"text-align: left;\">A utiliser uniquement sous la surveillance d'un adulte<\/li>\n<li style=\"text-align: left;\">Pour le nettoyer, rince-le \u00e0 l'eau chaude et laisse-le s\u00e9cher.<\/li>\n<li style=\"text-align: left;\">Aucune responsabilit\u00e9 en cas de mauvaise utilisation<\/li>\n<\/ul>\n<p style=\"text-align: left;\"><strong>La forme et la couleur des produits peuvent varier l\u00e9g\u00e8rement par rapport aux images des produits.<\/strong><\/p>\n<p>&nbsp;<\/p>","protected":false},"excerpt":{"rendered":"<p>Une cha\u00eene de t\u00e9tine faite \u00e0 la main pour ton petit ch\u00e9ri - l'accessoire parfait pour b\u00e9b\u00e9 et un merveilleux cadeau pour une f\u00eate de b\u00e9b\u00e9, une naissance ou un bapt\u00eame.<\/p>","protected":false},"featured_media":32105,"template":"","meta":[],"product_brand":[],"product_cat":[62,1208,909,915,59],"product_tag":[336],"woo-feed-brand":[],"class_list":{"0":"post-32104","1":"product","2":"type-product","3":"status-publish","4":"has-post-thumbnail","6":"product_cat-spielzeug","7":"product_cat-ueber-25-chf","8":"product_cat-weihnachten","9":"product_cat-wichteln","10":"product_cat-kids","11":"product_tag-teddi-bebe","13":"first","14":"instock","15":"taxable","16":"shipping-taxable","17":"purchasable","18":"product-type-simple"},"_links":{"self":[{"href":"https:\/\/www.fleurop-home.ch\/fr-ch\/wp-json\/wp\/v2\/product\/32104","targetHints":{"allow":["GET"]}}],"collection":[{"href":"https:\/\/www.fleurop-home.ch\/fr-ch\/wp-json\/wp\/v2\/product"}],"about":[{"href":"https:\/\/www.fleurop-home.ch\/fr-ch\/wp-json\/wp\/v2\/types\/product"}],"wp:featuredmedia":[{"embeddable":true,"href":"https:\/\/www.fleurop-home.ch\/fr-ch\/wp-json\/wp\/v2\/media\/32105"}],"wp:attachment":[{"href":"https:\/\/www.fleurop-home.ch\/fr-ch\/wp-json\/wp\/v2\/media?parent=32104"}],"wp:term":[{"taxonomy":"product_brand","embeddable":true,"href":"https:\/\/www.fleurop-home.ch\/fr-ch\/wp-json\/wp\/v2\/product_brand?post=32104"},{"taxonomy":"product_cat","embeddable":true,"href":"https:\/\/www.fleurop-home.ch\/fr-ch\/wp-json\/wp\/v2\/product_cat?post=32104"},{"taxonomy":"product_tag","embeddable":true,"href":"https:\/\/www.fleurop-home.ch\/fr-ch\/wp-json\/wp\/v2\/product_tag?post=32104"},{"taxonomy":"woo-feed-brand","embeddable":true,"href":"https:\/\/www.fleurop-home.ch\/fr-ch\/wp-json\/wp\/v2\/woo-feed-brand?post=32104"}],"curies":[{"name":"wp","href":"https:\/\/api.w.org\/{rel}","templated":true}]}}