{"id":32089,"date":"2024-05-28T08:37:28","date_gmt":"2024-05-28T06:37:28","guid":{"rendered":"https:\/\/www.fleurop-home.ch\/?post_type=product&#038;p=32089"},"modified":"2025-04-01T04:38:55","modified_gmt":"2025-04-01T02:38:55","slug":"set-de-2-chevaux-haekel","status":"publish","type":"product","link":"https:\/\/www.fleurop-home.ch\/fr-ch\/p\/2er-set-haekel-pferdchen","title":{"rendered":"Set de 2 petits chevaux au crochet"},"content":{"rendered":"<p style=\"text-align: left\"><strong>Le set de 2 petits chevaux contient<br \/>\n<\/strong><\/p>\n<ul style=\"list-style-type: disc;text-align: left\">\n<li>Une cha\u00eene de t\u00e9tine<\/li>\n<li>Un grand cheval au crochet<\/li>\n<\/ul>\n<p style=\"text-align: left\"><strong>Couleur : beige, marron<\/strong><\/p>\n<ul style=\"list-style-type: square;text-align: left\">\n<li>Collier de perles en bois\/silicone<\/li>\n<li>Attache-t\u00e9tine avec t\u00eate de cheval en croquet et deux perles au crochet<\/li>\n<li>Sans personnalisation<\/li>\n<li>Attache-sucette clip en silicone<\/li>\n<li>Cheval en coton \u00e0 crocheter d'environ 30cm de long<\/li>\n<li>100% fait main<\/li>\n<\/ul>\n<p style=\"text-align: left\"><strong>ATTENTION !<\/strong><\/p>\n<ul style=\"text-align: left\">\n<li>V\u00e9rifie l'attache-sucette avant chaque utilisation<\/li>\n<li>Nettoie l'attache-sucette avant la premi\u00e8re utilisation<\/li>\n<li>L'utilisation m\u00e9canique peut entra\u00eener une usure<\/li>\n<li>D\u00e8s les premiers signes de d\u00e9fauts sur la cha\u00eene, jette-la imm\u00e9diatement.<\/li>\n<li>Ne jamais rallonger la cha\u00eene de la t\u00e9tine et l'attacher uniquement aux v\u00eatements.<\/li>\n<li>Utilise la cha\u00eene et l'animal \u00e0 crocheter uniquement sous la surveillance d'un adulte.<\/li>\n<li>Pour le nettoyer, rince-le \u00e0 l'eau chaude et laisse-le s\u00e9cher.<\/li>\n<li>L'animal \u00e0 crocheter ne convient pas au lave-linge\/tumbler<\/li>\n<li>Aucune responsabilit\u00e9 en cas de mauvaise utilisation<\/li>\n<\/ul>\n<p style=\"text-align: left\"><em>La forme et la couleur des produits peuvent varier l\u00e9g\u00e8rement par rapport aux images des produits.<\/em><\/p>","protected":false},"excerpt":{"rendered":"<p>Notre set de 2 petits chevaux est le cadeau id\u00e9al pour une naissance, un bapt\u00eame ou une f\u00eate de b\u00e9b\u00e9. Il contient une attache-t\u00e9tine ainsi qu'un grand cheval au crochet. Surprends ceux que tu aimes avec ce super set !<\/p>","protected":false},"featured_media":32091,"template":"","meta":[],"product_brand":[],"product_cat":[939,59],"product_tag":[336],"woo-feed-brand":[],"class_list":{"0":"post-32089","1":"product","2":"type-product","3":"status-publish","4":"has-post-thumbnail","6":"product_cat-kindergeschenke","7":"product_cat-kids","8":"product_tag-teddi-bebe","10":"first","11":"instock","12":"taxable","13":"shipping-taxable","14":"purchasable","15":"product-type-simple"},"_links":{"self":[{"href":"https:\/\/www.fleurop-home.ch\/fr-ch\/wp-json\/wp\/v2\/product\/32089","targetHints":{"allow":["GET"]}}],"collection":[{"href":"https:\/\/www.fleurop-home.ch\/fr-ch\/wp-json\/wp\/v2\/product"}],"about":[{"href":"https:\/\/www.fleurop-home.ch\/fr-ch\/wp-json\/wp\/v2\/types\/product"}],"wp:featuredmedia":[{"embeddable":true,"href":"https:\/\/www.fleurop-home.ch\/fr-ch\/wp-json\/wp\/v2\/media\/32091"}],"wp:attachment":[{"href":"https:\/\/www.fleurop-home.ch\/fr-ch\/wp-json\/wp\/v2\/media?parent=32089"}],"wp:term":[{"taxonomy":"product_brand","embeddable":true,"href":"https:\/\/www.fleurop-home.ch\/fr-ch\/wp-json\/wp\/v2\/product_brand?post=32089"},{"taxonomy":"product_cat","embeddable":true,"href":"https:\/\/www.fleurop-home.ch\/fr-ch\/wp-json\/wp\/v2\/product_cat?post=32089"},{"taxonomy":"product_tag","embeddable":true,"href":"https:\/\/www.fleurop-home.ch\/fr-ch\/wp-json\/wp\/v2\/product_tag?post=32089"},{"taxonomy":"woo-feed-brand","embeddable":true,"href":"https:\/\/www.fleurop-home.ch\/fr-ch\/wp-json\/wp\/v2\/woo-feed-brand?post=32089"}],"curies":[{"name":"wp","href":"https:\/\/api.w.org\/{rel}","templated":true}]}}