{"id":32076,"date":"2024-05-28T08:37:22","date_gmt":"2024-05-28T06:37:22","guid":{"rendered":"https:\/\/www.fleurop-home.ch\/?post_type=product&#038;p=32076"},"modified":"2025-11-04T15:13:43","modified_gmt":"2025-11-04T14:13:43","slug":"boite-a-dents-ma-1ere-dent","status":"publish","type":"product","link":"https:\/\/www.fleurop-home.ch\/fr-ch\/p\/zahndose-mein-1-zahn","title":{"rendered":"Bo\u00eete \u00e0 dents Ma premi\u00e8re dent"},"content":{"rendered":"<p style=\"text-align: left;\"><strong>Bo\u00eete \u00e0 dents<br \/>\n<\/strong><\/p>\n<p><strong>Mat\u00e9riel : bois<\/strong><\/p>\n<ul>\n<li style=\"text-align: left;\">Diam\u00e8tre de la bo\u00eete 5cm<\/li>\n<li style=\"text-align: left;\">Hauteur 3.5cm<\/li>\n<li style=\"text-align: left;\">avec couvercle<\/li>\n<\/ul>\n<p style=\"text-align: left;\"><strong>La couleur des produits peut varier l\u00e9g\u00e8rement par rapport aux images des produits.<\/strong><\/p>\n<p style=\"text-align: left;\"><strong>Veuillez noter qu'il ne s'agit pas d'un jouet et qu'il doit donc \u00eatre gard\u00e9 hors de port\u00e9e des enfants. Nous d\u00e9clinons toute responsabilit\u00e9 en cas d'utilisation inappropri\u00e9e.<\/strong><\/p>\n<p style=\"text-align: left;\">","protected":false},"excerpt":{"rendered":"<p>Notre bo\u00eete \u00e0 dents est grav\u00e9e avec amour et constitue un cadeau unique pour une naissance, un bapt\u00eame ou une f\u00eate de b\u00e9b\u00e9. La bo\u00eete est l'endroit id\u00e9al pour conserver les premi\u00e8res dents en toute s\u00e9curit\u00e9 et, plus tard, un merveilleux souvenir pour ton enfant.<\/p>","protected":false},"featured_media":32077,"template":"","meta":[],"product_brand":[],"product_cat":[939,1207,909,915,59],"product_tag":[336],"woo-feed-brand":[],"class_list":{"0":"post-32076","1":"product","2":"type-product","3":"status-publish","4":"has-post-thumbnail","6":"product_cat-kindergeschenke","7":"product_cat-unter-25-chf","8":"product_cat-weihnachten","9":"product_cat-wichteln","10":"product_cat-kids","11":"product_tag-teddi-bebe","13":"first","14":"instock","15":"taxable","16":"shipping-taxable","17":"purchasable","18":"product-type-simple"},"_links":{"self":[{"href":"https:\/\/www.fleurop-home.ch\/fr-ch\/wp-json\/wp\/v2\/product\/32076","targetHints":{"allow":["GET"]}}],"collection":[{"href":"https:\/\/www.fleurop-home.ch\/fr-ch\/wp-json\/wp\/v2\/product"}],"about":[{"href":"https:\/\/www.fleurop-home.ch\/fr-ch\/wp-json\/wp\/v2\/types\/product"}],"wp:featuredmedia":[{"embeddable":true,"href":"https:\/\/www.fleurop-home.ch\/fr-ch\/wp-json\/wp\/v2\/media\/32077"}],"wp:attachment":[{"href":"https:\/\/www.fleurop-home.ch\/fr-ch\/wp-json\/wp\/v2\/media?parent=32076"}],"wp:term":[{"taxonomy":"product_brand","embeddable":true,"href":"https:\/\/www.fleurop-home.ch\/fr-ch\/wp-json\/wp\/v2\/product_brand?post=32076"},{"taxonomy":"product_cat","embeddable":true,"href":"https:\/\/www.fleurop-home.ch\/fr-ch\/wp-json\/wp\/v2\/product_cat?post=32076"},{"taxonomy":"product_tag","embeddable":true,"href":"https:\/\/www.fleurop-home.ch\/fr-ch\/wp-json\/wp\/v2\/product_tag?post=32076"},{"taxonomy":"woo-feed-brand","embeddable":true,"href":"https:\/\/www.fleurop-home.ch\/fr-ch\/wp-json\/wp\/v2\/woo-feed-brand?post=32076"}],"curies":[{"name":"wp","href":"https:\/\/api.w.org\/{rel}","templated":true}]}}