{"id":31417,"date":"2024-05-27T09:30:00","date_gmt":"2024-05-27T07:30:00","guid":{"rendered":"https:\/\/www.fleurop-home.ch\/?post_type=product&#038;p=31417"},"modified":"2025-04-01T04:45:13","modified_gmt":"2025-04-01T02:45:13","slug":"blooms-for-you-clementine","status":"publish","type":"product","link":"https:\/\/www.fleurop-home.ch\/fr-ch\/p\/blooms-for-you-clementine","title":{"rendered":"Blooms for you \"Cl\u00e9mentine"},"content":{"rendered":"<p>Statices en abricot (5 tiges), dans un sac \u00e0 fleurs en papier kraft<\/p>\n<p>\"Blooms for you\" est une merveilleuse fa\u00e7on de s'offrir des fleurs fra\u00eeches aux superbes couleurs pour sa maison. Que ce soit pour des occasions sp\u00e9ciales ou simplement comme \u00e7a, \"Blooms for you\" offre un grand choix de couleurs, de formes et de parfums qui fleuriront n'importe quelle pi\u00e8ce.<\/p>","protected":false},"excerpt":{"rendered":"<p>Statices en abricot (5 tiges), dans un sac \u00e0 fleurs en papier kraft<\/p>","protected":false},"featured_media":47001,"template":"","meta":[],"product_brand":[],"product_cat":[1039,23,1020,1018,112,26],"product_tag":[294],"woo-feed-brand":[],"class_list":{"0":"post-31417","1":"product","2":"type-product","3":"status-publish","4":"has-post-thumbnail","6":"product_cat-blooms-for-you","7":"product_cat-home-living","8":"product_cat-ostergeschenke","9":"product_cat-ostern","10":"product_cat-schnittblumen","11":"product_cat-blumen-pflanzen","12":"product_tag-the-bloomery","14":"first","15":"instock","16":"taxable","17":"shipping-taxable","18":"purchasable","19":"product-type-simple"},"_links":{"self":[{"href":"https:\/\/www.fleurop-home.ch\/fr-ch\/wp-json\/wp\/v2\/product\/31417","targetHints":{"allow":["GET"]}}],"collection":[{"href":"https:\/\/www.fleurop-home.ch\/fr-ch\/wp-json\/wp\/v2\/product"}],"about":[{"href":"https:\/\/www.fleurop-home.ch\/fr-ch\/wp-json\/wp\/v2\/types\/product"}],"wp:featuredmedia":[{"embeddable":true,"href":"https:\/\/www.fleurop-home.ch\/fr-ch\/wp-json\/wp\/v2\/media\/47001"}],"wp:attachment":[{"href":"https:\/\/www.fleurop-home.ch\/fr-ch\/wp-json\/wp\/v2\/media?parent=31417"}],"wp:term":[{"taxonomy":"product_brand","embeddable":true,"href":"https:\/\/www.fleurop-home.ch\/fr-ch\/wp-json\/wp\/v2\/product_brand?post=31417"},{"taxonomy":"product_cat","embeddable":true,"href":"https:\/\/www.fleurop-home.ch\/fr-ch\/wp-json\/wp\/v2\/product_cat?post=31417"},{"taxonomy":"product_tag","embeddable":true,"href":"https:\/\/www.fleurop-home.ch\/fr-ch\/wp-json\/wp\/v2\/product_tag?post=31417"},{"taxonomy":"woo-feed-brand","embeddable":true,"href":"https:\/\/www.fleurop-home.ch\/fr-ch\/wp-json\/wp\/v2\/woo-feed-brand?post=31417"}],"curies":[{"name":"wp","href":"https:\/\/api.w.org\/{rel}","templated":true}]}}