{"id":2133,"date":"2023-11-17T16:36:56","date_gmt":"2023-11-17T15:36:56","guid":{"rendered":"https:\/\/www.fleurop-home.ch\/?post_type=product&#038;p=2133"},"modified":"2026-01-05T14:10:17","modified_gmt":"2026-01-05T13:10:17","slug":"boite-en-faience-avec-motif-de-feuilles-et-couvercle-en-bambou","status":"publish","type":"product","link":"https:\/\/www.fleurop-home.ch\/fr-ch\/p\/dose-aus-steingut-mit-blaettermotiv-und-bambusdeckel","title":{"rendered":"Bo\u00eete en fa\u00efence, avec motif de feuilles et couvercle en bambou"},"content":{"rendered":"<p>Cette jolie bo\u00eete en pierre avec une surface rugueuse et brune et un motif de feuilles fines est vraiment polyvalente : que ce soit pour conserver des aliments secs dans la cuisine ou pour collecter des pi\u00e8ces de monnaie en vrac dans le couloir, tout peut \u00eatre ferm\u00e9 et conserv\u00e9 proprement et en toute s\u00e9curit\u00e9 gr\u00e2ce au sceau en silicone et au couvercle en bambou.<\/p>\n<ul>\n<li>R\u00e9cipient \u00e9tanche \u00e0 l'air avec couvercle en bambou et sceau en silicone<\/li>\n<li>Id\u00e9al pour conserver les aliments secs comme les herbes, les biscuits, les \u00e9pices, les c\u00e9r\u00e9ales, le caf\u00e9<\/li>\n<li>Bo\u00eete en fa\u00efence rugueuse durable avec motif de feuilles en filigrane<\/li>\n<li>Chaque produit est fait \u00e0 la main avec amour, donc les motifs peuvent varier.<\/li>\n<li>Contient 750 ml<\/li>\n<li>hauteur 10 cm, diam\u00e8tre 10 cm<\/li>\n<\/ul>\n<p>&nbsp;<\/p>","protected":false},"excerpt":{"rendered":"<p>Bo\u00eete en fa\u00efence, avec motif de feuilles et couvercle en bambou, 10 x 10 cm, 0,75 litre<\/p>","protected":false},"featured_media":2135,"template":"","meta":[],"product_brand":[],"product_cat":[1102,23,910,797,1024,1207,909,32,30,915,42,1101,43],"product_tag":[324],"woo-feed-brand":[],"class_list":{"0":"post-2133","1":"product","2":"type-product","3":"status-publish","4":"has-post-thumbnail","6":"product_cat-essen","7":"product_cat-home-living","8":"product_cat-geschenkideen","9":"product_cat-muttertag","10":"product_cat-muttertagsdeko","11":"product_cat-unter-25-chf","12":"product_cat-weihnachten","13":"product_cat-aufbewahrung","14":"product_cat-deko-accessoires","15":"product_cat-wichteln","16":"product_cat-kueche","17":"product_cat-geschirr","18":"product_cat-gedeckter-tisch","19":"product_tag-marein-ag","21":"first","22":"instock","23":"taxable","24":"shipping-taxable","25":"purchasable","26":"product-type-simple"},"_links":{"self":[{"href":"https:\/\/www.fleurop-home.ch\/fr-ch\/wp-json\/wp\/v2\/product\/2133","targetHints":{"allow":["GET"]}}],"collection":[{"href":"https:\/\/www.fleurop-home.ch\/fr-ch\/wp-json\/wp\/v2\/product"}],"about":[{"href":"https:\/\/www.fleurop-home.ch\/fr-ch\/wp-json\/wp\/v2\/types\/product"}],"wp:featuredmedia":[{"embeddable":true,"href":"https:\/\/www.fleurop-home.ch\/fr-ch\/wp-json\/wp\/v2\/media\/2135"}],"wp:attachment":[{"href":"https:\/\/www.fleurop-home.ch\/fr-ch\/wp-json\/wp\/v2\/media?parent=2133"}],"wp:term":[{"taxonomy":"product_brand","embeddable":true,"href":"https:\/\/www.fleurop-home.ch\/fr-ch\/wp-json\/wp\/v2\/product_brand?post=2133"},{"taxonomy":"product_cat","embeddable":true,"href":"https:\/\/www.fleurop-home.ch\/fr-ch\/wp-json\/wp\/v2\/product_cat?post=2133"},{"taxonomy":"product_tag","embeddable":true,"href":"https:\/\/www.fleurop-home.ch\/fr-ch\/wp-json\/wp\/v2\/product_tag?post=2133"},{"taxonomy":"woo-feed-brand","embeddable":true,"href":"https:\/\/www.fleurop-home.ch\/fr-ch\/wp-json\/wp\/v2\/woo-feed-brand?post=2133"}],"curies":[{"name":"wp","href":"https:\/\/api.w.org\/{rel}","templated":true}]}}