{"id":2054,"date":"2023-11-17T14:26:52","date_gmt":"2023-11-17T13:26:52","guid":{"rendered":"https:\/\/www.fleurop-home.ch\/?post_type=product&#038;p=2054"},"modified":"2025-05-12T14:02:11","modified_gmt":"2025-05-12T12:02:11","slug":"microgreen-pads-radis-rouge-3-coussinets","status":"publish","type":"product","link":"https:\/\/www.fleurop-home.ch\/fr-ch\/p\/microgreen-pads-radieschen-rot-3-coussinets","title":{"rendered":"Pastilles Microgreen \u201aRadis rouge\u2018 - 3 pastilles"},"content":{"rendered":"<p>Go\u00fbt fort et \u00e9pic\u00e9, l\u00e9g\u00e8rement piquant<\/p>\n<p>Raphanus sativus<br \/>\nRADIES, ROUGE<\/p>\n<p>3 pastilles de germination BIO pour cultiver facilement et rapidement des microgreens toute l'ann\u00e9e<\/p>\n<p>Arroser le pad d'eau r\u00e9guli\u00e8rement et avec pr\u00e9caution et le maintenir constamment humide. Placer le r\u00e9cipient avec le couvercle dans un endroit clair, sans lumi\u00e8re directe du soleil. Enlever le couvercle d\u00e8s que les premi\u00e8res microgreens ont atteint le couvercle.<\/p>\n<p>DF -\u00d6KO-003 \/ Agriculture UE<\/p>","protected":false},"excerpt":{"rendered":"<p>Pastilles de germination BIO pour la culture facile et rapide de microgreens tout au long de l'ann\u00e9e.<\/p>","protected":false},"featured_media":46693,"template":"","meta":[],"product_brand":[],"product_cat":[47,1091,1088,42,885],"product_tag":[289],"woo-feed-brand":[],"class_list":{"0":"post-2054","1":"product","2":"type-product","3":"status-publish","4":"has-post-thumbnail","6":"product_cat-kuechenaromen","7":"product_cat-hobbykoch","8":"product_cat-vatertag","9":"product_cat-kueche","10":"product_cat-koestlichkeiten","11":"product_tag-blumengarten-kung-ag","13":"first","14":"instock","15":"taxable","16":"shipping-taxable","17":"purchasable","18":"product-type-simple"},"_links":{"self":[{"href":"https:\/\/www.fleurop-home.ch\/fr-ch\/wp-json\/wp\/v2\/product\/2054","targetHints":{"allow":["GET"]}}],"collection":[{"href":"https:\/\/www.fleurop-home.ch\/fr-ch\/wp-json\/wp\/v2\/product"}],"about":[{"href":"https:\/\/www.fleurop-home.ch\/fr-ch\/wp-json\/wp\/v2\/types\/product"}],"wp:featuredmedia":[{"embeddable":true,"href":"https:\/\/www.fleurop-home.ch\/fr-ch\/wp-json\/wp\/v2\/media\/46693"}],"wp:attachment":[{"href":"https:\/\/www.fleurop-home.ch\/fr-ch\/wp-json\/wp\/v2\/media?parent=2054"}],"wp:term":[{"taxonomy":"product_brand","embeddable":true,"href":"https:\/\/www.fleurop-home.ch\/fr-ch\/wp-json\/wp\/v2\/product_brand?post=2054"},{"taxonomy":"product_cat","embeddable":true,"href":"https:\/\/www.fleurop-home.ch\/fr-ch\/wp-json\/wp\/v2\/product_cat?post=2054"},{"taxonomy":"product_tag","embeddable":true,"href":"https:\/\/www.fleurop-home.ch\/fr-ch\/wp-json\/wp\/v2\/product_tag?post=2054"},{"taxonomy":"woo-feed-brand","embeddable":true,"href":"https:\/\/www.fleurop-home.ch\/fr-ch\/wp-json\/wp\/v2\/woo-feed-brand?post=2054"}],"curies":[{"name":"wp","href":"https:\/\/api.w.org\/{rel}","templated":true}]}}