{"id":15617,"date":"2024-05-28T08:37:29","date_gmt":"2024-05-28T06:37:29","guid":{"rendered":"https:\/\/www.fleurop-home.ch\/?product=teddy-beissring-natur"},"modified":"2025-04-01T04:38:40","modified_gmt":"2025-04-01T02:38:40","slug":"teddy-anneau-de-dentition-nature","status":"publish","type":"product","link":"https:\/\/www.fleurop-home.ch\/fr-ch\/p\/teddy-beissring-natur","title":{"rendered":"Teddy anneau de dentition naturel"},"content":{"rendered":"<p style=\"text-align: left;\" data-mce-fragment=\"1\"><strong data-mce-fragment=\"1\">Anneau de dentition Teddy<br \/>\n<\/strong><\/p>\n<p style=\"text-align: left;\" data-mce-fragment=\"1\"><strong data-mce-fragment=\"1\">couleur : beige<\/strong><\/p>\n<ul style=\"list-style-type: disc;\">\n<li style=\"text-align: left;\" data-mce-fragment=\"1\">Teddy et anneau en bois naturel<\/li>\n<li style=\"text-align: left;\" data-mce-fragment=\"1\">Perles en bois + silicone<\/li>\n<\/ul>\n<p style=\"text-align: left;\" data-mce-fragment=\"1\"><strong>ATTENTION !<\/strong><\/p>\n<ul style=\"text-align: left;\" data-mce-fragment=\"1\">\n<li data-mce-fragment=\"1\">Nettoie l'anneau de dentition avant la premi\u00e8re utilisation<\/li>\n<li data-mce-fragment=\"1\">V\u00e9rifie l'anneau de dentition avant chaque utilisation<\/li>\n<li data-mce-fragment=\"1\">L'utilisation m\u00e9canique peut entra\u00eener une usure<\/li>\n<li data-mce-fragment=\"1\">D\u00e8s les premiers signes de d\u00e9fauts de l'anneau de dentition, jette-le imm\u00e9diatement<\/li>\n<li data-mce-fragment=\"1\">Utiliser l'anneau de dentition uniquement sous la surveillance d'un adulte<\/li>\n<li data-mce-fragment=\"1\">Pour le nettoyer, rince-le \u00e0 l'eau chaude et laisse-le s\u00e9cher.<\/li>\n<li data-mce-fragment=\"1\">Aucune responsabilit\u00e9 en cas de mauvaise utilisation<\/li>\n<\/ul>\n<p style=\"text-align: left;\" data-mce-fragment=\"1\"><strong data-mce-fragment=\"1\">La couleur des produits peut varier l\u00e9g\u00e8rement par rapport aux images des produits.<\/strong><\/p>\n<p style=\"text-align: left;\"><strong>Nous d\u00e9clinons toute responsabilit\u00e9 en cas de mauvaise utilisation.<\/strong><\/p>","protected":false},"excerpt":{"rendered":"<p>Notre anneau de dentition est l'accessoire id\u00e9al pour b\u00e9b\u00e9. En serrant les dents, cet anneau de dentition aide ton b\u00e9b\u00e9 \u00e0 soulager la douleur. De plus, l'anneau de dentition est le jouet parfait pour les voyages, de sorte que tu ne t'ennuieras jamais pendant les longs trajets en voiture.<\/p>","protected":false},"featured_media":32069,"template":"","meta":[],"product_brand":[],"product_cat":[62,1018,1026,59],"product_tag":[336],"woo-feed-brand":[],"class_list":{"0":"post-15617","1":"product","2":"type-product","3":"status-publish","4":"has-post-thumbnail","6":"product_cat-spielzeug","7":"product_cat-ostern","8":"product_cat-osternest","9":"product_cat-kids","10":"product_tag-teddi-bebe","12":"first","13":"instock","14":"taxable","15":"shipping-taxable","16":"purchasable","17":"product-type-simple"},"_links":{"self":[{"href":"https:\/\/www.fleurop-home.ch\/fr-ch\/wp-json\/wp\/v2\/product\/15617","targetHints":{"allow":["GET"]}}],"collection":[{"href":"https:\/\/www.fleurop-home.ch\/fr-ch\/wp-json\/wp\/v2\/product"}],"about":[{"href":"https:\/\/www.fleurop-home.ch\/fr-ch\/wp-json\/wp\/v2\/types\/product"}],"wp:featuredmedia":[{"embeddable":true,"href":"https:\/\/www.fleurop-home.ch\/fr-ch\/wp-json\/wp\/v2\/media\/32069"}],"wp:attachment":[{"href":"https:\/\/www.fleurop-home.ch\/fr-ch\/wp-json\/wp\/v2\/media?parent=15617"}],"wp:term":[{"taxonomy":"product_brand","embeddable":true,"href":"https:\/\/www.fleurop-home.ch\/fr-ch\/wp-json\/wp\/v2\/product_brand?post=15617"},{"taxonomy":"product_cat","embeddable":true,"href":"https:\/\/www.fleurop-home.ch\/fr-ch\/wp-json\/wp\/v2\/product_cat?post=15617"},{"taxonomy":"product_tag","embeddable":true,"href":"https:\/\/www.fleurop-home.ch\/fr-ch\/wp-json\/wp\/v2\/product_tag?post=15617"},{"taxonomy":"woo-feed-brand","embeddable":true,"href":"https:\/\/www.fleurop-home.ch\/fr-ch\/wp-json\/wp\/v2\/woo-feed-brand?post=15617"}],"curies":[{"name":"wp","href":"https:\/\/api.w.org\/{rel}","templated":true}]}}