{"id":15616,"date":"2024-05-28T08:37:29","date_gmt":"2024-05-28T06:37:29","guid":{"rendered":"https:\/\/www.fleurop-home.ch\/?product=2er-set-makramee-rosa"},"modified":"2025-04-01T04:38:42","modified_gmt":"2025-04-01T02:38:42","slug":"set-de-2-makramee-roses","status":"publish","type":"product","link":"https:\/\/www.fleurop-home.ch\/fr-ch\/p\/2er-set-makramee-rosa","title":{"rendered":"Set de 2 macram\u00e9s roses"},"content":{"rendered":"<p style=\"text-align: left;\" data-mce-fragment=\"1\"><strong data-mce-fragment=\"1\">Le set de 2 macram\u00e9s comprend<br \/>\n<\/strong><\/p>\n<ul style=\"list-style-type: disc; text-align: left;\">\n<li>Une cha\u00eene de t\u00e9tine<\/li>\n<li>Un anneau de dentition<\/li>\n<\/ul>\n<p style=\"text-align: left;\"><strong data-mce-fragment=\"1\"><strong data-mce-fragment=\"1\">Couleur : rose<\/strong><\/strong><\/p>\n<ul style=\"list-style-type: disc; text-align: left;\">\n<li data-mce-fragment=\"1\">Anneau de dentition et clip en bois naturel<\/li>\n<li data-mce-fragment=\"1\">Lavage \u00e0 la main uniquement<\/li>\n<\/ul>\n<p style=\"text-align: left;\"><strong>ATTENTION !<\/strong><\/p>\n<ul style=\"text-align: left;\">\n<li>Nettoie l'attache-t\u00e9tine et l'anneau de dentition avant la premi\u00e8re utilisation<\/li>\n<li>V\u00e9rifie l'attache-t\u00e9tine et l'anneau de dentition avant chaque utilisation.<\/li>\n<li>L'utilisation m\u00e9canique peut entra\u00eener une usure<\/li>\n<li>D\u00e8s les premiers signes de d\u00e9fauts de l'attache-t\u00e9tine ou de l'anneau de dentition, jette-les imm\u00e9diatement.<\/li>\n<li>Ne jamais rallonger la cha\u00eene de la t\u00e9tine et l'attacher uniquement aux v\u00eatements.<\/li>\n<li>Utilise l'attache-sucette et l'anneau de dentition uniquement sous la surveillance d'un adulte.<\/li>\n<li>Pour le nettoyer, rince-le \u00e0 l'eau chaude et laisse-le s\u00e9cher.<\/li>\n<\/ul>\n<p style=\"text-align: left;\" data-mce-fragment=\"1\">Nous d\u00e9clinons toute responsabilit\u00e9 en cas de mauvaise utilisation.<\/p>","protected":false},"excerpt":{"rendered":"<p>Notre set de 2 macram\u00e9 Bebe fait \u00e0 la main contient un anneau de dentition en bois ainsi qu'une cha\u00eene pour t\u00e9tine. Gr\u00e2ce \u00e0 son design simple et \u00e0 sa couleur naturelle, cet ensemble s'adapte \u00e0 toutes les tenues. Avec l'anneau de dentition, ton b\u00e9b\u00e9 apprend \u00e0 s'occuper tout seul et avec la magnifique cha\u00eene pour t\u00e9tine, tu t'assures que la t\u00e9tine ne sera jamais perdue.<\/p>","protected":false},"featured_media":32018,"template":"","meta":[],"product_brand":[],"product_cat":[62,1018,1026,59],"product_tag":[336],"woo-feed-brand":[],"class_list":{"0":"post-15616","1":"product","2":"type-product","3":"status-publish","4":"has-post-thumbnail","6":"product_cat-spielzeug","7":"product_cat-ostern","8":"product_cat-osternest","9":"product_cat-kids","10":"product_tag-teddi-bebe","12":"first","13":"instock","14":"taxable","15":"shipping-taxable","16":"purchasable","17":"product-type-simple"},"_links":{"self":[{"href":"https:\/\/www.fleurop-home.ch\/fr-ch\/wp-json\/wp\/v2\/product\/15616","targetHints":{"allow":["GET"]}}],"collection":[{"href":"https:\/\/www.fleurop-home.ch\/fr-ch\/wp-json\/wp\/v2\/product"}],"about":[{"href":"https:\/\/www.fleurop-home.ch\/fr-ch\/wp-json\/wp\/v2\/types\/product"}],"wp:featuredmedia":[{"embeddable":true,"href":"https:\/\/www.fleurop-home.ch\/fr-ch\/wp-json\/wp\/v2\/media\/32018"}],"wp:attachment":[{"href":"https:\/\/www.fleurop-home.ch\/fr-ch\/wp-json\/wp\/v2\/media?parent=15616"}],"wp:term":[{"taxonomy":"product_brand","embeddable":true,"href":"https:\/\/www.fleurop-home.ch\/fr-ch\/wp-json\/wp\/v2\/product_brand?post=15616"},{"taxonomy":"product_cat","embeddable":true,"href":"https:\/\/www.fleurop-home.ch\/fr-ch\/wp-json\/wp\/v2\/product_cat?post=15616"},{"taxonomy":"product_tag","embeddable":true,"href":"https:\/\/www.fleurop-home.ch\/fr-ch\/wp-json\/wp\/v2\/product_tag?post=15616"},{"taxonomy":"woo-feed-brand","embeddable":true,"href":"https:\/\/www.fleurop-home.ch\/fr-ch\/wp-json\/wp\/v2\/woo-feed-brand?post=15616"}],"curies":[{"name":"wp","href":"https:\/\/api.w.org\/{rel}","templated":true}]}}