{"id":15609,"date":"2024-05-28T08:37:30","date_gmt":"2024-05-28T06:37:30","guid":{"rendered":"https:\/\/www.fleurop-home.ch\/?product=mini-hakel-elefantchen"},"modified":"2025-04-01T04:38:33","modified_gmt":"2025-04-01T02:38:33","slug":"mini-hakel-elephant","status":"publish","type":"product","link":"https:\/\/www.fleurop-home.ch\/fr-ch\/p\/mini-hakel-elefantchen","title":{"rendered":"Mini \u00e9l\u00e9phants au crochet"},"content":{"rendered":"<p style=\"text-align: left\" data-mce-fragment=\"1\"><strong data-mce-fragment=\"1\">Mini-f\u00e8ves de cacao<\/strong><\/p>\n<p style=\"text-align: left\" data-mce-fragment=\"1\"><strong data-mce-fragment=\"1\">Mat\u00e9riaux : fil bio<\/strong><\/p>\n<p style=\"text-align: left\" data-mce-fragment=\"1\"><strong data-mce-fragment=\"1\">Les couleurs : Bleu<br \/>\n<\/strong><\/p>\n<ul style=\"text-align: left\" data-mce-fragment=\"1\">\n<li data-mce-fragment=\"1\">Taille : environ 12cm<\/li>\n<li data-mce-fragment=\"1\">Magnifique \u00e9l\u00e9phant<\/li>\n<li data-mce-fragment=\"1\">Lavage \u00e0 la main uniquement<\/li>\n<\/ul>\n<p style=\"text-align: left\" data-mce-fragment=\"1\">Nous d\u00e9clinons toute responsabilit\u00e9 en cas de mauvaise utilisation.<\/p>","protected":false},"excerpt":{"rendered":"<p>Le mini \u00e9l\u00e9phant Crochet est fabriqu\u00e9 \u00e0 la main avec amour. Gr\u00e2ce \u00e0 sa petite taille pratique, ton b\u00e9b\u00e9 peut facilement tenir le mini-animal et s'amuser dans sa chambre ou en d\u00e9placement.<\/p>","protected":false},"featured_media":32037,"template":"","meta":[],"product_brand":[],"product_cat":[62,59],"product_tag":[336],"woo-feed-brand":[],"class_list":{"0":"post-15609","1":"product","2":"type-product","3":"status-publish","4":"has-post-thumbnail","6":"product_cat-spielzeug","7":"product_cat-kids","8":"product_tag-teddi-bebe","10":"first","11":"instock","12":"taxable","13":"shipping-taxable","14":"purchasable","15":"product-type-simple"},"_links":{"self":[{"href":"https:\/\/www.fleurop-home.ch\/fr-ch\/wp-json\/wp\/v2\/product\/15609","targetHints":{"allow":["GET"]}}],"collection":[{"href":"https:\/\/www.fleurop-home.ch\/fr-ch\/wp-json\/wp\/v2\/product"}],"about":[{"href":"https:\/\/www.fleurop-home.ch\/fr-ch\/wp-json\/wp\/v2\/types\/product"}],"wp:featuredmedia":[{"embeddable":true,"href":"https:\/\/www.fleurop-home.ch\/fr-ch\/wp-json\/wp\/v2\/media\/32037"}],"wp:attachment":[{"href":"https:\/\/www.fleurop-home.ch\/fr-ch\/wp-json\/wp\/v2\/media?parent=15609"}],"wp:term":[{"taxonomy":"product_brand","embeddable":true,"href":"https:\/\/www.fleurop-home.ch\/fr-ch\/wp-json\/wp\/v2\/product_brand?post=15609"},{"taxonomy":"product_cat","embeddable":true,"href":"https:\/\/www.fleurop-home.ch\/fr-ch\/wp-json\/wp\/v2\/product_cat?post=15609"},{"taxonomy":"product_tag","embeddable":true,"href":"https:\/\/www.fleurop-home.ch\/fr-ch\/wp-json\/wp\/v2\/product_tag?post=15609"},{"taxonomy":"woo-feed-brand","embeddable":true,"href":"https:\/\/www.fleurop-home.ch\/fr-ch\/wp-json\/wp\/v2\/woo-feed-brand?post=15609"}],"curies":[{"name":"wp","href":"https:\/\/api.w.org\/{rel}","templated":true}]}}