{"id":15552,"date":"2024-02-09T13:59:27","date_gmt":"2024-02-09T12:59:27","guid":{"rendered":"https:\/\/www.fleurop-home.ch\/?product=we-love-the-real-shit"},"modified":"2025-10-03T12:45:44","modified_gmt":"2025-10-03T10:45:44","slug":"we-love-the-real-shit-emballage-kompst-3-5l","status":"publish","type":"product","link":"https:\/\/www.fleurop-home.ch\/fr-ch\/p\/we-love-the-real-shit-kompst-verpackung-3-5l","title":{"rendered":"We Love the Real Shit - Emballage pour compost 3.5l"},"content":{"rendered":"<p data-start=\"353\" data-end=\"553\">Tes plantes ne m\u00e9ritent pas du blabla, mais de la vraie nourriture : <strong data-start=\"414\" data-end=\"431\">La vraie merde<\/strong>. Notre compost est 100 % nature et regorge de nutriments qui feront briller tes plates-bandes, tes pots et tes parterres sur\u00e9lev\u00e9s.<\/p>\n<p data-start=\"555\" data-end=\"794\">Il est produit \u00e0 la ferme Moosbachhof \u00e0 Madlikon - \u00e0 partir de fumier d'animaux qui ont le droit de mener une bonne vie ici. Avec chaque sac, tu ne t'occupes pas seulement de plantes saines, mais tu soutiens aussi la nourriture, la liti\u00e8re et les soins de ces animaux.<\/p>\n<p data-start=\"796\" data-end=\"826\"><strong data-start=\"796\" data-end=\"824\">Pourquoi exactement cette merde ?<\/strong><\/p>\n<ul data-start=\"827\" data-end=\"1017\">\n<li data-start=\"827\" data-end=\"888\">\n<p data-start=\"829\" data-end=\"888\">Riche en nutriments naturels - pour une croissance vigoureuse<\/p>\n<\/li>\n<li data-start=\"889\" data-end=\"932\">\n<p data-start=\"891\" data-end=\"932\">Am\u00e9liore durablement la structure du sol<\/p>\n<\/li>\n<li data-start=\"933\" data-end=\"975\">\n<p data-start=\"935\" data-end=\"975\">Produit localement, \u00e9quitablement et avec le c\u0153ur<\/p>\n<\/li>\n<li data-start=\"976\" data-end=\"1017\">\n<p data-start=\"978\" data-end=\"1017\">Chaque achat = une contribution au bien-\u00eatre des animaux<\/p>\n<\/li>\n<\/ul>\n<p data-start=\"1019\" data-end=\"1139\">Donne \u00e0 ton jardin le meilleur de la nature - et n'h\u00e9site pas \u00e0 sourire : c'est tout simplement <strong data-start=\"1111\" data-end=\"1131\">Du vrai real shit<\/strong>.<\/p>","protected":false},"excerpt":{"rendered":"<p>Notre compost est 100 % de nature - plein de nutriments pour des plantes vigoureuses tout en contribuant au bien-\u00eatre des animaux.<\/p>","protected":false},"featured_media":33491,"template":"","meta":[],"product_brand":[],"product_cat":[39,34,110,41],"product_tag":[334],"woo-feed-brand":[],"class_list":{"0":"post-15552","1":"product","2":"type-product","3":"status-publish","4":"has-post-thumbnail","6":"product_cat-gartenzubehoer","7":"product_cat-garten-balkon","8":"product_cat-samen","9":"product_cat-outdoorpflanzen","10":"product_tag-welovetherealshit","12":"first","13":"instock","14":"taxable","15":"shipping-taxable","16":"purchasable","17":"product-type-simple"},"_links":{"self":[{"href":"https:\/\/www.fleurop-home.ch\/fr-ch\/wp-json\/wp\/v2\/product\/15552","targetHints":{"allow":["GET"]}}],"collection":[{"href":"https:\/\/www.fleurop-home.ch\/fr-ch\/wp-json\/wp\/v2\/product"}],"about":[{"href":"https:\/\/www.fleurop-home.ch\/fr-ch\/wp-json\/wp\/v2\/types\/product"}],"wp:featuredmedia":[{"embeddable":true,"href":"https:\/\/www.fleurop-home.ch\/fr-ch\/wp-json\/wp\/v2\/media\/33491"}],"wp:attachment":[{"href":"https:\/\/www.fleurop-home.ch\/fr-ch\/wp-json\/wp\/v2\/media?parent=15552"}],"wp:term":[{"taxonomy":"product_brand","embeddable":true,"href":"https:\/\/www.fleurop-home.ch\/fr-ch\/wp-json\/wp\/v2\/product_brand?post=15552"},{"taxonomy":"product_cat","embeddable":true,"href":"https:\/\/www.fleurop-home.ch\/fr-ch\/wp-json\/wp\/v2\/product_cat?post=15552"},{"taxonomy":"product_tag","embeddable":true,"href":"https:\/\/www.fleurop-home.ch\/fr-ch\/wp-json\/wp\/v2\/product_tag?post=15552"},{"taxonomy":"woo-feed-brand","embeddable":true,"href":"https:\/\/www.fleurop-home.ch\/fr-ch\/wp-json\/wp\/v2\/woo-feed-brand?post=15552"}],"curies":[{"name":"wp","href":"https:\/\/api.w.org\/{rel}","templated":true}]}}