{"id":15516,"date":"2024-01-26T06:59:46","date_gmt":"2024-01-26T06:59:46","guid":{"rendered":"https:\/\/www.fleurop-home.ch\/?product=watermelon-splash-kids-socks"},"modified":"2025-04-01T04:55:22","modified_gmt":"2025-04-01T02:55:22","slug":"chaussettes-pour-enfants-watermelon-splash","status":"publish","type":"product","link":"https:\/\/www.fleurop-home.ch\/fr-ch\/p\/watermelon-splash-kids-socks","title":{"rendered":"Past\u00e8que Splash Kids Chaussettes"},"content":{"rendered":"<p style=\"text-align: left;\">Les chaussettes Watermelon Splash Kids mettent un sourire sur ton visage chaque matin.<\/p>\n<p style=\"text-align: left;\">80% coton, 17% polyamide, 3% \u00e9lasthanne<\/p>","protected":false},"excerpt":{"rendered":"<p>ManyMornings - Chaussettes color\u00e9es d\u00e9pareill\u00e9es<\/p>","protected":false},"featured_media":15517,"template":"","meta":[],"product_brand":[],"product_cat":[60,1018,1026,59,52,56],"product_tag":[298],"woo-feed-brand":[],"class_list":{"0":"post-15516","1":"product","2":"type-product","3":"status-publish","4":"has-post-thumbnail","6":"product_cat-kindertextilien","7":"product_cat-ostern","8":"product_cat-osternest","9":"product_cat-kids","10":"product_cat-geschenke","11":"product_cat-bunte-socken","12":"product_tag-sportagon-gmbh","14":"first","15":"instock","16":"taxable","17":"shipping-taxable","18":"purchasable","19":"product-type-variable"},"_links":{"self":[{"href":"https:\/\/www.fleurop-home.ch\/fr-ch\/wp-json\/wp\/v2\/product\/15516","targetHints":{"allow":["GET"]}}],"collection":[{"href":"https:\/\/www.fleurop-home.ch\/fr-ch\/wp-json\/wp\/v2\/product"}],"about":[{"href":"https:\/\/www.fleurop-home.ch\/fr-ch\/wp-json\/wp\/v2\/types\/product"}],"wp:featuredmedia":[{"embeddable":true,"href":"https:\/\/www.fleurop-home.ch\/fr-ch\/wp-json\/wp\/v2\/media\/15517"}],"wp:attachment":[{"href":"https:\/\/www.fleurop-home.ch\/fr-ch\/wp-json\/wp\/v2\/media?parent=15516"}],"wp:term":[{"taxonomy":"product_brand","embeddable":true,"href":"https:\/\/www.fleurop-home.ch\/fr-ch\/wp-json\/wp\/v2\/product_brand?post=15516"},{"taxonomy":"product_cat","embeddable":true,"href":"https:\/\/www.fleurop-home.ch\/fr-ch\/wp-json\/wp\/v2\/product_cat?post=15516"},{"taxonomy":"product_tag","embeddable":true,"href":"https:\/\/www.fleurop-home.ch\/fr-ch\/wp-json\/wp\/v2\/product_tag?post=15516"},{"taxonomy":"woo-feed-brand","embeddable":true,"href":"https:\/\/www.fleurop-home.ch\/fr-ch\/wp-json\/wp\/v2\/woo-feed-brand?post=15516"}],"curies":[{"name":"wp","href":"https:\/\/api.w.org\/{rel}","templated":true}]}}