{"id":15504,"date":"2024-01-24T13:50:03","date_gmt":"2024-01-24T13:50:03","guid":{"rendered":"https:\/\/www.fleurop-home.ch\/?product=henruks-likor-basilikum-zitrone-2cl-shot"},"modified":"2025-11-04T14:28:44","modified_gmt":"2025-11-04T13:28:44","slug":"henruks-likor-basilic-citron-2cl-shot","status":"publish","type":"product","link":"https:\/\/www.fleurop-home.ch\/fr-ch\/p\/henruks-likor-basilikum-zitrone-2cl-shot","title":{"rendered":"HENRUK's Liqueur Basilic &amp; Citron 2cl Shot"},"content":{"rendered":"<p>Liqueur de basilic et de citron - cette boisson combine une douce amertume avec une acidit\u00e9 citronn\u00e9e et un soup\u00e7on d'amertume. Le parfum est fortement influenc\u00e9 par le basilic, tandis que le go\u00fbt est plut\u00f4t citronn\u00e9.<\/p>\n<p style=\"text-align: left;\"><strong>Liqueur de basilic et de citron<br \/>\n2cl<\/strong><br \/>\n<strong>19% Vol.<br \/>\nContenu de la livraison : 1 pi\u00e8ce<\/strong><\/p>\n<p>&nbsp;<\/p>\n<p style=\"text-align: left;\">HENRUK's est une entreprise bas\u00e9e \u00e0 Lucerne qui s'est engag\u00e9e \u00e0 faire revivre les tendances locales en mati\u00e8re de boissons. Avec une jeune \u00e9quipe engag\u00e9e, HENRUK's se concentre sur la mise sur le march\u00e9 de produits originaux et au go\u00fbt exceptionnel.<\/p>\n<p>Cela conf\u00e8re \u00e0 HENRUK's un caract\u00e8re personnel qui se refl\u00e8te dans toutes ses activit\u00e9s.<\/p>\n<p style=\"text-align: left;\">HENRUK's d\u00e9fend l'id\u00e9e de donner \u00e0 chaque boisson un caract\u00e8re unique et distinctif.<\/p>\n<p style=\"text-align: left;\">Nous t'invitons \u00e0 d\u00e9couvrir la diversit\u00e9 et la qualit\u00e9 de nos produits et \u00e0 apprendre par toi-m\u00eame comment nous revisitons les tendances locales en mati\u00e8re de boissons.<\/p>","protected":false},"excerpt":{"rendered":"<p>Liqueur de basilic et de citron - cette boisson combine une douce amertume avec une acidit\u00e9 citronn\u00e9e et un soup\u00e7on d'amertume. Le parfum est fortement influenc\u00e9 par le basilic, tandis que le go\u00fbt est plut\u00f4t citronn\u00e9.<\/p>","protected":false},"featured_media":15505,"template":"","meta":[],"product_brand":[],"product_cat":[115,1090,910,1207,1088,909,915,42,885,52,54],"product_tag":[147,904],"woo-feed-brand":[],"class_list":{"0":"post-15504","1":"product","2":"type-product","3":"status-publish","4":"has-post-thumbnail","6":"product_cat-spirituosen","7":"product_cat-geniesser","8":"product_cat-geschenkideen","9":"product_cat-unter-25-chf","10":"product_cat-vatertag","11":"product_cat-weihnachten","12":"product_cat-wichteln","13":"product_cat-kueche","14":"product_cat-koestlichkeiten","15":"product_cat-geschenke","16":"product_cat-feinkost","17":"product_tag-alkohol","18":"product_tag-henruks-likoer","20":"first","21":"instock","22":"taxable","23":"shipping-taxable","24":"purchasable","25":"product-type-simple"},"_links":{"self":[{"href":"https:\/\/www.fleurop-home.ch\/fr-ch\/wp-json\/wp\/v2\/product\/15504","targetHints":{"allow":["GET"]}}],"collection":[{"href":"https:\/\/www.fleurop-home.ch\/fr-ch\/wp-json\/wp\/v2\/product"}],"about":[{"href":"https:\/\/www.fleurop-home.ch\/fr-ch\/wp-json\/wp\/v2\/types\/product"}],"wp:featuredmedia":[{"embeddable":true,"href":"https:\/\/www.fleurop-home.ch\/fr-ch\/wp-json\/wp\/v2\/media\/15505"}],"wp:attachment":[{"href":"https:\/\/www.fleurop-home.ch\/fr-ch\/wp-json\/wp\/v2\/media?parent=15504"}],"wp:term":[{"taxonomy":"product_brand","embeddable":true,"href":"https:\/\/www.fleurop-home.ch\/fr-ch\/wp-json\/wp\/v2\/product_brand?post=15504"},{"taxonomy":"product_cat","embeddable":true,"href":"https:\/\/www.fleurop-home.ch\/fr-ch\/wp-json\/wp\/v2\/product_cat?post=15504"},{"taxonomy":"product_tag","embeddable":true,"href":"https:\/\/www.fleurop-home.ch\/fr-ch\/wp-json\/wp\/v2\/product_tag?post=15504"},{"taxonomy":"woo-feed-brand","embeddable":true,"href":"https:\/\/www.fleurop-home.ch\/fr-ch\/wp-json\/wp\/v2\/woo-feed-brand?post=15504"}],"curies":[{"name":"wp","href":"https:\/\/api.w.org\/{rel}","templated":true}]}}