{"id":15477,"date":"2024-01-23T17:53:15","date_gmt":"2024-01-23T17:53:15","guid":{"rendered":"https:\/\/www.fleurop-home.ch\/?product=trockenblumenstrauss-love-mit-rose"},"modified":"2026-04-07T14:57:07","modified_gmt":"2026-04-07T12:57:07","slug":"bouquet-de-fleurs-seches-rose-love","status":"publish","type":"product","link":"https:\/\/www.fleurop-home.ch\/fr-ch\/p\/trockenblumenstrauss-rose-love","title":{"rendered":"Bouquet de fleurs s\u00e9ch\u00e9es Rose \u00abLove\u00bb"},"content":{"rendered":"<p style=\"text-align: left\">Avec ce cadeau branch\u00e9, la surprise sera inoubliable. Notre bouquet est d\u00e9cor\u00e9 de fleurs s\u00e9ch\u00e9es modernes et de fleurs textiles.<\/p>\n<p style=\"text-align: left\">Le bouquet peut \u00eatre utilis\u00e9 comme cadeau ou simplement comme \u00e7a, m\u00eame sans pendentif, comme accessoire d'int\u00e9rieur ou comme d\u00e9coration de table. Les fleurs s\u00e9ch\u00e9es et les fleurs textiles se conservent longtemps et le bouquet peut donc \u00eatre r\u00e9utilis\u00e9 pour la d\u00e9coration tout au long de l'ann\u00e9e.<\/p>\n<p style=\"text-align: left\">- Les bouquets de fleurs s\u00e9ch\u00e9es, de fleurs textiles &amp; de mat\u00e9riaux artificiels sont compos\u00e9s individuellement par nos soins et peuvent donc varier en termes de disposition et de couleur.<br \/>\n- Pour la conception, on utilise en partie des mat\u00e9riaux de d\u00e9coration mont\u00e9s ainsi que des aides techniques telles que le bois, le fil de fer, la colle, le raphia et autres, qui peuvent \u00e9galement \u00eatre visibles.<\/p>\n<p style=\"text-align: left\">- Il y a aussi en partie des fleurs\/branches stabilis\u00e9es. En raison de la stabilisation et de la coloration, les branches ont une humidit\u00e9 r\u00e9siduelle dans les feuilles et peuvent transmettre de la couleur aux mains, aux v\u00eatements, etc. Fais attention s'il te pla\u00eet !<\/p>\n<p style=\"text-align: left\">- D\u00e9balles le bouquet avec pr\u00e9caution et remets les fleurs et le pendentif en place si n\u00e9cessaire.<\/p>\n<p style=\"text-align: left\">- Le prix se r\u00e9f\u00e8re \u00e0 un bouquet avec rose textile et pendentif. ( L env. 35cm, \u00d8 env. 17cm)<\/p>\n<p style=\"text-align: left\"><strong>Note bien<\/strong><br \/>\nIl peut y avoir des diff\u00e9rences entre la couleur illustr\u00e9e sur le site web et la couleur r\u00e9elle. Cela en raison de l'incidence de la lumi\u00e8re, de la luminosit\u00e9 du moniteur, du r\u00e9glage du contraste, etc. De m\u00eame dans la disposition \/ composition des mat\u00e9riaux et des articles de d\u00e9coration.<\/p>","protected":false},"excerpt":{"rendered":"<p>D\u00e9couvre ce ravissant bouquet de fleurs s\u00e9ch\u00e9es avec une rose textile et un charmant pendentif avec un tendre message ! Ce petit ajout ajoute une touche sp\u00e9ciale \u00e0 ton cadeau et en fait un cadeau parfait pour cette occasion particuli\u00e8re.<\/p>","protected":false},"featured_media":15478,"template":"","meta":[],"product_brand":[],"product_cat":[117,23,52,55],"product_tag":[290],"woo-feed-brand":[],"class_list":{"0":"post-15477","1":"product","2":"type-product","3":"status-publish","4":"has-post-thumbnail","6":"product_cat-trockenblumen","7":"product_cat-home-living","8":"product_cat-geschenke","9":"product_cat-blumige-geschenke","10":"product_tag-atelier-leutwyler","12":"first","13":"instock","14":"taxable","15":"shipping-taxable","16":"purchasable","17":"product-type-simple"},"_links":{"self":[{"href":"https:\/\/www.fleurop-home.ch\/fr-ch\/wp-json\/wp\/v2\/product\/15477","targetHints":{"allow":["GET"]}}],"collection":[{"href":"https:\/\/www.fleurop-home.ch\/fr-ch\/wp-json\/wp\/v2\/product"}],"about":[{"href":"https:\/\/www.fleurop-home.ch\/fr-ch\/wp-json\/wp\/v2\/types\/product"}],"wp:featuredmedia":[{"embeddable":true,"href":"https:\/\/www.fleurop-home.ch\/fr-ch\/wp-json\/wp\/v2\/media\/15478"}],"wp:attachment":[{"href":"https:\/\/www.fleurop-home.ch\/fr-ch\/wp-json\/wp\/v2\/media?parent=15477"}],"wp:term":[{"taxonomy":"product_brand","embeddable":true,"href":"https:\/\/www.fleurop-home.ch\/fr-ch\/wp-json\/wp\/v2\/product_brand?post=15477"},{"taxonomy":"product_cat","embeddable":true,"href":"https:\/\/www.fleurop-home.ch\/fr-ch\/wp-json\/wp\/v2\/product_cat?post=15477"},{"taxonomy":"product_tag","embeddable":true,"href":"https:\/\/www.fleurop-home.ch\/fr-ch\/wp-json\/wp\/v2\/product_tag?post=15477"},{"taxonomy":"woo-feed-brand","embeddable":true,"href":"https:\/\/www.fleurop-home.ch\/fr-ch\/wp-json\/wp\/v2\/woo-feed-brand?post=15477"}],"curies":[{"name":"wp","href":"https:\/\/api.w.org\/{rel}","templated":true}]}}