{"id":15334,"date":"2024-01-15T14:43:21","date_gmt":"2024-01-15T14:43:21","guid":{"rendered":"https:\/\/www.fleurop-home.ch\/?product=blumenkorbli-love-mit-infinity-rose"},"modified":"2026-03-16T08:54:01","modified_gmt":"2026-03-16T07:54:01","slug":"corbeille-de-fleurs-love-avec-infinity-rose-2","status":"publish","type":"product","link":"https:\/\/www.fleurop-home.ch\/fr-ch\/p\/blumenkorb-love-mit-infinity-rose","title":{"rendered":"Corbeille \u00e0 fleurs \u00abLove\u00bb avec rose \u00e0 l'infini"},"content":{"rendered":"<p style=\"text-align: left;\">Avec ce cadeau branch\u00e9, la surprise sera inoubliable. Notre corbeille de fleurs avec Infinity - rose stabilis\u00e9e et ornement de ruban est d\u00e9cor\u00e9e de fleurs s\u00e9ch\u00e9es modernes et de fleurs textiles. Un signe d'affection plein de tendresse.<\/p>\n<p style=\"text-align: left;\">La corbeille de fleurs peut \u00eatre utilis\u00e9e comme cadeau ou simplement comme accessoire d'int\u00e9rieur ou comme d\u00e9coration de table. Les fleurs s\u00e9ch\u00e9es et les fleurs textiles se conservent longtemps et la corbeille de fleurs peut donc \u00eatre r\u00e9utilis\u00e9e pour la d\u00e9coration tout au long de l'ann\u00e9e.<\/p>\n<p style=\"text-align: left;\">Le prix se r\u00e9f\u00e8re \u00e0 un panier de fleurs avec rose, d\u00e9coration de ruban et d\u00e9coration incluse. (hauteur du panier environ 10cm, avec la d\u00e9coration environ 20cm, \u00d8 environ 13cm)<\/p>\n<p>- Les corbeilles de fleurs avec des fleurs s\u00e9ch\u00e9es, des fleurs textiles &amp; des mat\u00e9riaux artificiels sont compos\u00e9es individuellement par nos soins et peuvent donc varier en termes de disposition et de couleur.<br \/>\n- Pour la conception, on utilise en partie des mat\u00e9riaux de d\u00e9coration mont\u00e9s ainsi que des aides techniques telles que le bois, le fil de fer, la colle, le raphia et autres, qui peuvent \u00e9galement \u00eatre visibles.<\/p>\n<p>- Le panier est con\u00e7u \u00e0 partir de mat\u00e9riaux naturels et peut \u00e9galement pr\u00e9senter des irr\u00e9gularit\u00e9s et des nuances de couleur\/des restes et des points de pression.<\/p>\n<p style=\"text-align: left;\">- Il y a aussi en partie des fleurs\/branches stabilis\u00e9es. En raison de la stabilisation et de la coloration, les branches ont une humidit\u00e9 r\u00e9siduelle dans les feuilles et peuvent transmettre de la couleur aux mains, aux v\u00eatements, etc. Fais attention s'il te pla\u00eet ! Veuillez d\u00e9baller les fleurs avec pr\u00e9caution et, le cas \u00e9ch\u00e9ant, r\u00e9ajuster l\u00e9g\u00e8rement les fleurs et le ruban dans le panier \u00e0 fleurs.<\/p>\n<p style=\"text-align: left;\"><strong>Important \u00e0 savoir<\/strong> Les p\u00e9tales de rose dispers\u00e9s sur la photo ne font pas partie du produit. Mais tu peux les commander en compl\u00e9ment. Voir la rubrique \"A assortir<strong>\u00bb -<\/strong>De v\u00e9ritables p\u00e9tales de roses rouges stabilis\u00e9es - des p\u00e9tales de roses \u00e0 saupoudrer.<\/p>\n<p style=\"text-align: left;\"><strong>Note bien<\/strong><br \/>\nIl peut y avoir des diff\u00e9rences entre la couleur illustr\u00e9e sur le site web et la couleur r\u00e9elle. Cela en raison de l'incidence de la lumi\u00e8re, de la luminosit\u00e9 du moniteur, du r\u00e9glage du contraste, etc. De m\u00eame dans la disposition \/ composition des mat\u00e9riaux et des articles de d\u00e9coration.<\/p>","protected":false},"excerpt":{"rendered":"<p>Notre corbeille de fleurs avec une rose Infinity stabilis\u00e9e, des d\u00e9corations en ruban et un pendentif \" Love \" est con\u00e7ue avec des fleurs s\u00e9ch\u00e9es tendance et des fleurs textiles artistiques. C'est plus qu'une simple d\u00e9coration - c'est une d\u00e9claration d'amour sous forme de fleurs.<\/p>","protected":false},"featured_media":15335,"template":"","meta":[],"product_brand":[],"product_cat":[102,23,26],"product_tag":[290],"woo-feed-brand":[],"class_list":{"0":"post-15334","1":"product","2":"type-product","3":"status-publish","4":"has-post-thumbnail","6":"product_cat-infinity-rosen","7":"product_cat-home-living","8":"product_cat-blumen-pflanzen","9":"product_tag-atelier-leutwyler","11":"first","12":"instock","13":"taxable","14":"shipping-taxable","15":"purchasable","16":"product-type-simple"},"_links":{"self":[{"href":"https:\/\/www.fleurop-home.ch\/fr-ch\/wp-json\/wp\/v2\/product\/15334","targetHints":{"allow":["GET"]}}],"collection":[{"href":"https:\/\/www.fleurop-home.ch\/fr-ch\/wp-json\/wp\/v2\/product"}],"about":[{"href":"https:\/\/www.fleurop-home.ch\/fr-ch\/wp-json\/wp\/v2\/types\/product"}],"wp:featuredmedia":[{"embeddable":true,"href":"https:\/\/www.fleurop-home.ch\/fr-ch\/wp-json\/wp\/v2\/media\/15335"}],"wp:attachment":[{"href":"https:\/\/www.fleurop-home.ch\/fr-ch\/wp-json\/wp\/v2\/media?parent=15334"}],"wp:term":[{"taxonomy":"product_brand","embeddable":true,"href":"https:\/\/www.fleurop-home.ch\/fr-ch\/wp-json\/wp\/v2\/product_brand?post=15334"},{"taxonomy":"product_cat","embeddable":true,"href":"https:\/\/www.fleurop-home.ch\/fr-ch\/wp-json\/wp\/v2\/product_cat?post=15334"},{"taxonomy":"product_tag","embeddable":true,"href":"https:\/\/www.fleurop-home.ch\/fr-ch\/wp-json\/wp\/v2\/product_tag?post=15334"},{"taxonomy":"woo-feed-brand","embeddable":true,"href":"https:\/\/www.fleurop-home.ch\/fr-ch\/wp-json\/wp\/v2\/woo-feed-brand?post=15334"}],"curies":[{"name":"wp","href":"https:\/\/api.w.org\/{rel}","templated":true}]}}