{"id":15325,"date":"2024-01-12T17:51:04","date_gmt":"2024-01-12T17:51:04","guid":{"rendered":"https:\/\/www.fleurop-home.ch\/?product=blumenkorbli-mit-herz-und-bandschmuck"},"modified":"2026-03-16T08:55:14","modified_gmt":"2026-03-16T07:55:14","slug":"panier-de-fleurs-avec-coeur-decoratif","status":"publish","type":"product","link":"https:\/\/www.fleurop-home.ch\/fr-ch\/p\/blumenkorb-mit-dekoherz","title":{"rendered":"Corbeille \u00e0 fleurs avec c\u0153ur d\u00e9coratif"},"content":{"rendered":"<p style=\"text-align: left;\">Avec ce cadeau branch\u00e9, la surprise sera inoubliable. Notre corbeille de fleurs avec un c\u0153ur et une d\u00e9coration en ruban est d\u00e9cor\u00e9e de fleurs s\u00e9ch\u00e9es modernes et de fleurs textiles. Un signe affectueux pour la Saint-Valentin, la f\u00eate des m\u00e8res, la journ\u00e9e de la femme ou simplement comme geste spontan\u00e9 d'affection.<\/p>\n<p style=\"text-align: left;\">Les fleurs s\u00e9ch\u00e9es et les fleurs textiles se conservent longtemps et le panier de fleurs peut donc \u00eatre r\u00e9utilis\u00e9 pour la d\u00e9coration tout au long de l'ann\u00e9e.<\/p>\n<p style=\"text-align: left;\">Le prix se r\u00e9f\u00e8re \u00e0 un panier de fleurs avec un c\u0153ur, une d\u00e9coration en ruban et une d\u00e9coration incluse. (hauteur du panier environ 10cm, avec la d\u00e9coration environ 22cm, \u00d8 environ 15cm)<\/p>\n<p style=\"text-align: left;\"><strong>Pourquoi notre corbeille de fleurs compos\u00e9e de fleurs s\u00e9ch\u00e9es et de fleurs textiles ?<br \/>\n<\/strong><\/p>\n<p style=\"text-align: left;\"><strong>Une beaut\u00e9 imp\u00e9rissable :<\/strong> Les fleurs s\u00e8ches et textiles conservent leur beaut\u00e9 pour toujours. Un symbole de ton amour qui ne se fane jamais.<\/p>\n<p style=\"text-align: left;\"><strong>Des souvenirs parfum\u00e9s :<\/strong> Ajoute une touche de romantisme \u00e0 la corbeille de fleurs en y ajoutant un parfum discret. Chaque fois que ton partenaire regarde la corbeille de fleurs, de doux souvenirs de vous deux refont surface. Commande la corbeille de fleurs personnalis\u00e9e pour conqu\u00e9rir le c\u0153ur de ton amoureux.<\/p>\n<p style=\"text-align: left;\">La corbeille de fleurs peut \u00eatre utilis\u00e9e comme cadeau pour la Saint-Valentin, la f\u00eate des m\u00e8res, la journ\u00e9e de la femme ou tout simplement comme accessoire d'int\u00e9rieur ou comme d\u00e9coration de table. Les fleurs s\u00e9ch\u00e9es et les fleurs textiles se conservent longtemps et le c\u0153ur floral peut donc \u00eatre r\u00e9utilis\u00e9 toute l'ann\u00e9e pour d\u00e9corer.<\/p>\n<p>- Les corbeilles de fleurs avec des fleurs s\u00e9ch\u00e9es, des fleurs textiles &amp; des mat\u00e9riaux artificiels sont compos\u00e9es individuellement par nos soins et peuvent donc varier en termes de disposition et de couleur.<br \/>\n- Pour la conception, on utilise aussi en partie des mat\u00e9riaux de d\u00e9coration mont\u00e9s ainsi que, comme aides techniques, du bois, du fil de fer, de la colle, du raphia et d'autres mat\u00e9riaux similaires qui peuvent aussi \u00eatre visibles. Le panier est con\u00e7u \u00e0 partir de mat\u00e9riaux naturels et peut aussi pr\u00e9senter des irr\u00e9gularit\u00e9s et des nuances de couleur\/des restes et des points de pression.<\/p>\n<p style=\"text-align: left;\">- Il y a aussi en partie des fleurs\/branches stabilis\u00e9es. En raison de la stabilisation et de la coloration, les branches ont une humidit\u00e9 r\u00e9siduelle dans les feuilles et peuvent transmettre de la couleur aux mains, aux v\u00eatements, etc. Fais attention s'il te pla\u00eet ! Veuillez d\u00e9baller les fleurs avec pr\u00e9caution et, le cas \u00e9ch\u00e9ant, r\u00e9ajuster l\u00e9g\u00e8rement les fleurs et le ruban dans le panier \u00e0 fleurs.<\/p>\n<p style=\"text-align: left;\"><strong>Important \u00e0 savoir<\/strong> Les p\u00e9tales de rose dispers\u00e9s sur la photo ne font pas partie du produit. Mais tu peux les commander en compl\u00e9ment. Voir la rubrique \"A assortir<strong>\u00bb -<\/strong>De v\u00e9ritables p\u00e9tales de roses rouges stabilis\u00e9es - des p\u00e9tales de roses \u00e0 saupoudrer.<\/p>\n<p style=\"text-align: left;\"><strong>Note bien<\/strong><br \/>\nIl peut y avoir des diff\u00e9rences entre la couleur illustr\u00e9e sur le site web et la couleur r\u00e9elle. Cela en raison de l'incidence de la lumi\u00e8re, de la luminosit\u00e9 du moniteur, du r\u00e9glage du contraste, etc. De m\u00eame dans la disposition \/ composition des mat\u00e9riaux et des articles de d\u00e9coration.<\/p>","protected":false},"excerpt":{"rendered":"<p>Offerte en cadeau ou achet\u00e9e pour soi-m\u00eame, notre corbeille de fleurs avec un c\u0153ur et une d\u00e9coration en ruban compos\u00e9e de fleurs s\u00e9ch\u00e9es tendance et de fleurs textiles artistiques est plus qu'une simple d\u00e9coration - c'est une d\u00e9claration d'amour sous forme de fleurs.<\/p>","protected":false},"featured_media":15326,"template":"","meta":[],"product_brand":[],"product_cat":[107,23,26],"product_tag":[290],"woo-feed-brand":[],"class_list":{"0":"post-15325","1":"product","2":"type-product","3":"status-publish","4":"has-post-thumbnail","6":"product_cat-kunstblumen","7":"product_cat-home-living","8":"product_cat-blumen-pflanzen","9":"product_tag-atelier-leutwyler","11":"first","12":"instock","13":"taxable","14":"shipping-taxable","15":"purchasable","16":"product-type-simple"},"_links":{"self":[{"href":"https:\/\/www.fleurop-home.ch\/fr-ch\/wp-json\/wp\/v2\/product\/15325","targetHints":{"allow":["GET"]}}],"collection":[{"href":"https:\/\/www.fleurop-home.ch\/fr-ch\/wp-json\/wp\/v2\/product"}],"about":[{"href":"https:\/\/www.fleurop-home.ch\/fr-ch\/wp-json\/wp\/v2\/types\/product"}],"wp:featuredmedia":[{"embeddable":true,"href":"https:\/\/www.fleurop-home.ch\/fr-ch\/wp-json\/wp\/v2\/media\/15326"}],"wp:attachment":[{"href":"https:\/\/www.fleurop-home.ch\/fr-ch\/wp-json\/wp\/v2\/media?parent=15325"}],"wp:term":[{"taxonomy":"product_brand","embeddable":true,"href":"https:\/\/www.fleurop-home.ch\/fr-ch\/wp-json\/wp\/v2\/product_brand?post=15325"},{"taxonomy":"product_cat","embeddable":true,"href":"https:\/\/www.fleurop-home.ch\/fr-ch\/wp-json\/wp\/v2\/product_cat?post=15325"},{"taxonomy":"product_tag","embeddable":true,"href":"https:\/\/www.fleurop-home.ch\/fr-ch\/wp-json\/wp\/v2\/product_tag?post=15325"},{"taxonomy":"woo-feed-brand","embeddable":true,"href":"https:\/\/www.fleurop-home.ch\/fr-ch\/wp-json\/wp\/v2\/woo-feed-brand?post=15325"}],"curies":[{"name":"wp","href":"https:\/\/api.w.org\/{rel}","templated":true}]}}