{"id":15276,"date":"2024-01-08T14:03:43","date_gmt":"2024-01-08T14:03:43","guid":{"rendered":"https:\/\/www.fleurop-home.ch\/?product=manuka-nectar-medium-jar"},"modified":"2025-04-01T04:57:28","modified_gmt":"2025-04-01T02:57:28","slug":"pot-moyen-de-nectar-de-manuka","status":"publish","type":"product","link":"https:\/\/www.fleurop-home.ch\/fr-ch\/p\/manuka-nectar-medium-jar","title":{"rendered":"Pot moyen de nectar de manuka"},"content":{"rendered":"<p style=\"text-align: left\">Les bougies sp\u00e9ciales en forme de sablier remplissent ta maison de doux cr\u00e9pitements et de parfums accueillants de WoodWick. Les bougies se distinguent par un design propre et moderne et une forme \u00e9l\u00e9gante.\nDur\u00e9e de combustion : 55-65h<\/p>\n<p style=\"text-align: left\">Dur\u00e9e de combustion : 55-65h<\/p>","protected":false},"excerpt":{"rendered":"<p>Une exp\u00e9rience olfactive nuanc\u00e9e et fruit\u00e9e avec de la p\u00eache fra\u00eeche, du rayon de miel, de la vanille chaude et de douces notes florales.<\/p>","protected":false},"featured_media":15277,"template":"","meta":[],"product_brand":[],"product_cat":[99,23,28],"product_tag":[288],"woo-feed-brand":[],"class_list":{"0":"post-15276","1":"product","2":"type-product","3":"status-publish","4":"has-post-thumbnail","6":"product_cat-duftkerzen","7":"product_cat-home-living","8":"product_cat-kerzen-lichter","9":"product_tag-spirig-kerzen-ag","11":"first","12":"instock","13":"taxable","14":"shipping-taxable","15":"purchasable","16":"product-type-simple"},"_links":{"self":[{"href":"https:\/\/www.fleurop-home.ch\/fr-ch\/wp-json\/wp\/v2\/product\/15276","targetHints":{"allow":["GET"]}}],"collection":[{"href":"https:\/\/www.fleurop-home.ch\/fr-ch\/wp-json\/wp\/v2\/product"}],"about":[{"href":"https:\/\/www.fleurop-home.ch\/fr-ch\/wp-json\/wp\/v2\/types\/product"}],"wp:featuredmedia":[{"embeddable":true,"href":"https:\/\/www.fleurop-home.ch\/fr-ch\/wp-json\/wp\/v2\/media\/15277"}],"wp:attachment":[{"href":"https:\/\/www.fleurop-home.ch\/fr-ch\/wp-json\/wp\/v2\/media?parent=15276"}],"wp:term":[{"taxonomy":"product_brand","embeddable":true,"href":"https:\/\/www.fleurop-home.ch\/fr-ch\/wp-json\/wp\/v2\/product_brand?post=15276"},{"taxonomy":"product_cat","embeddable":true,"href":"https:\/\/www.fleurop-home.ch\/fr-ch\/wp-json\/wp\/v2\/product_cat?post=15276"},{"taxonomy":"product_tag","embeddable":true,"href":"https:\/\/www.fleurop-home.ch\/fr-ch\/wp-json\/wp\/v2\/product_tag?post=15276"},{"taxonomy":"woo-feed-brand","embeddable":true,"href":"https:\/\/www.fleurop-home.ch\/fr-ch\/wp-json\/wp\/v2\/woo-feed-brand?post=15276"}],"curies":[{"name":"wp","href":"https:\/\/api.w.org\/{rel}","templated":true}]}}