{"id":15239,"date":"2024-01-08T14:03:33","date_gmt":"2024-01-08T14:03:33","guid":{"rendered":"https:\/\/www.fleurop-home.ch\/?product=desert-blooms-signature-large-tumbler"},"modified":"2025-04-01T05:02:20","modified_gmt":"2025-04-01T03:02:20","slug":"desert-blooms-signature-grand-tumbler","status":"publish","type":"product","link":"https:\/\/www.fleurop-home.ch\/fr-ch\/p\/desert-blooms-signature-large-tumbler","title":{"rendered":"Desert Blooms Signature Large Tumbler"},"content":{"rendered":"<p style=\"text-align: left\">D\u00e9couvre la marque Yankee Candle\u00ae sous un tout nouveau jour. Deux m\u00e8ches de coton et un m\u00e9lange de cire de soja de premi\u00e8re qualit\u00e9 cr\u00e9ent une ambiance magnifique. La bougie parfum\u00e9e a la forme d'un verre \u00e0 boire qui peut \u00eatre r\u00e9utilis\u00e9. Le couvercle peut \u00eatre utilis\u00e9 comme dessous de verre pour prot\u00e9ger tes meubles.\nDur\u00e9e de combustion : 60-90h<\/p>\n<p style=\"text-align: left\">Dur\u00e9e de combustion : 60-100h<\/p>","protected":false},"excerpt":{"rendered":"<p>D\u00e9couvre les magnifiques parfums de fleurs color\u00e9es dans le d\u00e9sert : des notes de p\u00e9tales de rose, de cactus saguaro et de sauge.<\/p>","protected":false},"featured_media":15240,"template":"","meta":[],"product_brand":[],"product_cat":[99,23,28],"product_tag":[288],"woo-feed-brand":[],"class_list":{"0":"post-15239","1":"product","2":"type-product","3":"status-publish","4":"has-post-thumbnail","6":"product_cat-duftkerzen","7":"product_cat-home-living","8":"product_cat-kerzen-lichter","9":"product_tag-spirig-kerzen-ag","11":"first","12":"instock","13":"taxable","14":"shipping-taxable","15":"purchasable","16":"product-type-simple"},"_links":{"self":[{"href":"https:\/\/www.fleurop-home.ch\/fr-ch\/wp-json\/wp\/v2\/product\/15239","targetHints":{"allow":["GET"]}}],"collection":[{"href":"https:\/\/www.fleurop-home.ch\/fr-ch\/wp-json\/wp\/v2\/product"}],"about":[{"href":"https:\/\/www.fleurop-home.ch\/fr-ch\/wp-json\/wp\/v2\/types\/product"}],"wp:featuredmedia":[{"embeddable":true,"href":"https:\/\/www.fleurop-home.ch\/fr-ch\/wp-json\/wp\/v2\/media\/15240"}],"wp:attachment":[{"href":"https:\/\/www.fleurop-home.ch\/fr-ch\/wp-json\/wp\/v2\/media?parent=15239"}],"wp:term":[{"taxonomy":"product_brand","embeddable":true,"href":"https:\/\/www.fleurop-home.ch\/fr-ch\/wp-json\/wp\/v2\/product_brand?post=15239"},{"taxonomy":"product_cat","embeddable":true,"href":"https:\/\/www.fleurop-home.ch\/fr-ch\/wp-json\/wp\/v2\/product_cat?post=15239"},{"taxonomy":"product_tag","embeddable":true,"href":"https:\/\/www.fleurop-home.ch\/fr-ch\/wp-json\/wp\/v2\/product_tag?post=15239"},{"taxonomy":"woo-feed-brand","embeddable":true,"href":"https:\/\/www.fleurop-home.ch\/fr-ch\/wp-json\/wp\/v2\/woo-feed-brand?post=15239"}],"curies":[{"name":"wp","href":"https:\/\/api.w.org\/{rel}","templated":true}]}}