{"id":14986,"date":"2023-12-20T08:52:47","date_gmt":"2023-12-20T08:52:47","guid":{"rendered":"https:\/\/www.fleurop-home.ch\/?product=ottiger-spezialitaten-dreier-box-pesto"},"modified":"2026-02-05T13:45:55","modified_gmt":"2026-02-05T12:45:55","slug":"ottiger-specialites-boite-de-trois-pesto","status":"publish","type":"product","link":"https:\/\/www.fleurop-home.ch\/fr-ch\/p\/ottiger-spezialitaten-dreier-box-pesto","title":{"rendered":"Ottiger Sp\u00e9cialit\u00e9s BOX DE TROIS Pesto"},"content":{"rendered":"<p style=\"text-align: left;\">3 pestos maison des sp\u00e9cialit\u00e9s Ottiger, emball\u00e9s dans une bo\u00eete cadeau \u00e0 carreaux bleus et blancs avec un ruban cadeau rouge.<\/p>\n<p style=\"text-align: left;\">Comprend<\/p>\n<p style=\"text-align: left;\">1 pot de pesto classico de 200 g<br \/>\n1 pot de pesto rosso de 200 g<br \/>\n1 pot de pesto all'Arrabbita \u00e0 200g<\/p>\n<p style=\"text-align: left;\"><strong>Valeurs nutritives du Pesto Classico pour 100 g :\u00a0<\/strong><\/p>\n<p style=\"text-align: left;\">Energie : 2279 kj \/ 553 kcal, graisse : 56,4 g, dont acides gras satur\u00e9s : 7,7 g, glucides : 4,1 g, dont sucre : 0,5 g, prot\u00e9ines : 9,4 g, sel : 2,1 g.<\/p>\n<p style=\"text-align: left;\"><strong>Ingr\u00e9dients du pesto classico :\u00a0<\/strong><\/p>\n<p style=\"text-align: left;\">Huile (huile de colza, huile d'olive press\u00e9e \u00e0 froid), basilic frais 23 %, <strong>Fromage \u00e0 p\u00e2te dure<\/strong> r\u00e2p\u00e9, pignons de pin, sel, ail en poudre, acidifiant (acide citrique, acide ascorbique).<\/p>\n<p style=\"text-align: left;\"><strong>Valeurs nutritives du pesto rosso pour 100 g :\u00a0<\/strong><\/p>\n<p style=\"text-align: left;\">Energie : 2454 kj \/ 581 kcal, graisse : 54,7 g, dont acides gras satur\u00e9s : 6,0 g, glucides : 14,0 g, dont sucre : 6,0 g, prot\u00e9ines : 8,1 g, sel : 4,1 g.<\/p>\n<p style=\"text-align: left;\"><strong>Ingr\u00e9dients du pesto rosso :\u00a0<\/strong><\/p>\n<p style=\"text-align: left;\">Huile (huile de colza, huile d'olive press\u00e9e \u00e0 froid), tomates s\u00e9ch\u00e9es 21 %, pignons de pin, concentr\u00e9 de tomates, huile (huile de colza, huile d'olive press\u00e9e \u00e0 froid), basilic frais 23 %, fromage \u00e0 p\u00e2te dure r\u00e2p\u00e9, basilic frais, ail en poudre, sel.<\/p>\n<p style=\"text-align: left;\"><strong>Valeurs nutritives du pesto All'Arrabbita pour 100 g :\u00a0<\/strong><\/p>\n<p style=\"text-align: left;\">Energie : 2396 kj \/ 580 kcal, graisse : 54,8 g, dont acides gras satur\u00e9s : 6,0 g, glucides : 13,7 g, dont sucre : 5,6 g, prot\u00e9ines : 7,9 g, sel : 3,6 g.<\/p>\n<p style=\"text-align: left;\"><strong>Ingr\u00e9dients du pesto All'Arrabbita :<\/strong><\/p>\n<p style=\"text-align: left;\">Huile (huile de colza, huile d'olive press\u00e9e \u00e0 froid), tomates s\u00e9ch\u00e9es 19 %, pignons de pin, concentr\u00e9 de tomates, huile (huile de colza, huile d'olive press\u00e9e \u00e0 froid), basilic frais 23 %, fromage \u00e0 p\u00e2te dure r\u00e2p\u00e9, piment en granul\u00e9s, basilic frais en poudre, ail, sel, poivre.<\/p>\n<p style=\"text-align: left;\"><em>Allerg\u00e8nes : lait et produits laitiers (y compris le lactose)<\/em><\/p>","protected":false},"excerpt":{"rendered":"<p>Pestos maison en bo\u00eete cadeau<\/p>","protected":false},"featured_media":14987,"template":"","meta":[],"product_brand":[],"product_cat":[53,995,1003,910,1091,1020,1018,984,1208,999,1088,909,916,915,42,47,111,885,52,1225],"product_tag":[330],"woo-feed-brand":[],"class_list":{"0":"post-14986","1":"product","2":"type-product","3":"status-publish","4":"has-post-thumbnail","6":"product_cat-geschenksets","7":"product_cat-essen-trinken","8":"product_cat-fuer-sie","9":"product_cat-geschenkideen","10":"product_cat-hobbykoch","11":"product_cat-ostergeschenke","12":"product_cat-ostern","13":"product_cat-silvester","14":"product_cat-ueber-25-chf","15":"product_cat-valentinstag","16":"product_cat-vatertag","17":"product_cat-weihnachten","18":"product_cat-praesente","19":"product_cat-wichteln","20":"product_cat-kueche","21":"product_cat-kuechenaromen","22":"product_cat-saucen","23":"product_cat-koestlichkeiten","24":"product_cat-geschenke","25":"product_cat-genuss","26":"product_tag-ottiger-spezialitaten-ag","28":"first","29":"instock","30":"taxable","31":"shipping-taxable","32":"purchasable","33":"product-type-simple"},"_links":{"self":[{"href":"https:\/\/www.fleurop-home.ch\/fr-ch\/wp-json\/wp\/v2\/product\/14986","targetHints":{"allow":["GET"]}}],"collection":[{"href":"https:\/\/www.fleurop-home.ch\/fr-ch\/wp-json\/wp\/v2\/product"}],"about":[{"href":"https:\/\/www.fleurop-home.ch\/fr-ch\/wp-json\/wp\/v2\/types\/product"}],"wp:featuredmedia":[{"embeddable":true,"href":"https:\/\/www.fleurop-home.ch\/fr-ch\/wp-json\/wp\/v2\/media\/14987"}],"wp:attachment":[{"href":"https:\/\/www.fleurop-home.ch\/fr-ch\/wp-json\/wp\/v2\/media?parent=14986"}],"wp:term":[{"taxonomy":"product_brand","embeddable":true,"href":"https:\/\/www.fleurop-home.ch\/fr-ch\/wp-json\/wp\/v2\/product_brand?post=14986"},{"taxonomy":"product_cat","embeddable":true,"href":"https:\/\/www.fleurop-home.ch\/fr-ch\/wp-json\/wp\/v2\/product_cat?post=14986"},{"taxonomy":"product_tag","embeddable":true,"href":"https:\/\/www.fleurop-home.ch\/fr-ch\/wp-json\/wp\/v2\/product_tag?post=14986"},{"taxonomy":"woo-feed-brand","embeddable":true,"href":"https:\/\/www.fleurop-home.ch\/fr-ch\/wp-json\/wp\/v2\/woo-feed-brand?post=14986"}],"curies":[{"name":"wp","href":"https:\/\/api.w.org\/{rel}","templated":true}]}}