{"id":14961,"date":"2023-12-18T11:47:36","date_gmt":"2023-12-18T11:47:36","guid":{"rendered":"https:\/\/www.fleurop-home.ch\/?product=pflanzset-koreanische-minze"},"modified":"2026-04-09T13:06:17","modified_gmt":"2026-04-09T11:06:17","slug":"kit-de-plantation-menthe-coreenne","status":"publish","type":"product","link":"https:\/\/www.fleurop-home.ch\/fr-ch\/p\/pflanzset-koreanische-minze","title":{"rendered":"Kit de plantation menthe cor\u00e9enne"},"content":{"rendered":"<p style=\"text-align: left\">Sac de plantation de 3,8 litres avec terreau de coco et graines. Cultiver facilement ses propres herbes chez soi.<br \/>\n<br data-mce-fragment=\"1\" \/>Vari\u00e9t\u00e9 : la menthe cor\u00e9enne est une plante \u00e0 th\u00e9 et \u00e0 parfum sp\u00e9ciale, dont l'ar\u00f4me rappelle la menthe et l'anis. (Semences : Sativa Rheinau AG)<\/p>","protected":false},"excerpt":{"rendered":"<p>Sac de plantation de 3,8 litres avec terreau de coco et graines. Cultiver facilement ses propres herbes chez soi.<\/p>","protected":false},"featured_media":14962,"template":"","meta":[],"product_brand":[],"product_cat":[105,1002,999,34,41],"product_tag":[329],"woo-feed-brand":[],"class_list":{"0":"post-14961","1":"product","2":"type-product","3":"status-publish","4":"has-post-thumbnail","6":"product_cat-kraeuter","7":"product_cat-fuer-ihn","8":"product_cat-valentinstag","9":"product_cat-garten-balkon","10":"product_cat-outdoorpflanzen","11":"product_tag-gorilla-gardening","13":"first","14":"instock","15":"taxable","16":"shipping-taxable","17":"purchasable","18":"product-type-simple"},"_links":{"self":[{"href":"https:\/\/www.fleurop-home.ch\/fr-ch\/wp-json\/wp\/v2\/product\/14961","targetHints":{"allow":["GET"]}}],"collection":[{"href":"https:\/\/www.fleurop-home.ch\/fr-ch\/wp-json\/wp\/v2\/product"}],"about":[{"href":"https:\/\/www.fleurop-home.ch\/fr-ch\/wp-json\/wp\/v2\/types\/product"}],"wp:featuredmedia":[{"embeddable":true,"href":"https:\/\/www.fleurop-home.ch\/fr-ch\/wp-json\/wp\/v2\/media\/14962"}],"wp:attachment":[{"href":"https:\/\/www.fleurop-home.ch\/fr-ch\/wp-json\/wp\/v2\/media?parent=14961"}],"wp:term":[{"taxonomy":"product_brand","embeddable":true,"href":"https:\/\/www.fleurop-home.ch\/fr-ch\/wp-json\/wp\/v2\/product_brand?post=14961"},{"taxonomy":"product_cat","embeddable":true,"href":"https:\/\/www.fleurop-home.ch\/fr-ch\/wp-json\/wp\/v2\/product_cat?post=14961"},{"taxonomy":"product_tag","embeddable":true,"href":"https:\/\/www.fleurop-home.ch\/fr-ch\/wp-json\/wp\/v2\/product_tag?post=14961"},{"taxonomy":"woo-feed-brand","embeddable":true,"href":"https:\/\/www.fleurop-home.ch\/fr-ch\/wp-json\/wp\/v2\/woo-feed-brand?post=14961"}],"curies":[{"name":"wp","href":"https:\/\/api.w.org\/{rel}","templated":true}]}}