{"id":14958,"date":"2023-12-18T11:44:09","date_gmt":"2023-12-18T11:44:09","guid":{"rendered":"https:\/\/www.fleurop-home.ch\/?product=pflanzset-griechisches-basilikum"},"modified":"2026-04-09T13:06:17","modified_gmt":"2026-04-09T11:06:17","slug":"kit-de-plantation-basilic-grec","status":"publish","type":"product","link":"https:\/\/www.fleurop-home.ch\/fr-ch\/p\/pflanzset-griechisches-basilikum","title":{"rendered":"Kit de plantation basilic grec"},"content":{"rendered":"<p style=\"text-align: left\">Sac de plantation de 3,8 litres avec terreau de coco et graines. Cultiver facilement ses propres herbes chez soi.<br data-mce-fragment=\"1\" \/><br data-mce-fragment=\"1\" \/>La vari\u00e9t\u00e9 : Plante aromatique qui a besoin de chaleur, avec une croissance compacte \u00e0 petites feuilles. Convient particuli\u00e8rement aux pots et aux jardini\u00e8res de balcon. (Semences : Sativa Rheinau AG)<\/p>","protected":false},"excerpt":{"rendered":"<p>Sac de plantation de 3,8 litres avec terreau de coco et graines. Cultiver facilement ses propres herbes chez soi.<\/p>","protected":false},"featured_media":51781,"template":"","meta":[],"product_brand":[],"product_cat":[1002,999,34,105,41],"product_tag":[329],"woo-feed-brand":[],"class_list":{"0":"post-14958","1":"product","2":"type-product","3":"status-publish","4":"has-post-thumbnail","6":"product_cat-fuer-ihn","7":"product_cat-valentinstag","8":"product_cat-garten-balkon","9":"product_cat-kraeuter","10":"product_cat-outdoorpflanzen","11":"product_tag-gorilla-gardening","13":"first","14":"instock","15":"taxable","16":"shipping-taxable","17":"purchasable","18":"product-type-simple"},"_links":{"self":[{"href":"https:\/\/www.fleurop-home.ch\/fr-ch\/wp-json\/wp\/v2\/product\/14958","targetHints":{"allow":["GET"]}}],"collection":[{"href":"https:\/\/www.fleurop-home.ch\/fr-ch\/wp-json\/wp\/v2\/product"}],"about":[{"href":"https:\/\/www.fleurop-home.ch\/fr-ch\/wp-json\/wp\/v2\/types\/product"}],"wp:featuredmedia":[{"embeddable":true,"href":"https:\/\/www.fleurop-home.ch\/fr-ch\/wp-json\/wp\/v2\/media\/51781"}],"wp:attachment":[{"href":"https:\/\/www.fleurop-home.ch\/fr-ch\/wp-json\/wp\/v2\/media?parent=14958"}],"wp:term":[{"taxonomy":"product_brand","embeddable":true,"href":"https:\/\/www.fleurop-home.ch\/fr-ch\/wp-json\/wp\/v2\/product_brand?post=14958"},{"taxonomy":"product_cat","embeddable":true,"href":"https:\/\/www.fleurop-home.ch\/fr-ch\/wp-json\/wp\/v2\/product_cat?post=14958"},{"taxonomy":"product_tag","embeddable":true,"href":"https:\/\/www.fleurop-home.ch\/fr-ch\/wp-json\/wp\/v2\/product_tag?post=14958"},{"taxonomy":"woo-feed-brand","embeddable":true,"href":"https:\/\/www.fleurop-home.ch\/fr-ch\/wp-json\/wp\/v2\/woo-feed-brand?post=14958"}],"curies":[{"name":"wp","href":"https:\/\/api.w.org\/{rel}","templated":true}]}}