{"id":14949,"date":"2023-12-18T08:19:12","date_gmt":"2023-12-18T08:19:12","guid":{"rendered":"https:\/\/www.fleurop-home.ch\/?product=kartenset-aus-samenpapier-nina-egli"},"modified":"2025-11-04T14:33:31","modified_gmt":"2025-11-04T13:33:31","slug":"set-de-cartes-en-papier-graine-nina-egli","status":"publish","type":"product","link":"https:\/\/www.fleurop-home.ch\/fr-ch\/p\/kartenset-aus-samenpapier-nina-egli","title":{"rendered":"Set de cartes en papier \u00e0 graines - Nina Egli"},"content":{"rendered":"<p style=\"text-align: left;\">Apr\u00e8s utilisation, le seedpaper peut \u00eatre facilement d\u00e9chir\u00e9 et plant\u00e9. Un set de cartes se compose de trois sujets diff\u00e9rents et d'une explication.<\/p>\n<p style=\"text-align: left;\">Format : A6<br data-mce-fragment=\"1\" \/>Conception : Nina Egli<br data-mce-fragment=\"1\" \/>Semences : coquelicot, sil\u00e8ne des plages, gypsophile, suzanne \u00e0 yeux noirs, corbeille \u00e0 bijoux.<\/p>","protected":false},"excerpt":{"rendered":"<p>Set de cartes avec diff\u00e9rentes illustrations d'animaux.<\/p>","protected":false},"featured_media":14950,"template":"","meta":[],"product_brand":[],"product_cat":[58,910,1207,909,915,52],"product_tag":[329],"woo-feed-brand":[],"class_list":{"0":"post-14949","1":"product","2":"type-product","3":"status-publish","4":"has-post-thumbnail","6":"product_cat-grusskarten","7":"product_cat-geschenkideen","8":"product_cat-unter-25-chf","9":"product_cat-weihnachten","10":"product_cat-wichteln","11":"product_cat-geschenke","12":"product_tag-gorilla-gardening","14":"first","15":"instock","16":"taxable","17":"shipping-taxable","18":"purchasable","19":"product-type-simple"},"_links":{"self":[{"href":"https:\/\/www.fleurop-home.ch\/fr-ch\/wp-json\/wp\/v2\/product\/14949","targetHints":{"allow":["GET"]}}],"collection":[{"href":"https:\/\/www.fleurop-home.ch\/fr-ch\/wp-json\/wp\/v2\/product"}],"about":[{"href":"https:\/\/www.fleurop-home.ch\/fr-ch\/wp-json\/wp\/v2\/types\/product"}],"wp:featuredmedia":[{"embeddable":true,"href":"https:\/\/www.fleurop-home.ch\/fr-ch\/wp-json\/wp\/v2\/media\/14950"}],"wp:attachment":[{"href":"https:\/\/www.fleurop-home.ch\/fr-ch\/wp-json\/wp\/v2\/media?parent=14949"}],"wp:term":[{"taxonomy":"product_brand","embeddable":true,"href":"https:\/\/www.fleurop-home.ch\/fr-ch\/wp-json\/wp\/v2\/product_brand?post=14949"},{"taxonomy":"product_cat","embeddable":true,"href":"https:\/\/www.fleurop-home.ch\/fr-ch\/wp-json\/wp\/v2\/product_cat?post=14949"},{"taxonomy":"product_tag","embeddable":true,"href":"https:\/\/www.fleurop-home.ch\/fr-ch\/wp-json\/wp\/v2\/product_tag?post=14949"},{"taxonomy":"woo-feed-brand","embeddable":true,"href":"https:\/\/www.fleurop-home.ch\/fr-ch\/wp-json\/wp\/v2\/woo-feed-brand?post=14949"}],"curies":[{"name":"wp","href":"https:\/\/api.w.org\/{rel}","templated":true}]}}