{"id":14947,"date":"2023-12-18T08:01:12","date_gmt":"2023-12-18T08:01:12","guid":{"rendered":"https:\/\/www.fleurop-home.ch\/?product=kartenset-aus-samenpapier-andrea-noti"},"modified":"2026-04-01T14:52:01","modified_gmt":"2026-04-01T12:52:01","slug":"set-de-cartes-en-papier-graine-andrea-noti","status":"publish","type":"product","link":"https:\/\/www.fleurop-home.ch\/fr-ch\/p\/kartenset-aus-samenpapier-andrea-noti","title":{"rendered":"Set de cartes en papier \u00e0 graines - Andrea Noti"},"content":{"rendered":"<p style=\"text-align: left;\">Apr\u00e8s utilisation, le seedpaper peut \u00eatre facilement d\u00e9chir\u00e9 et plant\u00e9. Un set de cartes se compose de trois sujets diff\u00e9rents et d'une explication.<\/p>\n<p style=\"text-align: left;\">Format : A6<br \/>\nConception : Andrea Noti<br \/>\nSemences : coquelicot, sil\u00e8ne des plages, gypsophile, suzanne \u00e0 yeux noirs, corbeille \u00e0 bijoux.<\/p>","protected":false},"excerpt":{"rendered":"<p>Set de cartes avec diff\u00e9rentes illustrations de Seedball.<\/p>","protected":false},"featured_media":14948,"template":"","meta":[],"product_brand":[],"product_cat":[58,1023,910,797,1207,909,915,52],"product_tag":[329],"woo-feed-brand":[],"class_list":{"0":"post-14947","1":"product","2":"type-product","3":"status-publish","4":"has-post-thumbnail","6":"product_cat-grusskarten","7":"product_cat-fuer-mama","8":"product_cat-geschenkideen","9":"product_cat-muttertag","10":"product_cat-unter-25-chf","11":"product_cat-weihnachten","12":"product_cat-wichteln","13":"product_cat-geschenke","14":"product_tag-gorilla-gardening","16":"first","17":"instock","18":"taxable","19":"shipping-taxable","20":"purchasable","21":"product-type-simple"},"_links":{"self":[{"href":"https:\/\/www.fleurop-home.ch\/fr-ch\/wp-json\/wp\/v2\/product\/14947","targetHints":{"allow":["GET"]}}],"collection":[{"href":"https:\/\/www.fleurop-home.ch\/fr-ch\/wp-json\/wp\/v2\/product"}],"about":[{"href":"https:\/\/www.fleurop-home.ch\/fr-ch\/wp-json\/wp\/v2\/types\/product"}],"wp:featuredmedia":[{"embeddable":true,"href":"https:\/\/www.fleurop-home.ch\/fr-ch\/wp-json\/wp\/v2\/media\/14948"}],"wp:attachment":[{"href":"https:\/\/www.fleurop-home.ch\/fr-ch\/wp-json\/wp\/v2\/media?parent=14947"}],"wp:term":[{"taxonomy":"product_brand","embeddable":true,"href":"https:\/\/www.fleurop-home.ch\/fr-ch\/wp-json\/wp\/v2\/product_brand?post=14947"},{"taxonomy":"product_cat","embeddable":true,"href":"https:\/\/www.fleurop-home.ch\/fr-ch\/wp-json\/wp\/v2\/product_cat?post=14947"},{"taxonomy":"product_tag","embeddable":true,"href":"https:\/\/www.fleurop-home.ch\/fr-ch\/wp-json\/wp\/v2\/product_tag?post=14947"},{"taxonomy":"woo-feed-brand","embeddable":true,"href":"https:\/\/www.fleurop-home.ch\/fr-ch\/wp-json\/wp\/v2\/woo-feed-brand?post=14947"}],"curies":[{"name":"wp","href":"https:\/\/api.w.org\/{rel}","templated":true}]}}