{"id":14937,"date":"2023-12-18T07:48:50","date_gmt":"2023-12-18T07:48:50","guid":{"rendered":"https:\/\/www.fleurop-home.ch\/?product=seedballs-6er-multipack"},"modified":"2025-05-12T14:33:33","modified_gmt":"2025-05-12T12:33:33","slug":"boule-damorcage-multipack-de-6","status":"publish","type":"product","link":"https:\/\/www.fleurop-home.ch\/fr-ch\/p\/seedballs-6er-multipack","title":{"rendered":"Multipack de 6 Seedballs"},"content":{"rendered":"<p style=\"text-align: left\">Les six diff\u00e9rentes Seedballs dans des paquets de 5 : Fleurs sauvages, herbes, tournesols, abeilles, fleurs de laitue et coquelicots.<\/p>\n<p style=\"text-align: left\">Dans de beaux sacs en coton imprim\u00e9s en s\u00e9rigraphie. Les seedballs sont roul\u00e9s \u00e0 la main.<\/p>","protected":false},"excerpt":{"rendered":"<p>Les six diff\u00e9rents seedballs en paquets de 5<\/p>","protected":false},"featured_media":14938,"template":"","meta":[],"product_brand":[],"product_cat":[1002,1089,999,1088,34,110,41],"product_tag":[329],"woo-feed-brand":[],"class_list":{"0":"post-14937","1":"product","2":"type-product","3":"status-publish","4":"has-post-thumbnail","6":"product_cat-fuer-ihn","7":"product_cat-hobbygaertner","8":"product_cat-valentinstag","9":"product_cat-vatertag","10":"product_cat-garten-balkon","11":"product_cat-samen","12":"product_cat-outdoorpflanzen","13":"product_tag-gorilla-gardening","15":"first","16":"instock","17":"taxable","18":"shipping-taxable","19":"purchasable","20":"product-type-simple"},"_links":{"self":[{"href":"https:\/\/www.fleurop-home.ch\/fr-ch\/wp-json\/wp\/v2\/product\/14937","targetHints":{"allow":["GET"]}}],"collection":[{"href":"https:\/\/www.fleurop-home.ch\/fr-ch\/wp-json\/wp\/v2\/product"}],"about":[{"href":"https:\/\/www.fleurop-home.ch\/fr-ch\/wp-json\/wp\/v2\/types\/product"}],"wp:featuredmedia":[{"embeddable":true,"href":"https:\/\/www.fleurop-home.ch\/fr-ch\/wp-json\/wp\/v2\/media\/14938"}],"wp:attachment":[{"href":"https:\/\/www.fleurop-home.ch\/fr-ch\/wp-json\/wp\/v2\/media?parent=14937"}],"wp:term":[{"taxonomy":"product_brand","embeddable":true,"href":"https:\/\/www.fleurop-home.ch\/fr-ch\/wp-json\/wp\/v2\/product_brand?post=14937"},{"taxonomy":"product_cat","embeddable":true,"href":"https:\/\/www.fleurop-home.ch\/fr-ch\/wp-json\/wp\/v2\/product_cat?post=14937"},{"taxonomy":"product_tag","embeddable":true,"href":"https:\/\/www.fleurop-home.ch\/fr-ch\/wp-json\/wp\/v2\/product_tag?post=14937"},{"taxonomy":"woo-feed-brand","embeddable":true,"href":"https:\/\/www.fleurop-home.ch\/fr-ch\/wp-json\/wp\/v2\/woo-feed-brand?post=14937"}],"curies":[{"name":"wp","href":"https:\/\/api.w.org\/{rel}","templated":true}]}}