{"id":14934,"date":"2023-12-18T07:45:43","date_gmt":"2023-12-18T07:45:43","guid":{"rendered":"https:\/\/www.fleurop-home.ch\/?product=seedballs-4er-multipack"},"modified":"2025-11-04T15:08:21","modified_gmt":"2025-11-04T14:08:21","slug":"seedballs-multipack-de-4","status":"publish","type":"product","link":"https:\/\/www.fleurop-home.ch\/fr-ch\/p\/seedballs-4er-multipack","title":{"rendered":"Seedballs, multipack de 4"},"content":{"rendered":"<p style=\"text-align: left;\">Nos quatre diff\u00e9rentes vari\u00e9t\u00e9s de Seedball en paquets de 5 : Fleurs sauvages, herbes, tournesols et coquelicots.<\/p>\n<p style=\"text-align: left;\">Dans de beaux sacs en coton imprim\u00e9s en s\u00e9rigraphie. Les seedballs sont roul\u00e9s \u00e0 la main.<\/p>","protected":false},"excerpt":{"rendered":"<p>Nos quatre diff\u00e9rentes vari\u00e9t\u00e9s de Seedball en paquets de 5<\/p>","protected":false},"featured_media":14935,"template":"","meta":[],"product_brand":[],"product_cat":[1002,910,1208,999,909,915,34,110,41],"product_tag":[329],"woo-feed-brand":[],"class_list":{"0":"post-14934","1":"product","2":"type-product","3":"status-publish","4":"has-post-thumbnail","6":"product_cat-fuer-ihn","7":"product_cat-geschenkideen","8":"product_cat-ueber-25-chf","9":"product_cat-valentinstag","10":"product_cat-weihnachten","11":"product_cat-wichteln","12":"product_cat-garten-balkon","13":"product_cat-samen","14":"product_cat-outdoorpflanzen","15":"product_tag-gorilla-gardening","17":"first","18":"instock","19":"taxable","20":"shipping-taxable","21":"purchasable","22":"product-type-simple"},"_links":{"self":[{"href":"https:\/\/www.fleurop-home.ch\/fr-ch\/wp-json\/wp\/v2\/product\/14934","targetHints":{"allow":["GET"]}}],"collection":[{"href":"https:\/\/www.fleurop-home.ch\/fr-ch\/wp-json\/wp\/v2\/product"}],"about":[{"href":"https:\/\/www.fleurop-home.ch\/fr-ch\/wp-json\/wp\/v2\/types\/product"}],"wp:featuredmedia":[{"embeddable":true,"href":"https:\/\/www.fleurop-home.ch\/fr-ch\/wp-json\/wp\/v2\/media\/14935"}],"wp:attachment":[{"href":"https:\/\/www.fleurop-home.ch\/fr-ch\/wp-json\/wp\/v2\/media?parent=14934"}],"wp:term":[{"taxonomy":"product_brand","embeddable":true,"href":"https:\/\/www.fleurop-home.ch\/fr-ch\/wp-json\/wp\/v2\/product_brand?post=14934"},{"taxonomy":"product_cat","embeddable":true,"href":"https:\/\/www.fleurop-home.ch\/fr-ch\/wp-json\/wp\/v2\/product_cat?post=14934"},{"taxonomy":"product_tag","embeddable":true,"href":"https:\/\/www.fleurop-home.ch\/fr-ch\/wp-json\/wp\/v2\/product_tag?post=14934"},{"taxonomy":"woo-feed-brand","embeddable":true,"href":"https:\/\/www.fleurop-home.ch\/fr-ch\/wp-json\/wp\/v2\/woo-feed-brand?post=14934"}],"curies":[{"name":"wp","href":"https:\/\/api.w.org\/{rel}","templated":true}]}}