{"id":14930,"date":"2023-12-18T07:38:48","date_gmt":"2023-12-18T07:38:48","guid":{"rendered":"https:\/\/www.fleurop-home.ch\/?product=seedballs-sonnenblumen"},"modified":"2026-04-22T11:02:22","modified_gmt":"2026-04-22T09:02:22","slug":"seedballs-tournesol","status":"publish","type":"product","link":"https:\/\/www.fleurop-home.ch\/fr-ch\/p\/seedballs-sonnenblumen","title":{"rendered":"Seedballs tournesols"},"content":{"rendered":"<p style=\"text-align: left\">Paquet de 5 graines de tournesol Seedballs.<\/p>\n<p style=\"text-align: left\">M\u00e9lange : Diff\u00e9rentes vari\u00e9t\u00e9s de tournesols.<\/p>","protected":false},"excerpt":{"rendered":"<p>Bo\u00eete de 5 graines de tournesol Seedballs<\/p>","protected":false},"featured_media":14931,"template":"","meta":[],"product_brand":[],"product_cat":[1263,1266,34,110,41],"product_tag":[329],"woo-feed-brand":[],"class_list":{"0":"post-14930","1":"product","2":"type-product","3":"status-publish","4":"has-post-thumbnail","6":"product_cat-fleuropkids","7":"product_cat-garten-outdoor","8":"product_cat-garten-balkon","9":"product_cat-samen","10":"product_cat-outdoorpflanzen","11":"product_tag-gorilla-gardening","13":"first","14":"instock","15":"taxable","16":"shipping-taxable","17":"purchasable","18":"product-type-simple"},"_links":{"self":[{"href":"https:\/\/www.fleurop-home.ch\/fr-ch\/wp-json\/wp\/v2\/product\/14930","targetHints":{"allow":["GET"]}}],"collection":[{"href":"https:\/\/www.fleurop-home.ch\/fr-ch\/wp-json\/wp\/v2\/product"}],"about":[{"href":"https:\/\/www.fleurop-home.ch\/fr-ch\/wp-json\/wp\/v2\/types\/product"}],"wp:featuredmedia":[{"embeddable":true,"href":"https:\/\/www.fleurop-home.ch\/fr-ch\/wp-json\/wp\/v2\/media\/14931"}],"wp:attachment":[{"href":"https:\/\/www.fleurop-home.ch\/fr-ch\/wp-json\/wp\/v2\/media?parent=14930"}],"wp:term":[{"taxonomy":"product_brand","embeddable":true,"href":"https:\/\/www.fleurop-home.ch\/fr-ch\/wp-json\/wp\/v2\/product_brand?post=14930"},{"taxonomy":"product_cat","embeddable":true,"href":"https:\/\/www.fleurop-home.ch\/fr-ch\/wp-json\/wp\/v2\/product_cat?post=14930"},{"taxonomy":"product_tag","embeddable":true,"href":"https:\/\/www.fleurop-home.ch\/fr-ch\/wp-json\/wp\/v2\/product_tag?post=14930"},{"taxonomy":"woo-feed-brand","embeddable":true,"href":"https:\/\/www.fleurop-home.ch\/fr-ch\/wp-json\/wp\/v2\/woo-feed-brand?post=14930"}],"curies":[{"name":"wp","href":"https:\/\/api.w.org\/{rel}","templated":true}]}}