{"id":14920,"date":"2023-12-18T07:27:40","date_gmt":"2023-12-18T07:27:40","guid":{"rendered":"https:\/\/www.fleurop-home.ch\/?product=seedballs-wildblumen-1709048092"},"modified":"2025-04-01T05:11:12","modified_gmt":"2025-04-01T03:11:12","slug":"seedballs-fleurs-sauvages-1709048092","status":"publish","type":"product","link":"https:\/\/www.fleurop-home.ch\/fr-ch\/p\/seedballs-wildblumen-1709048092","title":{"rendered":"Seedballs fleurs sauvages"},"content":{"rendered":"<p style=\"text-align: left\">Paquet de 5 fleurs sauvages de diff\u00e9rentes sortes dans un sac en coton.<\/p>\n<p style=\"text-align: left\">Les seedballs sont roul\u00e9s \u00e0 la main, les sacs en coton sont s\u00e9rigraphi\u00e9s.<\/p>\n<p style=\"text-align: left\">M\u00e9lange : cornouiller, calendula, bleuet, camomille des teinturiers, lotier cornicul\u00e9, phac\u00e9lie, vip\u00e9rine, hell\u00e9bore, etc.<\/p>","protected":false},"excerpt":{"rendered":"<p>Paquet de 5 fleurs sauvages de diff\u00e9rentes sortes dans un sac en coton.<\/p>","protected":false},"featured_media":36755,"template":"","meta":[],"product_brand":[],"product_cat":[34,110,41],"product_tag":[329],"woo-feed-brand":[],"class_list":{"0":"post-14920","1":"product","2":"type-product","3":"status-publish","4":"has-post-thumbnail","6":"product_cat-garten-balkon","7":"product_cat-samen","8":"product_cat-outdoorpflanzen","9":"product_tag-gorilla-gardening","11":"first","12":"instock","13":"taxable","14":"shipping-taxable","15":"purchasable","16":"product-type-simple"},"_links":{"self":[{"href":"https:\/\/www.fleurop-home.ch\/fr-ch\/wp-json\/wp\/v2\/product\/14920","targetHints":{"allow":["GET"]}}],"collection":[{"href":"https:\/\/www.fleurop-home.ch\/fr-ch\/wp-json\/wp\/v2\/product"}],"about":[{"href":"https:\/\/www.fleurop-home.ch\/fr-ch\/wp-json\/wp\/v2\/types\/product"}],"wp:featuredmedia":[{"embeddable":true,"href":"https:\/\/www.fleurop-home.ch\/fr-ch\/wp-json\/wp\/v2\/media\/36755"}],"wp:attachment":[{"href":"https:\/\/www.fleurop-home.ch\/fr-ch\/wp-json\/wp\/v2\/media?parent=14920"}],"wp:term":[{"taxonomy":"product_brand","embeddable":true,"href":"https:\/\/www.fleurop-home.ch\/fr-ch\/wp-json\/wp\/v2\/product_brand?post=14920"},{"taxonomy":"product_cat","embeddable":true,"href":"https:\/\/www.fleurop-home.ch\/fr-ch\/wp-json\/wp\/v2\/product_cat?post=14920"},{"taxonomy":"product_tag","embeddable":true,"href":"https:\/\/www.fleurop-home.ch\/fr-ch\/wp-json\/wp\/v2\/product_tag?post=14920"},{"taxonomy":"woo-feed-brand","embeddable":true,"href":"https:\/\/www.fleurop-home.ch\/fr-ch\/wp-json\/wp\/v2\/woo-feed-brand?post=14920"}],"curies":[{"name":"wp","href":"https:\/\/api.w.org\/{rel}","templated":true}]}}