{"id":14916,"date":"2023-12-05T18:26:50","date_gmt":"2023-12-05T18:26:50","guid":{"rendered":"https:\/\/www.fleurop-home.ch\/?product=fatball-hanger"},"modified":"2026-04-07T11:10:30","modified_gmt":"2026-04-07T09:10:30","slug":"accrocheur-de-balles-de-golf","status":"publish","type":"product","link":"https:\/\/www.fleurop-home.ch\/fr-ch\/p\/fatball-hanger","title":{"rendered":"Accroche-balle"},"content":{"rendered":"<p style=\"text-align: left\">Les boules de suif, les pommes et les noix de coco sont tr\u00e8s appr\u00e9ci\u00e9es par les petits oiseaux. Avec cette suspension de boules de suif en forme de satellite, tu peux suspendre n'importe quelle nourriture et donner aux oiseaux ce petit plus. L'astucieux anneau en caoutchouc permet d'accueillir plusieurs oiseaux en m\u00eame temps. Un cadeau g\u00e9nial pour tous ceux qui aiment les oiseaux !<\/p>\n<p>Pour les oiseaux, il est pr\u00e9f\u00e9rable d'enlever le filet autour de la boule de suif. Il te suffit alors d'ins\u00e9rer un clou et un trombone et cela fonctionne parfaitement sans risque que les oiseaux restent coinc\u00e9s.<\/p>\n<p>Taille : 12,5 x 12 cm<br \/>\nMat\u00e9riaux : acier inoxydable et caoutchouc.<br \/>\nConseils d'entretien : Laver \u00e0 la main avec de la lessive.<br \/>\nDesign : Edmire<\/p>\n<p>Les designs de All Born in Sweden sont cr\u00e9\u00e9s exclusivement pour nous en collaboration avec des designers talentueux et renomm\u00e9s. Nous utilisons de petites usines avec lesquelles nous avons une longue relation, et des mat\u00e9riaux propres qui sont soit recycl\u00e9s, soit facilement recyclables.<\/p>","protected":false},"excerpt":{"rendered":"<p>Les boules de suif, les pommes et les noix de coco sont tr\u00e8s appr\u00e9ci\u00e9es par les petits oiseaux. Avec cette suspension de boules de suif en forme de satellite, tu peux suspendre n'importe quelle nourriture et donner aux oiseaux ce petit plus.<\/p>","protected":false},"featured_media":14917,"template":"","meta":[],"product_brand":[],"product_cat":[39,34,1113],"product_tag":[312],"woo-feed-brand":[],"class_list":{"0":"post-14916","1":"product","2":"type-product","3":"status-publish","4":"has-post-thumbnail","6":"product_cat-gartenzubehoer","7":"product_cat-garten-balkon","8":"product_cat-gartenbewohner","9":"product_tag-zimmermann-flaach-ag-blumen-gartenbau","11":"first","12":"instock","13":"taxable","14":"shipping-taxable","15":"purchasable","16":"product-type-simple"},"_links":{"self":[{"href":"https:\/\/www.fleurop-home.ch\/fr-ch\/wp-json\/wp\/v2\/product\/14916","targetHints":{"allow":["GET"]}}],"collection":[{"href":"https:\/\/www.fleurop-home.ch\/fr-ch\/wp-json\/wp\/v2\/product"}],"about":[{"href":"https:\/\/www.fleurop-home.ch\/fr-ch\/wp-json\/wp\/v2\/types\/product"}],"wp:featuredmedia":[{"embeddable":true,"href":"https:\/\/www.fleurop-home.ch\/fr-ch\/wp-json\/wp\/v2\/media\/14917"}],"wp:attachment":[{"href":"https:\/\/www.fleurop-home.ch\/fr-ch\/wp-json\/wp\/v2\/media?parent=14916"}],"wp:term":[{"taxonomy":"product_brand","embeddable":true,"href":"https:\/\/www.fleurop-home.ch\/fr-ch\/wp-json\/wp\/v2\/product_brand?post=14916"},{"taxonomy":"product_cat","embeddable":true,"href":"https:\/\/www.fleurop-home.ch\/fr-ch\/wp-json\/wp\/v2\/product_cat?post=14916"},{"taxonomy":"product_tag","embeddable":true,"href":"https:\/\/www.fleurop-home.ch\/fr-ch\/wp-json\/wp\/v2\/product_tag?post=14916"},{"taxonomy":"woo-feed-brand","embeddable":true,"href":"https:\/\/www.fleurop-home.ch\/fr-ch\/wp-json\/wp\/v2\/woo-feed-brand?post=14916"}],"curies":[{"name":"wp","href":"https:\/\/api.w.org\/{rel}","templated":true}]}}